{"id":365,"date":"2022-02-04T17:30:54","date_gmt":"2022-02-04T17:30:54","guid":{"rendered":"https:\/\/end-hiv.local\/tratamiento\/"},"modified":"2025-03-07T19:50:34","modified_gmt":"2025-03-07T19:50:34","slug":"tratamiento","status":"publish","type":"page","link":"https:\/\/endhivdallascounty.org\/es\/tratamiento\/","title":{"rendered":"Obt\u00e9n Tratamiento"},"content":{"rendered":"<div class=\"tw:bg-black\">\n  <div class=\"tw:@container tw:relative tw:max-w-[2370px] tw:mx-auto\">\n    <img decoding=\"async\" width=\"2000\" height=\"580\" data-src=\"https:\/\/endhivdallascounty.org\/wp-content\/uploads\/2025\/02\/treatment.jpg\" class=\"tw:hidden tw:xl:block tw:pointer-events-none tw:select-none tw:w-full tw:aspect-40\/11 tw:object-cover tw:object-center lazyload\" alt=\"\" data-srcset=\"https:\/\/endhivdallascounty.org\/wp-content\/uploads\/2025\/02\/treatment.jpg 2000w, https:\/\/endhivdallascounty.org\/wp-content\/uploads\/2025\/02\/treatment-300x87.jpg 300w, https:\/\/endhivdallascounty.org\/wp-content\/uploads\/2025\/02\/treatment-1024x297.jpg 1024w, https:\/\/endhivdallascounty.org\/wp-content\/uploads\/2025\/02\/treatment-768x223.jpg 768w, https:\/\/endhivdallascounty.org\/wp-content\/uploads\/2025\/02\/treatment-1536x445.jpg 1536w, https:\/\/endhivdallascounty.org\/wp-content\/uploads\/2025\/02\/treatment-500x145.jpg 500w\" data-sizes=\"(max-width: 2000px) 100vw, 2000px\" src=\"data:image\/svg+xml;base64,PHN2ZyB3aWR0aD0iMSIgaGVpZ2h0PSIxIiB4bWxucz0iaHR0cDovL3d3dy53My5vcmcvMjAwMC9zdmciPjwvc3ZnPg==\" style=\"--smush-placeholder-width: 2000px; --smush-placeholder-aspect-ratio: 2000\/580;\" \/><img decoding=\"async\" width=\"2000\" height=\"580\" data-src=\"https:\/\/endhivdallascounty.org\/wp-content\/uploads\/2025\/02\/treatment.jpg\" class=\"tw:xl:!hidden tw:pointer-events-none tw:select-none tw:w-full tw:aspect-384\/193 tw:object-cover tw:object-center lazyload\" alt=\"\" data-srcset=\"https:\/\/endhivdallascounty.org\/wp-content\/uploads\/2025\/02\/treatment.jpg 2000w, https:\/\/endhivdallascounty.org\/wp-content\/uploads\/2025\/02\/treatment-300x87.jpg 300w, https:\/\/endhivdallascounty.org\/wp-content\/uploads\/2025\/02\/treatment-1024x297.jpg 1024w, https:\/\/endhivdallascounty.org\/wp-content\/uploads\/2025\/02\/treatment-768x223.jpg 768w, https:\/\/endhivdallascounty.org\/wp-content\/uploads\/2025\/02\/treatment-1536x445.jpg 1536w, https:\/\/endhivdallascounty.org\/wp-content\/uploads\/2025\/02\/treatment-500x145.jpg 500w\" data-sizes=\"(max-width: 2000px) 100vw, 2000px\" src=\"data:image\/svg+xml;base64,PHN2ZyB3aWR0aD0iMSIgaGVpZ2h0PSIxIiB4bWxucz0iaHR0cDovL3d3dy53My5vcmcvMjAwMC9zdmciPjwvc3ZnPg==\" style=\"--smush-placeholder-width: 2000px; --smush-placeholder-aspect-ratio: 2000\/580;\" \/>\n                <h1\n        class=\"tw:!text-[9.4cqw] tw:xl:!text-[min(6.3cqw,150px)] tw:font-bangers tw:absolute tw:top-1\/2 tw:-translate-y-1\/2 tw:left-[5%] tw:xl:left-[15%] tw:!text-white tw:!leading-[.85]\">\n        TRATAMIENTO      <\/h1>\n      <\/div>\n<\/div>\n\n\n  \n  <div class=\"body-block treat \" style=\"background-color: #ffd630;\">\n    <div class=\"container\">\n              \n\n  <div class=\"text-block\">\n          <div class=\"header\">\n                              <h1 class=\"title\">Un resultado positivo puede provocar una variedad de emociones.<\/h1>\n                        <\/div>\n    \n    <div class=\"content\">\n              <p>La buena noticia es que hay opciones para mantenerte saludable. Si no te has tomado un momento para respirar, hazlo. Todo estar\u00e1 bien. Hablemos de lo que suceder\u00e1 despu\u00e9s.<\/p>\n      \n      \n      \n    <\/div>\n  <\/div>\n\n\n\n\n  <div class=\"content\">\n    <div class=\"accordion-block\">\n      \n      <div class=\"content\">\n        <div class=\"accordion-container\">\n                                    <div class=\"accordion show \">\n                <div class=\"head-section\">\n                  <div class=\"title-block\">\n                    <div class=\"title-container\">\n                                                                        <div class=\"title\">\u00bfExpuesto Recientemente? <\/div>\n                                                                  <\/div>\n                  <\/div>\n                  <div class=\"plus\">\n                    <i class=\"fa fa-plus\" aria-hidden=\"true\"><\/i>\n                  <\/div>\n                  <div class=\"minus\">\n                    <i class=\"fa fa-minus\" aria-hidden=\"true\"><\/i>\n                  <\/div>\n                <\/div>\n                <div class=\"body-section\">\n                  <div class=\"text-block\">\n                    <p>A veces el sexo sin protecci\u00f3n sucede. Para emergencias como estas hay tratamientos especiales. Si piensas que has sido expuesto a una ITS o al VIH, el primer y m\u00e1s importante paso es <strong><u>hacerte la prueba lo m\u00e1s pronto posible<\/u><\/strong> y habla con un proveedor de cuidados m\u00e9dicos. Si lo haces dentro de las primeras 72 horas de haberte expuesto, tu proveedor de cuidados m\u00e9dicos puede recetarte <strong>PEP<\/strong> (profilaxis para despu\u00e9s de la exposici\u00f3n al VIH) o <strong>Doxy-PEP<\/strong> (doxycycline profilaxis para despu\u00e9s de la exposici\u00f3n, un nuevo m\u00e9todo de prevenci\u00f3n que puede prevenir infecciones de s\u00edfilis, gonorrea, y clamidia). Estos tratamientos para despu\u00e9s de haberse expuesto son altamente efectivos y previenen la infecci\u00f3n si se toman dentro de las 72 horas de haberse expuesto<\/p>\n                  <\/div>\n                <\/div>\n              <\/div>\n                          <div class=\"accordion show collapse\">\n                <div class=\"head-section\">\n                  <div class=\"title-block\">\n                    <div class=\"title-container\">\n                                                                        <div class=\"title\">Nuevo diagn\u00f3stico ITS <\/div>\n                                                                  <\/div>\n                  <\/div>\n                  <div class=\"plus\">\n                    <i class=\"fa fa-plus\" aria-hidden=\"true\"><\/i>\n                  <\/div>\n                  <div class=\"minus\">\n                    <i class=\"fa fa-minus\" aria-hidden=\"true\"><\/i>\n                  <\/div>\n                <\/div>\n                <div class=\"body-section\">\n                  <div class=\"text-block\">\n                    <p><strong>Si tienes un resultado positivo en una prueba de ITS, tu proveedor de cuidados de salud te puede recetar un tratamiento que suele ser un curso de antibi\u00f3ticos de 5 a 10 d\u00edas.<\/strong> Es importante tomar todos los medicamentes como han sido recetados a\u00fan si comienzas a sentirte mejor y tus s\u00edntomas desaparecen.<\/p>\n<p><strong>Es importante compartir tu estatus de ITS con tus parejas sexuales recientes.<\/strong> Deben de hacerse la prueba lo m\u00e1s pronto posible y tambi\u00e9n necesitar\u00e1n tratamiento.<\/p>\n<p><strong>Tambi\u00e9n es importante tener un buen sistema de apoyo.<\/strong> Esto suele significar hablar con familiares y amigos a quien les importas. \u00bfNo est\u00e1s seguro de c\u00f3mo comenzar la conversaci\u00f3n? Tenemos maneras de que puedas compartir tu estatus y tus sentimientos: Habla.<\/p>\n<p>&nbsp;<\/p>\n                  <\/div>\n                <\/div>\n              <\/div>\n                          <div class=\"accordion show collapse\">\n                <div class=\"head-section\">\n                  <div class=\"title-block\">\n                    <div class=\"title-container\">\n                                                                        <div class=\"title\">Nuevo diagn\u00f3stico de VIH<\/div>\n                                                                  <\/div>\n                  <\/div>\n                  <div class=\"plus\">\n                    <i class=\"fa fa-plus\" aria-hidden=\"true\"><\/i>\n                  <\/div>\n                  <div class=\"minus\">\n                    <i class=\"fa fa-minus\" aria-hidden=\"true\"><\/i>\n                  <\/div>\n                <\/div>\n                <div class=\"body-section\">\n                  <div class=\"text-block\">\n                    <p>Si has tenido un resultado positivo en la prueba, un proveedor de cuidados m\u00e9dicos t\u00edpicamente la volver\u00e1 a realizar. Aunque es raro (4 de cada 1,000 pruebas) puede haber resultados positivos falsos.<\/p>\n<p><strong>No hay una cura para el VIH.<\/strong> Pero el VIH puede ser tratado para que vivas una vida sana. Tu proveedor de cuidados de salud estudiar\u00e1 la intensidad y el estado del virus en tu cuerpo antes de recetar y recomendar una terapia antirretroviral. Esta terapia es la que siguen todos los que tienen VIH. Mantiene el VIH bajo control, casi siempre dentro de seis meses. Este tratamiento diario consiste en una combinaci\u00f3n de medicamentos de VIH. La terapia es altamente efectiva en suprimir la cantidad de VIH en tu cuerpo (carga viral). Es m\u00e1s, el tratamiento reduce tu carga viral a un nivel tan bajo que no se puede detectar. Cuando el VIH se vuelve indetectable, se vuelve intransmisible (I=I)\u2014lo que significa que no se lo puedes transmitir a otra persona. El asegurarte de que mantienes tu r\u00e9gimen diario y que est\u00e1s en contacto con tu proveedor de cuidados m\u00e9dicos son las mejores maneras de mantener una vida sana.<\/p>\n<p><strong>Es importante que compartas tu estatus de VIH con tu pareja sexual.<\/strong> A menos que te hayas hecho la prueba y que el virus sea indetectable, t\u00fa o tu pareja deben usar un cond\u00f3n para prevenir la transmisi\u00f3n del VIH. Si esta conversaci\u00f3n suena inc\u00f3moda, no est\u00e1s solo. Aprende m\u00e1s acerca de c\u00f3mo puedes tener esta conversaci\u00f3n visitando nuestra p\u00e1gina de Habla.<\/p>\n<p><strong>Tambi\u00e9n es importante tener un buen sistema de apoyo.<\/strong> Esto suele significar hablar con familiares y amigos a quien les importas. \u00bfNo est\u00e1s seguro de c\u00f3mo comenzar la conversaci\u00f3n? Aqu\u00ed tienes algunas maneras de compartir tu estatus y tus sentimientos: Habla.<\/p>\n                  <\/div>\n                <\/div>\n              <\/div>\n                              <\/div>\n      <\/div>\n    <\/div>\n  <\/div>\n\n\n\n          <\/div>\n  <\/div>\n\n","protected":false},"excerpt":{"rendered":"","protected":false},"author":1,"featured_media":0,"parent":0,"menu_order":0,"comment_status":"closed","ping_status":"closed","template":"templates\/treat.php","meta":{"_acf_changed":false,"content-type":"","footnotes":""},"class_list":["post-365","page","type-page","status-publish","hentry"],"acf":[],"yoast_head":"<!-- This site is optimized with the Yoast SEO plugin v27.5 - https:\/\/yoast.com\/product\/yoast-seo-wordpress\/ -->\n<title>Obt\u00e9n Tratamiento | End HIV<\/title>\n<meta name=\"description\" content=\"Opciones y recursos de tratamiento del VIH en el condado de Dallas con End VIH. Explore informaci\u00f3n sobre medicamentos, efectos secundarios y c\u00f3mo administrar su plan de tratamiento.\" \/>\n<meta name=\"robots\" content=\"index, follow, max-snippet:-1, max-image-preview:large, max-video-preview:-1\" \/>\n<link rel=\"canonical\" href=\"https:\/\/endhivdallascounty.org\/es\/tratamiento\/\" \/>\n<meta property=\"og:locale\" content=\"es_ES\" \/>\n<meta property=\"og:type\" content=\"article\" \/>\n<meta property=\"og:title\" content=\"Obt\u00e9n Tratamiento | End HIV\" \/>\n<meta property=\"og:description\" content=\"Opciones y recursos de tratamiento del VIH en el condado de Dallas con End VIH. Explore informaci\u00f3n sobre medicamentos, efectos secundarios y c\u00f3mo administrar su plan de tratamiento.\" \/>\n<meta property=\"og:url\" content=\"https:\/\/endhivdallascounty.org\/es\/tratamiento\/\" \/>\n<meta property=\"og:site_name\" content=\"End HIV\" \/>\n<meta property=\"article:modified_time\" content=\"2025-03-07T19:50:34+00:00\" \/>\n<meta name=\"twitter:card\" content=\"summary_large_image\" \/>\n<script type=\"application\/ld+json\" class=\"yoast-schema-graph\">{\"@context\":\"https:\\\/\\\/schema.org\",\"@graph\":[{\"@type\":\"WebPage\",\"@id\":\"https:\\\/\\\/endhivdallascounty.org\\\/es\\\/tratamiento\\\/\",\"url\":\"https:\\\/\\\/endhivdallascounty.org\\\/es\\\/tratamiento\\\/\",\"name\":\"Obt\u00e9n Tratamiento | End HIV\",\"isPartOf\":{\"@id\":\"https:\\\/\\\/endhivdallascounty.org\\\/#website\"},\"datePublished\":\"2022-02-04T17:30:54+00:00\",\"dateModified\":\"2025-03-07T19:50:34+00:00\",\"description\":\"Opciones y recursos de tratamiento del VIH en el condado de Dallas con End VIH. Explore informaci\u00f3n sobre medicamentos, efectos secundarios y c\u00f3mo administrar su plan de tratamiento.\",\"breadcrumb\":{\"@id\":\"https:\\\/\\\/endhivdallascounty.org\\\/es\\\/tratamiento\\\/#breadcrumb\"},\"inLanguage\":\"es\",\"potentialAction\":[{\"@type\":\"ReadAction\",\"target\":[\"https:\\\/\\\/endhivdallascounty.org\\\/es\\\/tratamiento\\\/\"]}]},{\"@type\":\"BreadcrumbList\",\"@id\":\"https:\\\/\\\/endhivdallascounty.org\\\/es\\\/tratamiento\\\/#breadcrumb\",\"itemListElement\":[{\"@type\":\"ListItem\",\"position\":1,\"name\":\"Home\",\"item\":\"https:\\\/\\\/endhivdallascounty.org\\\/es\\\/\"},{\"@type\":\"ListItem\",\"position\":2,\"name\":\"Obt\u00e9n Tratamiento\"}]},{\"@type\":\"WebSite\",\"@id\":\"https:\\\/\\\/endhivdallascounty.org\\\/#website\",\"url\":\"https:\\\/\\\/endhivdallascounty.org\\\/\",\"name\":\"End HIV\",\"description\":\"Just another WordPress site\",\"publisher\":{\"@id\":\"https:\\\/\\\/endhivdallascounty.org\\\/#organization\"},\"potentialAction\":[{\"@type\":\"SearchAction\",\"target\":{\"@type\":\"EntryPoint\",\"urlTemplate\":\"https:\\\/\\\/endhivdallascounty.org\\\/?s={search_term_string}\"},\"query-input\":{\"@type\":\"PropertyValueSpecification\",\"valueRequired\":true,\"valueName\":\"search_term_string\"}}],\"inLanguage\":\"es\"},{\"@type\":\"Organization\",\"@id\":\"https:\\\/\\\/endhivdallascounty.org\\\/#organization\",\"name\":\"End HIV Dallas County\",\"url\":\"https:\\\/\\\/endhivdallascounty.org\\\/\",\"logo\":{\"@type\":\"ImageObject\",\"inLanguage\":\"es\",\"@id\":\"https:\\\/\\\/endhivdallascounty.org\\\/#\\\/schema\\\/logo\\\/image\\\/\",\"url\":\"https:\\\/\\\/endhivdallascounty.org\\\/wp-content\\\/uploads\\\/2022\\\/01\\\/endhiv-logo.png\",\"contentUrl\":\"https:\\\/\\\/endhivdallascounty.org\\\/wp-content\\\/uploads\\\/2022\\\/01\\\/endhiv-logo.png\",\"width\":345,\"height\":103,\"caption\":\"End HIV Dallas County\"},\"image\":{\"@id\":\"https:\\\/\\\/endhivdallascounty.org\\\/#\\\/schema\\\/logo\\\/image\\\/\"}}]}<\/script>\n<!-- \/ Yoast SEO plugin. -->","yoast_head_json":{"title":"Obt\u00e9n Tratamiento | End HIV","description":"Opciones y recursos de tratamiento del VIH en el condado de Dallas con End VIH. Explore informaci\u00f3n sobre medicamentos, efectos secundarios y c\u00f3mo administrar su plan de tratamiento.","robots":{"index":"index","follow":"follow","max-snippet":"max-snippet:-1","max-image-preview":"max-image-preview:large","max-video-preview":"max-video-preview:-1"},"canonical":"https:\/\/endhivdallascounty.org\/es\/tratamiento\/","og_locale":"es_ES","og_type":"article","og_title":"Obt\u00e9n Tratamiento | End HIV","og_description":"Opciones y recursos de tratamiento del VIH en el condado de Dallas con End VIH. Explore informaci\u00f3n sobre medicamentos, efectos secundarios y c\u00f3mo administrar su plan de tratamiento.","og_url":"https:\/\/endhivdallascounty.org\/es\/tratamiento\/","og_site_name":"End HIV","article_modified_time":"2025-03-07T19:50:34+00:00","twitter_card":"summary_large_image","schema":{"@context":"https:\/\/schema.org","@graph":[{"@type":"WebPage","@id":"https:\/\/endhivdallascounty.org\/es\/tratamiento\/","url":"https:\/\/endhivdallascounty.org\/es\/tratamiento\/","name":"Obt\u00e9n Tratamiento | End HIV","isPartOf":{"@id":"https:\/\/endhivdallascounty.org\/#website"},"datePublished":"2022-02-04T17:30:54+00:00","dateModified":"2025-03-07T19:50:34+00:00","description":"Opciones y recursos de tratamiento del VIH en el condado de Dallas con End VIH. Explore informaci\u00f3n sobre medicamentos, efectos secundarios y c\u00f3mo administrar su plan de tratamiento.","breadcrumb":{"@id":"https:\/\/endhivdallascounty.org\/es\/tratamiento\/#breadcrumb"},"inLanguage":"es","potentialAction":[{"@type":"ReadAction","target":["https:\/\/endhivdallascounty.org\/es\/tratamiento\/"]}]},{"@type":"BreadcrumbList","@id":"https:\/\/endhivdallascounty.org\/es\/tratamiento\/#breadcrumb","itemListElement":[{"@type":"ListItem","position":1,"name":"Home","item":"https:\/\/endhivdallascounty.org\/es\/"},{"@type":"ListItem","position":2,"name":"Obt\u00e9n Tratamiento"}]},{"@type":"WebSite","@id":"https:\/\/endhivdallascounty.org\/#website","url":"https:\/\/endhivdallascounty.org\/","name":"End HIV","description":"Just another WordPress site","publisher":{"@id":"https:\/\/endhivdallascounty.org\/#organization"},"potentialAction":[{"@type":"SearchAction","target":{"@type":"EntryPoint","urlTemplate":"https:\/\/endhivdallascounty.org\/?s={search_term_string}"},"query-input":{"@type":"PropertyValueSpecification","valueRequired":true,"valueName":"search_term_string"}}],"inLanguage":"es"},{"@type":"Organization","@id":"https:\/\/endhivdallascounty.org\/#organization","name":"End HIV Dallas County","url":"https:\/\/endhivdallascounty.org\/","logo":{"@type":"ImageObject","inLanguage":"es","@id":"https:\/\/endhivdallascounty.org\/#\/schema\/logo\/image\/","url":"https:\/\/endhivdallascounty.org\/wp-content\/uploads\/2022\/01\/endhiv-logo.png","contentUrl":"https:\/\/endhivdallascounty.org\/wp-content\/uploads\/2022\/01\/endhiv-logo.png","width":345,"height":103,"caption":"End HIV Dallas County"},"image":{"@id":"https:\/\/endhivdallascounty.org\/#\/schema\/logo\/image\/"}}]}},"_links":{"self":[{"href":"https:\/\/endhivdallascounty.org\/es\/wp-json\/wp\/v2\/pages\/365","targetHints":{"allow":["GET"]}}],"collection":[{"href":"https:\/\/endhivdallascounty.org\/es\/wp-json\/wp\/v2\/pages"}],"about":[{"href":"https:\/\/endhivdallascounty.org\/es\/wp-json\/wp\/v2\/types\/page"}],"author":[{"embeddable":true,"href":"https:\/\/endhivdallascounty.org\/es\/wp-json\/wp\/v2\/users\/1"}],"replies":[{"embeddable":true,"href":"https:\/\/endhivdallascounty.org\/es\/wp-json\/wp\/v2\/comments?post=365"}],"version-history":[{"count":11,"href":"https:\/\/endhivdallascounty.org\/es\/wp-json\/wp\/v2\/pages\/365\/revisions"}],"predecessor-version":[{"id":4220,"href":"https:\/\/endhivdallascounty.org\/es\/wp-json\/wp\/v2\/pages\/365\/revisions\/4220"}],"wp:attachment":[{"href":"https:\/\/endhivdallascounty.org\/es\/wp-json\/wp\/v2\/media?parent=365"}],"curies":[{"name":"wp","href":"https:\/\/api.w.org\/{rel}","templated":true}]}}