{"id":358,"date":"2022-02-05T06:28:43","date_gmt":"2022-02-05T06:28:43","guid":{"rendered":"https:\/\/end-hiv.local\/prep\/"},"modified":"2025-03-07T22:46:05","modified_gmt":"2025-03-07T22:46:05","slug":"prep","status":"publish","type":"page","link":"https:\/\/endhivdallascounty.org\/es\/prep\/","title":{"rendered":"Obt\u00e9n PrEP"},"content":{"rendered":"<div class=\"tw:bg-black\">\n  <div class=\"tw:@container tw:relative tw:max-w-[2370px] tw:mx-auto\">\n    <img decoding=\"async\" width=\"2000\" height=\"580\" data-src=\"https:\/\/endhivdallascounty.org\/wp-content\/uploads\/2025\/02\/prep.jpg\" class=\"tw:hidden tw:xl:block tw:pointer-events-none tw:select-none tw:w-full tw:aspect-40\/11 tw:object-cover tw:object-center lazyload\" alt=\"\" data-srcset=\"https:\/\/endhivdallascounty.org\/wp-content\/uploads\/2025\/02\/prep.jpg 2000w, https:\/\/endhivdallascounty.org\/wp-content\/uploads\/2025\/02\/prep-300x87.jpg 300w, https:\/\/endhivdallascounty.org\/wp-content\/uploads\/2025\/02\/prep-1024x297.jpg 1024w, https:\/\/endhivdallascounty.org\/wp-content\/uploads\/2025\/02\/prep-768x223.jpg 768w, https:\/\/endhivdallascounty.org\/wp-content\/uploads\/2025\/02\/prep-1536x445.jpg 1536w, https:\/\/endhivdallascounty.org\/wp-content\/uploads\/2025\/02\/prep-500x145.jpg 500w\" data-sizes=\"(max-width: 2000px) 100vw, 2000px\" src=\"data:image\/svg+xml;base64,PHN2ZyB3aWR0aD0iMSIgaGVpZ2h0PSIxIiB4bWxucz0iaHR0cDovL3d3dy53My5vcmcvMjAwMC9zdmciPjwvc3ZnPg==\" style=\"--smush-placeholder-width: 2000px; --smush-placeholder-aspect-ratio: 2000\/580;\" \/><img decoding=\"async\" width=\"2000\" height=\"580\" data-src=\"https:\/\/endhivdallascounty.org\/wp-content\/uploads\/2025\/02\/prep.jpg\" class=\"tw:xl:!hidden tw:pointer-events-none tw:select-none tw:w-full tw:aspect-384\/193 tw:object-cover tw:object-center lazyload\" alt=\"\" data-srcset=\"https:\/\/endhivdallascounty.org\/wp-content\/uploads\/2025\/02\/prep.jpg 2000w, https:\/\/endhivdallascounty.org\/wp-content\/uploads\/2025\/02\/prep-300x87.jpg 300w, https:\/\/endhivdallascounty.org\/wp-content\/uploads\/2025\/02\/prep-1024x297.jpg 1024w, https:\/\/endhivdallascounty.org\/wp-content\/uploads\/2025\/02\/prep-768x223.jpg 768w, https:\/\/endhivdallascounty.org\/wp-content\/uploads\/2025\/02\/prep-1536x445.jpg 1536w, https:\/\/endhivdallascounty.org\/wp-content\/uploads\/2025\/02\/prep-500x145.jpg 500w\" data-sizes=\"(max-width: 2000px) 100vw, 2000px\" src=\"data:image\/svg+xml;base64,PHN2ZyB3aWR0aD0iMSIgaGVpZ2h0PSIxIiB4bWxucz0iaHR0cDovL3d3dy53My5vcmcvMjAwMC9zdmciPjwvc3ZnPg==\" style=\"--smush-placeholder-width: 2000px; --smush-placeholder-aspect-ratio: 2000\/580;\" \/>\n                <h1\n        class=\"tw:!text-[9.4cqw] tw:xl:!text-[min(6.3cqw,150px)] tw:font-bangers tw:absolute tw:top-1\/2 tw:-translate-y-1\/2 tw:left-[5%] tw:xl:left-[15%] tw:!text-white tw:!leading-[.85]\">\n        Obt\u00e9n PREP      <\/h1>\n      <\/div>\n<\/div>\n\n\n  \n  <div class=\"body-block prep tw:bg-ehe-orange\" >\n    <div class=\"container\">\n              \n\n  <div class=\"text-block\">\n    \n    <div class=\"content\">\n      \n      \n      \n\n  \n  \n      <div class=\"text-block\">\n        <div class=\"content\">\n          <div class=\"row\">\n            <div class=\"col-lg-6\">\n              <div class=\"get-a-prep-section\">\n                <div class=\"image-block\">\n                                                        <img decoding=\"async\" data-src=\"https:\/\/endhivdallascounty.org\/wp-content\/uploads\/2022\/06\/Education-2.jpeg\"\n                      alt=\"\" src=\"data:image\/svg+xml;base64,PHN2ZyB3aWR0aD0iMSIgaGVpZ2h0PSIxIiB4bWxucz0iaHR0cDovL3d3dy53My5vcmcvMjAwMC9zdmciPjwvc3ZnPg==\" class=\"lazyload\" style=\"--smush-placeholder-width: 1000px; --smush-placeholder-aspect-ratio: 1000\/667;\">\n                                  <\/div>\n              <\/div>\n\n            <\/div>\n            <div class=\"col-lg-6\">\n              <div class=\"get-a-prep-section\">\n                <div class=\"schedule-block\">\n\n                  <div class=\"header\">\n                    <div class=\"title tw:!leading-none\">\n                      No dejes que lo que pueda pasar evite que vivas tu vida.                    <\/div>\n                  <\/div>\n\n                                      <p>Las buenas noticias son que hay opciones para mantenerte sano.<\/p>\n                  \n                                      <div>\n                      <a class=\"tw:btn tw:btn-red tw:btn-sm\" href=\"https:\/\/www.findhelp.org\/\" target=\"_blank\">\n                        OBT\u00c9N PREP                      <\/a>\n                    <\/div>\n                                  <\/div>\n              <\/div>\n            <\/div>\n          <\/div>\n        <\/div>\n      <\/div>\n\n      \n\n\n    <\/div>\n  <\/div>\n\n\n\n\n  <div class=\"content\">\n    <div class=\"accordion-block\">\n      \n      <div class=\"content\">\n        <div class=\"accordion-container\">\n                                    <div class=\"accordion show \">\n                <div class=\"head-section\">\n                  <div class=\"title-block\">\n                    <div class=\"title-container\">\n                                                                        <div class=\"title\">PREVIENE EL VIH<\/div>\n                                                                  <\/div>\n                  <\/div>\n                  <div class=\"plus\">\n                    <i class=\"fa fa-plus\" aria-hidden=\"true\"><\/i>\n                  <\/div>\n                  <div class=\"minus\">\n                    <i class=\"fa fa-minus\" aria-hidden=\"true\"><\/i>\n                  <\/div>\n                <\/div>\n                <div class=\"body-section\">\n                  <div class=\"text-block\">\n                    <p>Si est\u00e1s en riesgo de contraer el VIH, puedes prevenirlo comenzando a usar PrEP (profilaxis antes de exposici\u00f3n). Esta pastilla diaria o inyecci\u00f3n bimestral pueden ayudarte a mantenerte libre de VIH y de preocuparte del VIH tambi\u00e9n.<\/p>\n                  <\/div>\n                <\/div>\n              <\/div>\n                          <div class=\"accordion show collapse\">\n                <div class=\"head-section\">\n                  <div class=\"title-block\">\n                    <div class=\"title-container\">\n                                                                        <div class=\"title\">\u00bfQU\u00c9 ES PrEP?<\/div>\n                                                                  <\/div>\n                  <\/div>\n                  <div class=\"plus\">\n                    <i class=\"fa fa-plus\" aria-hidden=\"true\"><\/i>\n                  <\/div>\n                  <div class=\"minus\">\n                    <i class=\"fa fa-minus\" aria-hidden=\"true\"><\/i>\n                  <\/div>\n                <\/div>\n                <div class=\"body-section\">\n                  <div class=\"text-block\">\n                    <p>PrEP (profilaxis para antes de la exposici\u00f3n) es una droga que previene las infecciones de VIH a trav\u00e9s de sexo sin protecci\u00f3n o uso de drogas inyectables. Cuando se toman como fue recetada, PrEP reduce el riesgo de contraer VIH hasta en un 99%. Primero debes tener un resultado negativo en una prueba para comenzar la pastilla diaria o inyecci\u00f3n bimestral.<\/p>\n                  <\/div>\n                <\/div>\n              <\/div>\n                          <div class=\"accordion show collapse\">\n                <div class=\"head-section\">\n                  <div class=\"title-block\">\n                    <div class=\"title-container\">\n                                                                        <div class=\"title\">\u00bfPUEDO DEJAR DE USAR CONDONES SI ESTOY TOMANDO PrEP?<\/div>\n                                                                  <\/div>\n                  <\/div>\n                  <div class=\"plus\">\n                    <i class=\"fa fa-plus\" aria-hidden=\"true\"><\/i>\n                  <\/div>\n                  <div class=\"minus\">\n                    <i class=\"fa fa-minus\" aria-hidden=\"true\"><\/i>\n                  <\/div>\n                <\/div>\n                <div class=\"body-section\">\n                  <div class=\"text-block\">\n                    <p>PrEP solo proporciona protecci\u00f3n contra el VIH no contra otras ITS. Los condones son altamente recomendados como otra capa de protecci\u00f3n contra todas las ITS.<\/p>\n                  <\/div>\n                <\/div>\n              <\/div>\n                          <div class=\"accordion show collapse\">\n                <div class=\"head-section\">\n                  <div class=\"title-block\">\n                    <div class=\"title-container\">\n                                                                        <div class=\"title\">\u00bfPUEDEN LOS ADOLESCENTES TOMAR PrEP? \u00bfPOR QU\u00c9 DEBO DE TOMAR PrEP COMO HA SIDO RECETADO?<\/div>\n                                                                  <\/div>\n                  <\/div>\n                  <div class=\"plus\">\n                    <i class=\"fa fa-plus\" aria-hidden=\"true\"><\/i>\n                  <\/div>\n                  <div class=\"minus\">\n                    <i class=\"fa fa-minus\" aria-hidden=\"true\"><\/i>\n                  <\/div>\n                <\/div>\n                <div class=\"body-section\">\n                  <div class=\"text-block\">\n                    <p>S\u00ed. PrEP ha sido aprobado para uso por adolescentes sin VIH y pesan un m\u00ednimo de 75 libras (35kg) y est\u00e1n en riesgo de contraer VIH a trav\u00e9s de sexo o uso de drogas inyectables. Debes utilizar PrEP como ha sido recetado para que funciones. Si no tomas PrEp como has sido recetado, podr\u00eda no bloquear el virus de manera efectiva.<\/p>\n<p>&nbsp;<\/p>\n                  <\/div>\n                <\/div>\n              <\/div>\n                          <div class=\"accordion show collapse\">\n                <div class=\"head-section\">\n                  <div class=\"title-block\">\n                    <div class=\"title-container\">\n                                                                        <div class=\"title\">\u00bfSI NO ESTOY EN RIESGO CONTINUO DE CONTRAER VIH, PUEDO TOMAR PrEP SOLO CUANDO ESTOY EN RIESGO? <\/div>\n                                                                  <\/div>\n                  <\/div>\n                  <div class=\"plus\">\n                    <i class=\"fa fa-plus\" aria-hidden=\"true\"><\/i>\n                  <\/div>\n                  <div class=\"minus\">\n                    <i class=\"fa fa-minus\" aria-hidden=\"true\"><\/i>\n                  <\/div>\n                <\/div>\n                <div class=\"body-section\">\n                  <div class=\"text-block\">\n                    <p>Tomar PrEP solo cuando est\u00e1s en riesgo de contraer VIH es conocido como PrEP bajo demanda.<\/p>\n<p>&nbsp;<\/p>\n                  <\/div>\n                <\/div>\n              <\/div>\n                          <div class=\"accordion show collapse\">\n                <div class=\"head-section\">\n                  <div class=\"title-block\">\n                    <div class=\"title-container\">\n                                                                        <div class=\"title\">\u00bfCU\u00c1LES SON LOS EFECTORS SECUNDARIOS QUE PUEDO ESPERAR CON PrEP?  <\/div>\n                                                                  <\/div>\n                  <\/div>\n                  <div class=\"plus\">\n                    <i class=\"fa fa-plus\" aria-hidden=\"true\"><\/i>\n                  <\/div>\n                  <div class=\"minus\">\n                    <i class=\"fa fa-minus\" aria-hidden=\"true\"><\/i>\n                  <\/div>\n                <\/div>\n                <div class=\"body-section\">\n                  <div class=\"text-block\">\n                    <p><strong>\u00bfPOR CU\u00c1NTO TIEMPO DEBO TOMAR PrEP ANTES DE QUE SEA ALTAMENTE EFECTIVO? <\/strong>PrEP es seguro pero algunas personas experimentan efectos secundarios como diarrea, nausea, fatiga, dolor de cabeza, y dolor de est\u00f3mago. Estos efectos secundarios suelen desaparecer con el tiempo. PrEP alcanza su m\u00e1ximo nivel de protecci\u00f3n contra el VIH al recibir sexo anal (pasivo) a los aproximadamente siete d\u00edas de uso. Para sexo vaginal o uso de drogas inyectables, PrEP alcanza su m\u00e1xima protecci\u00f3n despu\u00e9s de 21 d\u00edas de uso.<\/p>\n<p>&nbsp;<\/p>\n                  <\/div>\n                <\/div>\n              <\/div>\n                              <\/div>\n      <\/div>\n    <\/div>\n  <\/div>\n\n\n\n          <\/div>\n  <\/div>\n\n","protected":false},"excerpt":{"rendered":"","protected":false},"author":1,"featured_media":0,"parent":0,"menu_order":0,"comment_status":"closed","ping_status":"closed","template":"templates\/prep.php","meta":{"_acf_changed":false,"content-type":"","footnotes":""},"class_list":["post-358","page","type-page","status-publish","hentry"],"acf":[],"yoast_head":"<!-- This site is optimized with the Yoast SEO plugin v27.5 - https:\/\/yoast.com\/product\/yoast-seo-wordpress\/ -->\n<title>Obt\u00e9n PrEP | End HIV<\/title>\n<meta name=\"description\" content=\"\u00bfEn riesgo de contraer VIH? Puede prevenir la infecci\u00f3n iniciando PrEP (profilaxis previa a la exposici\u00f3n). Esta pastilla que se toma una vez al d\u00eda o que se inyecta cada dos meses puede ayudarle a mantenerse libre del VIH.\" \/>\n<meta name=\"robots\" content=\"index, follow, max-snippet:-1, max-image-preview:large, max-video-preview:-1\" \/>\n<link rel=\"canonical\" href=\"https:\/\/endhivdallascounty.org\/es\/prep\/\" \/>\n<meta property=\"og:locale\" content=\"es_ES\" \/>\n<meta property=\"og:type\" content=\"article\" \/>\n<meta property=\"og:title\" content=\"Obt\u00e9n PrEP | End HIV\" \/>\n<meta property=\"og:description\" content=\"\u00bfEn riesgo de contraer VIH? Puede prevenir la infecci\u00f3n iniciando PrEP (profilaxis previa a la exposici\u00f3n). Esta pastilla que se toma una vez al d\u00eda o que se inyecta cada dos meses puede ayudarle a mantenerse libre del VIH.\" \/>\n<meta property=\"og:url\" content=\"https:\/\/endhivdallascounty.org\/es\/prep\/\" \/>\n<meta property=\"og:site_name\" content=\"End HIV\" \/>\n<meta property=\"article:modified_time\" content=\"2025-03-07T22:46:05+00:00\" \/>\n<meta name=\"twitter:card\" content=\"summary_large_image\" \/>\n<script type=\"application\/ld+json\" class=\"yoast-schema-graph\">{\"@context\":\"https:\\\/\\\/schema.org\",\"@graph\":[{\"@type\":\"WebPage\",\"@id\":\"https:\\\/\\\/endhivdallascounty.org\\\/es\\\/prep\\\/\",\"url\":\"https:\\\/\\\/endhivdallascounty.org\\\/es\\\/prep\\\/\",\"name\":\"Obt\u00e9n PrEP | End HIV\",\"isPartOf\":{\"@id\":\"https:\\\/\\\/endhivdallascounty.org\\\/#website\"},\"datePublished\":\"2022-02-05T06:28:43+00:00\",\"dateModified\":\"2025-03-07T22:46:05+00:00\",\"description\":\"\u00bfEn riesgo de contraer VIH? Puede prevenir la infecci\u00f3n iniciando PrEP (profilaxis previa a la exposici\u00f3n). Esta pastilla que se toma una vez al d\u00eda o que se inyecta cada dos meses puede ayudarle a mantenerse libre del VIH.\",\"breadcrumb\":{\"@id\":\"https:\\\/\\\/endhivdallascounty.org\\\/es\\\/prep\\\/#breadcrumb\"},\"inLanguage\":\"es\",\"potentialAction\":[{\"@type\":\"ReadAction\",\"target\":[\"https:\\\/\\\/endhivdallascounty.org\\\/es\\\/prep\\\/\"]}]},{\"@type\":\"BreadcrumbList\",\"@id\":\"https:\\\/\\\/endhivdallascounty.org\\\/es\\\/prep\\\/#breadcrumb\",\"itemListElement\":[{\"@type\":\"ListItem\",\"position\":1,\"name\":\"Home\",\"item\":\"https:\\\/\\\/endhivdallascounty.org\\\/es\\\/\"},{\"@type\":\"ListItem\",\"position\":2,\"name\":\"Obt\u00e9n PrEP\"}]},{\"@type\":\"WebSite\",\"@id\":\"https:\\\/\\\/endhivdallascounty.org\\\/#website\",\"url\":\"https:\\\/\\\/endhivdallascounty.org\\\/\",\"name\":\"End HIV\",\"description\":\"Just another WordPress site\",\"publisher\":{\"@id\":\"https:\\\/\\\/endhivdallascounty.org\\\/#organization\"},\"potentialAction\":[{\"@type\":\"SearchAction\",\"target\":{\"@type\":\"EntryPoint\",\"urlTemplate\":\"https:\\\/\\\/endhivdallascounty.org\\\/?s={search_term_string}\"},\"query-input\":{\"@type\":\"PropertyValueSpecification\",\"valueRequired\":true,\"valueName\":\"search_term_string\"}}],\"inLanguage\":\"es\"},{\"@type\":\"Organization\",\"@id\":\"https:\\\/\\\/endhivdallascounty.org\\\/#organization\",\"name\":\"End HIV Dallas County\",\"url\":\"https:\\\/\\\/endhivdallascounty.org\\\/\",\"logo\":{\"@type\":\"ImageObject\",\"inLanguage\":\"es\",\"@id\":\"https:\\\/\\\/endhivdallascounty.org\\\/#\\\/schema\\\/logo\\\/image\\\/\",\"url\":\"https:\\\/\\\/endhivdallascounty.org\\\/wp-content\\\/uploads\\\/2022\\\/01\\\/endhiv-logo.png\",\"contentUrl\":\"https:\\\/\\\/endhivdallascounty.org\\\/wp-content\\\/uploads\\\/2022\\\/01\\\/endhiv-logo.png\",\"width\":345,\"height\":103,\"caption\":\"End HIV Dallas County\"},\"image\":{\"@id\":\"https:\\\/\\\/endhivdallascounty.org\\\/#\\\/schema\\\/logo\\\/image\\\/\"}}]}<\/script>\n<!-- \/ Yoast SEO plugin. -->","yoast_head_json":{"title":"Obt\u00e9n PrEP | End HIV","description":"\u00bfEn riesgo de contraer VIH? Puede prevenir la infecci\u00f3n iniciando PrEP (profilaxis previa a la exposici\u00f3n). Esta pastilla que se toma una vez al d\u00eda o que se inyecta cada dos meses puede ayudarle a mantenerse libre del VIH.","robots":{"index":"index","follow":"follow","max-snippet":"max-snippet:-1","max-image-preview":"max-image-preview:large","max-video-preview":"max-video-preview:-1"},"canonical":"https:\/\/endhivdallascounty.org\/es\/prep\/","og_locale":"es_ES","og_type":"article","og_title":"Obt\u00e9n PrEP | End HIV","og_description":"\u00bfEn riesgo de contraer VIH? Puede prevenir la infecci\u00f3n iniciando PrEP (profilaxis previa a la exposici\u00f3n). Esta pastilla que se toma una vez al d\u00eda o que se inyecta cada dos meses puede ayudarle a mantenerse libre del VIH.","og_url":"https:\/\/endhivdallascounty.org\/es\/prep\/","og_site_name":"End HIV","article_modified_time":"2025-03-07T22:46:05+00:00","twitter_card":"summary_large_image","schema":{"@context":"https:\/\/schema.org","@graph":[{"@type":"WebPage","@id":"https:\/\/endhivdallascounty.org\/es\/prep\/","url":"https:\/\/endhivdallascounty.org\/es\/prep\/","name":"Obt\u00e9n PrEP | End HIV","isPartOf":{"@id":"https:\/\/endhivdallascounty.org\/#website"},"datePublished":"2022-02-05T06:28:43+00:00","dateModified":"2025-03-07T22:46:05+00:00","description":"\u00bfEn riesgo de contraer VIH? Puede prevenir la infecci\u00f3n iniciando PrEP (profilaxis previa a la exposici\u00f3n). Esta pastilla que se toma una vez al d\u00eda o que se inyecta cada dos meses puede ayudarle a mantenerse libre del VIH.","breadcrumb":{"@id":"https:\/\/endhivdallascounty.org\/es\/prep\/#breadcrumb"},"inLanguage":"es","potentialAction":[{"@type":"ReadAction","target":["https:\/\/endhivdallascounty.org\/es\/prep\/"]}]},{"@type":"BreadcrumbList","@id":"https:\/\/endhivdallascounty.org\/es\/prep\/#breadcrumb","itemListElement":[{"@type":"ListItem","position":1,"name":"Home","item":"https:\/\/endhivdallascounty.org\/es\/"},{"@type":"ListItem","position":2,"name":"Obt\u00e9n PrEP"}]},{"@type":"WebSite","@id":"https:\/\/endhivdallascounty.org\/#website","url":"https:\/\/endhivdallascounty.org\/","name":"End HIV","description":"Just another WordPress site","publisher":{"@id":"https:\/\/endhivdallascounty.org\/#organization"},"potentialAction":[{"@type":"SearchAction","target":{"@type":"EntryPoint","urlTemplate":"https:\/\/endhivdallascounty.org\/?s={search_term_string}"},"query-input":{"@type":"PropertyValueSpecification","valueRequired":true,"valueName":"search_term_string"}}],"inLanguage":"es"},{"@type":"Organization","@id":"https:\/\/endhivdallascounty.org\/#organization","name":"End HIV Dallas County","url":"https:\/\/endhivdallascounty.org\/","logo":{"@type":"ImageObject","inLanguage":"es","@id":"https:\/\/endhivdallascounty.org\/#\/schema\/logo\/image\/","url":"https:\/\/endhivdallascounty.org\/wp-content\/uploads\/2022\/01\/endhiv-logo.png","contentUrl":"https:\/\/endhivdallascounty.org\/wp-content\/uploads\/2022\/01\/endhiv-logo.png","width":345,"height":103,"caption":"End HIV Dallas County"},"image":{"@id":"https:\/\/endhivdallascounty.org\/#\/schema\/logo\/image\/"}}]}},"_links":{"self":[{"href":"https:\/\/endhivdallascounty.org\/es\/wp-json\/wp\/v2\/pages\/358","targetHints":{"allow":["GET"]}}],"collection":[{"href":"https:\/\/endhivdallascounty.org\/es\/wp-json\/wp\/v2\/pages"}],"about":[{"href":"https:\/\/endhivdallascounty.org\/es\/wp-json\/wp\/v2\/types\/page"}],"author":[{"embeddable":true,"href":"https:\/\/endhivdallascounty.org\/es\/wp-json\/wp\/v2\/users\/1"}],"replies":[{"embeddable":true,"href":"https:\/\/endhivdallascounty.org\/es\/wp-json\/wp\/v2\/comments?post=358"}],"version-history":[{"count":15,"href":"https:\/\/endhivdallascounty.org\/es\/wp-json\/wp\/v2\/pages\/358\/revisions"}],"predecessor-version":[{"id":4262,"href":"https:\/\/endhivdallascounty.org\/es\/wp-json\/wp\/v2\/pages\/358\/revisions\/4262"}],"wp:attachment":[{"href":"https:\/\/endhivdallascounty.org\/es\/wp-json\/wp\/v2\/media?parent=358"}],"curies":[{"name":"wp","href":"https:\/\/api.w.org\/{rel}","templated":true}]}}