{"id":332,"date":"2022-02-04T17:30:29","date_gmt":"2022-02-04T17:30:29","guid":{"rendered":"https:\/\/end-hiv.local\/prueba\/"},"modified":"2025-03-21T15:20:03","modified_gmt":"2025-03-21T15:20:03","slug":"prueba","status":"publish","type":"page","link":"https:\/\/endhivdallascounty.org\/es\/prueba\/","title":{"rendered":"Obt\u00e9n la Prueba"},"content":{"rendered":"<div class=\"tw:bg-black\">\n  <div class=\"tw:@container tw:relative tw:max-w-[2370px] tw:mx-auto\">\n    <img decoding=\"async\" width=\"2000\" height=\"580\" data-src=\"https:\/\/endhivdallascounty.org\/wp-content\/uploads\/2025\/02\/testing.jpg\" class=\"tw:hidden tw:xl:block tw:pointer-events-none tw:select-none tw:w-full tw:aspect-40\/11 tw:object-cover tw:object-center lazyload\" alt=\"\" data-srcset=\"https:\/\/endhivdallascounty.org\/wp-content\/uploads\/2025\/02\/testing.jpg 2000w, https:\/\/endhivdallascounty.org\/wp-content\/uploads\/2025\/02\/testing-300x87.jpg 300w, https:\/\/endhivdallascounty.org\/wp-content\/uploads\/2025\/02\/testing-1024x297.jpg 1024w, https:\/\/endhivdallascounty.org\/wp-content\/uploads\/2025\/02\/testing-768x223.jpg 768w, https:\/\/endhivdallascounty.org\/wp-content\/uploads\/2025\/02\/testing-1536x445.jpg 1536w, https:\/\/endhivdallascounty.org\/wp-content\/uploads\/2025\/02\/testing-500x145.jpg 500w\" data-sizes=\"(max-width: 2000px) 100vw, 2000px\" src=\"data:image\/svg+xml;base64,PHN2ZyB3aWR0aD0iMSIgaGVpZ2h0PSIxIiB4bWxucz0iaHR0cDovL3d3dy53My5vcmcvMjAwMC9zdmciPjwvc3ZnPg==\" style=\"--smush-placeholder-width: 2000px; --smush-placeholder-aspect-ratio: 2000\/580;\" \/><img decoding=\"async\" width=\"2000\" height=\"580\" data-src=\"https:\/\/endhivdallascounty.org\/wp-content\/uploads\/2025\/02\/testing.jpg\" class=\"tw:xl:!hidden tw:pointer-events-none tw:select-none tw:w-full tw:aspect-384\/193 tw:object-cover tw:object-center lazyload\" alt=\"\" data-srcset=\"https:\/\/endhivdallascounty.org\/wp-content\/uploads\/2025\/02\/testing.jpg 2000w, https:\/\/endhivdallascounty.org\/wp-content\/uploads\/2025\/02\/testing-300x87.jpg 300w, https:\/\/endhivdallascounty.org\/wp-content\/uploads\/2025\/02\/testing-1024x297.jpg 1024w, https:\/\/endhivdallascounty.org\/wp-content\/uploads\/2025\/02\/testing-768x223.jpg 768w, https:\/\/endhivdallascounty.org\/wp-content\/uploads\/2025\/02\/testing-1536x445.jpg 1536w, https:\/\/endhivdallascounty.org\/wp-content\/uploads\/2025\/02\/testing-500x145.jpg 500w\" data-sizes=\"(max-width: 2000px) 100vw, 2000px\" src=\"data:image\/svg+xml;base64,PHN2ZyB3aWR0aD0iMSIgaGVpZ2h0PSIxIiB4bWxucz0iaHR0cDovL3d3dy53My5vcmcvMjAwMC9zdmciPjwvc3ZnPg==\" style=\"--smush-placeholder-width: 2000px; --smush-placeholder-aspect-ratio: 2000\/580;\" \/>\n                <h1\n        class=\"tw:!text-[9.4cqw] tw:xl:!text-[min(6.3cqw,150px)] tw:font-bangers tw:absolute tw:top-1\/2 tw:-translate-y-1\/2 tw:left-[5%] tw:xl:left-[15%] tw:!text-white tw:!leading-[.85]\">\n        HAZTE LA PRUEBA      <\/h1>\n      <\/div>\n<\/div>\n\n\n  \n  <div class=\"body-block test-v2 \" style=\"background-color: #88d6ed;\">\n    <div class=\"container\">\n              \n\n<p>Se recomienda que todos las personas sexualmente activas, especialmente los que no est\u00e9n en relaciones mon\u00f3gamas\u2014sin importar el sexo, raza u orientaci\u00f3n\u2014se hagan pruebas regularmente o por lo menos una vez al a\u00f1o. Si est\u00e1s activo sexualmente o eres un hombre gay o bisexual, se recomienda que te hagas la prueba cada tres o seis meses.<\/p>\n\n\n\n<p>Te puede sorprender que los Centros para el Control y Prevenci\u00f3n de Enfermedades (CDC) recomienda que todos se hagan la prueba una vez. Hay varias opciones para hac\u00e9rsela. Haz una cita con tu m\u00e9dico de cabecera, visita una cl\u00ednica, u obt\u00e9n una prueba para hacerla en casa. Hay muchas opciones gratuitas, especialmente en el Condado de Dallas, as\u00ed que no dejes que las finanzas eviten que te hagas la prueba.<\/p>\n\n\n\n<p>Tenemos informaci\u00f3n acerca de las pruebas:<\/p>\n\n\n          <\/div>\n  <\/div>\n\n\n\n\n  \n  <div class=\"body-block faq tw:bg-ehe-blue\" >\n    <div class=\"container\">\n              \n\n  <div class=\"content\">\n    <div class=\"accordion-block\">\n      \n      <div class=\"content\">\n        <div class=\"accordion-container\">\n                                    <div class=\"accordion show \">\n                <div class=\"head-section\">\n                  <div class=\"title-block\">\n                    <div class=\"title-container\">\n                                                                        <h2 class=\"title\">ITS \u2013 La prueba tradicional <\/h2>\n                        \n                        <h5 class=\"sub-title\"> <\/h5>\n                                          <\/div>\n                  <\/div>\n                  <div class=\"plus\">\n                    <i class=\"fa fa-plus\" aria-hidden=\"true\"><\/i>\n                  <\/div>\n                  <div class=\"minus\">\n                    <i class=\"fa fa-minus\" aria-hidden=\"true\"><\/i>\n                  <\/div>\n                <\/div>\n                <div class=\"body-section\">\n                  <div class=\"text-block\">\n                    <p><em><strong>Detecta una variedad de ITS<\/strong><\/em><\/p>\n<p><strong>TIPO DE MUESTRA:<br \/>\n<\/strong>Orina o muestra genital<\/p>\n<p><strong>TIEMPO PARA OBTENER RESULTADOS:<\/strong><br \/>\n5-7 d\u00edas. Proveedor de cuidados m\u00e9dicos debe mandar la muestra a un laboratorio para que sea analizada.<\/p>\n<p><strong>DETECCI\u00d3N DESPU\u00c9S DE EXPOSICI\u00d3N:<br \/>\n<\/strong>\u25cf Clamidia y gonorrea: de 1-2 semanas<br \/>\n\u25cf S\u00edfilis: de 3 semanas a 3 meses<br \/>\n\u25cf VPH: de 3 semanas a unos meses<br \/>\n\u25cf Tricomoniasis: de 3-7 d\u00edas<br \/>\n\u25cf Hepatitis B: de 1-9 semanas<br \/>\n\u25cf Herpes: de 2-3 semanas<\/p>\n                  <\/div>\n                <\/div>\n              <\/div>\n                          <div class=\"accordion show collapse\">\n                <div class=\"head-section\">\n                  <div class=\"title-block\">\n                    <div class=\"title-container\">\n                                                                        <div class=\"title\">ITS \u2013 Prueba R\u00e1pida <\/div>\n                                                                  <\/div>\n                  <\/div>\n                  <div class=\"plus\">\n                    <i class=\"fa fa-plus\" aria-hidden=\"true\"><\/i>\n                  <\/div>\n                  <div class=\"minus\">\n                    <i class=\"fa fa-minus\" aria-hidden=\"true\"><\/i>\n                  <\/div>\n                <\/div>\n                <div class=\"body-section\">\n                  <div class=\"text-block\">\n                    <p><em><strong>Detecta una variedad de ITS<\/strong><\/em><\/p>\n<p><strong>TIPO DE MUESTRA:<br \/>\n<\/strong>Orina o muestra genital<\/p>\n<p><strong>TIEMPO PARA OBTENER RESULTADOS:<\/strong><br \/>\n30 minutos<\/p>\n<p><strong>DETECCI\u00d3N DESPU\u00c9S DE EXPOSICI\u00d3N:<br \/>\n<\/strong>\u25cf Clamidia y gonorrea: de 1-2 semanas<br \/>\n\u25cf S\u00edfilis: de 3 semanas a 3 meses<br \/>\n\u25cf VPH: de 3 semanas a unos meses<br \/>\n\u25cf Tricomoniasis: de 3-7 d\u00edas<br \/>\n\u25cf Hepatitis B: de 1-9 semanas<br \/>\n\u25cf Herpes: de 2-3 semanas<\/p>\n                  <\/div>\n                <\/div>\n              <\/div>\n                          <div class=\"accordion show collapse\">\n                <div class=\"head-section\">\n                  <div class=\"title-block\">\n                    <div class=\"title-container\">\n                                                                        <div class=\"title\">STI \u2013 Prueba en Casa<\/div>\n                                                                  <\/div>\n                  <\/div>\n                  <div class=\"plus\">\n                    <i class=\"fa fa-plus\" aria-hidden=\"true\"><\/i>\n                  <\/div>\n                  <div class=\"minus\">\n                    <i class=\"fa fa-minus\" aria-hidden=\"true\"><\/i>\n                  <\/div>\n                <\/div>\n                <div class=\"body-section\">\n                  <div class=\"text-block\">\n                    <p><em><strong>Detecta una variedad de ITS<\/strong><\/em><\/p>\n<p><strong>TIPO DE MUESTRA:<br \/>\n<\/strong>Orina o muestra genital<\/p>\n<p><strong>TIEMPO PARA OBTENER RESULTADOS:<\/strong><br \/>\nDe unos d\u00edas a 1-2 semanas. La muestra debe ser enviada por correo a un laboratorio para ser analizada.<\/p>\n<p><strong>DETECCI\u00d3N DESPU\u00c9S DE EXPOSICI\u00d3N:<br \/>\n<\/strong>\u25cf Clamidia y gonorrea: de 1-2 semanas<br \/>\n\u25cf S\u00edfilis: de 3 semanas a 3 meses<br \/>\n\u25cf VPH: de 3 semanas a unos meses<br \/>\n\u25cf Tricomoniasis: de 3-7 d\u00edas<br \/>\n\u25cf Hepatitis B: de 1-9 semanas<br \/>\n\u25cf Herpes: de 2-3 semanas<\/p>\n                  <\/div>\n                <\/div>\n              <\/div>\n                          <div class=\"accordion show collapse\">\n                <div class=\"head-section\">\n                  <div class=\"title-block\">\n                    <div class=\"title-container\">\n                                                                        <div class=\"title\">VIH \u2013 PRUEBA DE \u00c1CIDO NUCLEICO (NAT)<\/div>\n                                                                  <\/div>\n                  <\/div>\n                  <div class=\"plus\">\n                    <i class=\"fa fa-plus\" aria-hidden=\"true\"><\/i>\n                  <\/div>\n                  <div class=\"minus\">\n                    <i class=\"fa fa-minus\" aria-hidden=\"true\"><\/i>\n                  <\/div>\n                <\/div>\n                <div class=\"body-section\">\n                  <div class=\"text-block\">\n                    <p><em><strong>Solo detecta el VIH<\/strong><\/em><\/p>\n<p><strong>TIPO DE MUESTRA:<br \/>\n<\/strong>Muestra de sangre<\/p>\n<p><strong>TIEMPO PARA OBTENER RESULTADOS:<\/strong><br \/>\nVarios d\u00edas<\/p>\n<p><strong>DETECCI\u00d3N DESPU\u00c9S DE EXPOSICI\u00d3N:<br \/>\n<\/strong>Una NAT suele poder decirte si tienes una infecci\u00f3n de VIH entre 10 y 33 d\u00edas despu\u00e9s de haber estado expuesto.<\/p>\n                  <\/div>\n                <\/div>\n              <\/div>\n                          <div class=\"accordion show collapse\">\n                <div class=\"head-section\">\n                  <div class=\"title-block\">\n                    <div class=\"title-container\">\n                                                                        <div class=\"title\">VIH- PRUEBA DE ANT\u00cdGENO<\/div>\n                                                                  <\/div>\n                  <\/div>\n                  <div class=\"plus\">\n                    <i class=\"fa fa-plus\" aria-hidden=\"true\"><\/i>\n                  <\/div>\n                  <div class=\"minus\">\n                    <i class=\"fa fa-minus\" aria-hidden=\"true\"><\/i>\n                  <\/div>\n                <\/div>\n                <div class=\"body-section\">\n                  <div class=\"text-block\">\n                    <p><em><strong>Solo detecta el VIH<\/strong><\/em><\/p>\n<p><strong>TIPO DE MUESTRA:<br \/>\n<\/strong>Muestra de sangre<\/p>\n<p><strong>TIEMPO PARA OBTENER RESULTADOS:<\/strong><br \/>\nVarios d\u00edas<\/p>\n<p><strong>DETECCI\u00d3N DESPU\u00c9S DE EXPOSICI\u00d3N:<br \/>\n<\/strong>Un ant\u00edgeno detecta el VIH en s\u00ed, el cual aparece en la sangre al poco de haber sido infectado, en 1-2 semanas.<\/p>\n                  <\/div>\n                <\/div>\n              <\/div>\n                          <div class=\"accordion show collapse\">\n                <div class=\"head-section\">\n                  <div class=\"title-block\">\n                    <div class=\"title-container\">\n                                                                        <div class=\"title\">VIH \u2013 PRUEBA DE ANTICUERPOS<\/div>\n                                                                  <\/div>\n                  <\/div>\n                  <div class=\"plus\">\n                    <i class=\"fa fa-plus\" aria-hidden=\"true\"><\/i>\n                  <\/div>\n                  <div class=\"minus\">\n                    <i class=\"fa fa-minus\" aria-hidden=\"true\"><\/i>\n                  <\/div>\n                <\/div>\n                <div class=\"body-section\">\n                  <div class=\"text-block\">\n                    <p><em><strong>Solo detecta el VIH<\/strong><\/em><\/p>\n<p><strong>TIPO DE MUESTRA:<br \/>\n<\/strong>Punzada en el dedo o l\u00edquido oral<\/p>\n<p><strong>TIEMPO PARA OBTENER RESULTADOS:<\/strong><br \/>\n30 minutos o menos<\/p>\n<p><strong>DETECCI\u00d3N DESPU\u00c9S DE EXPOSICI\u00d3N:<br \/>\n<\/strong>Las pruebas de anticuerpos detectan los anticuerpos producidos por el sistema inmune en respuesta al virus, lo cual puede tomar de entre 2 a 12 semanas. Las mayor\u00eda de las pruebas r\u00e1pidas y las que se administra uno mismo con pruebas de anticuerpos. Generalmente, las pruebas de anticuerpos que utilizan sangre de una vena detectan el VIH m\u00e1s pronto que las que usan una punzada de un dedo o un l\u00edquido oral.<\/p>\n                  <\/div>\n                <\/div>\n              <\/div>\n                              <\/div>\n      <\/div>\n    <\/div>\n  <\/div>\n\n\n\n\n  <div class=\"content\">\n    <div class=\"accordion-block\">\n      \n      <div class=\"content\">\n        <div class=\"accordion-container\">\n                                    <div class=\"accordion show \">\n                <div class=\"head-section\">\n                  <div class=\"title-block\">\n                    <div class=\"title-container\">\n                                                                        <div class=\"title\">\u00bfTIENES M\u00c1S DE UNA PAREJA SEXUAL?  <\/div>\n                                                                  <\/div>\n                  <\/div>\n                  <div class=\"plus\">\n                    <i class=\"fa fa-plus\" aria-hidden=\"true\"><\/i>\n                  <\/div>\n                  <div class=\"minus\">\n                    <i class=\"fa fa-minus\" aria-hidden=\"true\"><\/i>\n                  <\/div>\n                <\/div>\n                <div class=\"body-section\">\n                  <div class=\"text-block\">\n                    <p>HAZTE LA PRUEBA UNA VEZ AL A\u00d1O<\/p>\n                  <\/div>\n                <\/div>\n              <\/div>\n                          <div class=\"accordion show collapse\">\n                <div class=\"head-section\">\n                  <div class=\"title-block\">\n                    <div class=\"title-container\">\n                                                                        <div class=\"title\">\u00bfCOMPARTES JERINGAS?<\/div>\n                                                                  <\/div>\n                  <\/div>\n                  <div class=\"plus\">\n                    <i class=\"fa fa-plus\" aria-hidden=\"true\"><\/i>\n                  <\/div>\n                  <div class=\"minus\">\n                    <i class=\"fa fa-minus\" aria-hidden=\"true\"><\/i>\n                  <\/div>\n                <\/div>\n                <div class=\"body-section\">\n                  <div class=\"text-block\">\n                    <p>HAZTE LA PRUEBA DESPU\u00c9S DE CADA USO<\/p>\n                  <\/div>\n                <\/div>\n              <\/div>\n                          <div class=\"accordion show collapse\">\n                <div class=\"head-section\">\n                  <div class=\"title-block\">\n                    <div class=\"title-container\">\n                                                                        <div class=\"title\">\u00bfTIENES UNA ITS?<\/div>\n                                                                  <\/div>\n                  <\/div>\n                  <div class=\"plus\">\n                    <i class=\"fa fa-plus\" aria-hidden=\"true\"><\/i>\n                  <\/div>\n                  <div class=\"minus\">\n                    <i class=\"fa fa-minus\" aria-hidden=\"true\"><\/i>\n                  <\/div>\n                <\/div>\n                <div class=\"body-section\">\n                  <div class=\"text-block\">\n                    <p>HAZTE LA PRUEBA DE VIH<\/p>\n                  <\/div>\n                <\/div>\n              <\/div>\n                          <div class=\"accordion show collapse\">\n                <div class=\"head-section\">\n                  <div class=\"title-block\">\n                    <div class=\"title-container\">\n                                                                        <div class=\"title\">\u00bfGAY O BISEXUAL?<\/div>\n                                                                  <\/div>\n                  <\/div>\n                  <div class=\"plus\">\n                    <i class=\"fa fa-plus\" aria-hidden=\"true\"><\/i>\n                  <\/div>\n                  <div class=\"minus\">\n                    <i class=\"fa fa-minus\" aria-hidden=\"true\"><\/i>\n                  <\/div>\n                <\/div>\n                <div class=\"body-section\">\n                  <div class=\"text-block\">\n                    <p>HAZTE LA PRUEBA CADA TRES A SEIS MESES<\/p>\n                  <\/div>\n                <\/div>\n              <\/div>\n                              <\/div>\n      <\/div>\n    <\/div>\n  <\/div>\n\n\n\n          <\/div>\n  <\/div>\n\n","protected":false},"excerpt":{"rendered":"","protected":false},"author":1,"featured_media":0,"parent":0,"menu_order":0,"comment_status":"closed","ping_status":"closed","template":"templates\/test.php","meta":{"_acf_changed":false,"content-type":"","footnotes":""},"class_list":["post-332","page","type-page","status-publish","hentry"],"acf":[],"yoast_head":"<!-- This site is optimized with the Yoast SEO plugin v27.5 - https:\/\/yoast.com\/product\/yoast-seo-wordpress\/ -->\n<title>Obt\u00e9n la Prueba | End HIV<\/title>\n<meta name=\"description\" content=\"Hazte la prueba del VIH y conoce tus opciones en End HIV Dallas County. Encuentre informaci\u00f3n sobre los lugares donde se realizan las pruebas, los tipos de pruebas y qu\u00e9 esperar durante el proceso.\" \/>\n<meta name=\"robots\" content=\"index, follow, max-snippet:-1, max-image-preview:large, max-video-preview:-1\" \/>\n<link rel=\"canonical\" href=\"https:\/\/endhivdallascounty.org\/es\/prueba\/\" \/>\n<meta property=\"og:locale\" content=\"es_ES\" \/>\n<meta property=\"og:type\" content=\"article\" \/>\n<meta property=\"og:title\" content=\"Obt\u00e9n la Prueba | End HIV\" \/>\n<meta property=\"og:description\" content=\"Hazte la prueba del VIH y conoce tus opciones en End HIV Dallas County. Encuentre informaci\u00f3n sobre los lugares donde se realizan las pruebas, los tipos de pruebas y qu\u00e9 esperar durante el proceso.\" \/>\n<meta property=\"og:url\" content=\"https:\/\/endhivdallascounty.org\/es\/prueba\/\" \/>\n<meta property=\"og:site_name\" content=\"End HIV\" \/>\n<meta property=\"article:modified_time\" content=\"2025-03-21T15:20:03+00:00\" \/>\n<meta name=\"twitter:card\" content=\"summary_large_image\" \/>\n<meta name=\"twitter:title\" content=\"Obt\u00e9n la Prueba | End HIV %.\" \/>\n<meta name=\"twitter:description\" content=\"Hazte la prueba del VIH y conoce tus opciones en End HIV Dallas County. Encuentre informaci\u00f3n sobre los lugares donde se realizan las pruebas, los tipos de pruebas y qu\u00e9 esperar durante el proceso.\" \/>\n<meta name=\"twitter:label1\" content=\"Tiempo de lectura\" \/>\n\t<meta name=\"twitter:data1\" content=\"1 minuto\" \/>\n<script type=\"application\/ld+json\" class=\"yoast-schema-graph\">{\"@context\":\"https:\\\/\\\/schema.org\",\"@graph\":[{\"@type\":\"WebPage\",\"@id\":\"https:\\\/\\\/endhivdallascounty.org\\\/es\\\/prueba\\\/\",\"url\":\"https:\\\/\\\/endhivdallascounty.org\\\/es\\\/prueba\\\/\",\"name\":\"Obt\u00e9n la Prueba | End HIV\",\"isPartOf\":{\"@id\":\"https:\\\/\\\/endhivdallascounty.org\\\/#website\"},\"datePublished\":\"2022-02-04T17:30:29+00:00\",\"dateModified\":\"2025-03-21T15:20:03+00:00\",\"description\":\"Hazte la prueba del VIH y conoce tus opciones en End HIV Dallas County. Encuentre informaci\u00f3n sobre los lugares donde se realizan las pruebas, los tipos de pruebas y qu\u00e9 esperar durante el proceso.\",\"breadcrumb\":{\"@id\":\"https:\\\/\\\/endhivdallascounty.org\\\/es\\\/prueba\\\/#breadcrumb\"},\"inLanguage\":\"es\",\"potentialAction\":[{\"@type\":\"ReadAction\",\"target\":[\"https:\\\/\\\/endhivdallascounty.org\\\/es\\\/prueba\\\/\"]}]},{\"@type\":\"BreadcrumbList\",\"@id\":\"https:\\\/\\\/endhivdallascounty.org\\\/es\\\/prueba\\\/#breadcrumb\",\"itemListElement\":[{\"@type\":\"ListItem\",\"position\":1,\"name\":\"Home\",\"item\":\"https:\\\/\\\/endhivdallascounty.org\\\/es\\\/\"},{\"@type\":\"ListItem\",\"position\":2,\"name\":\"Obt\u00e9n la Prueba\"}]},{\"@type\":\"WebSite\",\"@id\":\"https:\\\/\\\/endhivdallascounty.org\\\/#website\",\"url\":\"https:\\\/\\\/endhivdallascounty.org\\\/\",\"name\":\"End HIV\",\"description\":\"Just another WordPress site\",\"publisher\":{\"@id\":\"https:\\\/\\\/endhivdallascounty.org\\\/#organization\"},\"potentialAction\":[{\"@type\":\"SearchAction\",\"target\":{\"@type\":\"EntryPoint\",\"urlTemplate\":\"https:\\\/\\\/endhivdallascounty.org\\\/?s={search_term_string}\"},\"query-input\":{\"@type\":\"PropertyValueSpecification\",\"valueRequired\":true,\"valueName\":\"search_term_string\"}}],\"inLanguage\":\"es\"},{\"@type\":\"Organization\",\"@id\":\"https:\\\/\\\/endhivdallascounty.org\\\/#organization\",\"name\":\"End HIV Dallas County\",\"url\":\"https:\\\/\\\/endhivdallascounty.org\\\/\",\"logo\":{\"@type\":\"ImageObject\",\"inLanguage\":\"es\",\"@id\":\"https:\\\/\\\/endhivdallascounty.org\\\/#\\\/schema\\\/logo\\\/image\\\/\",\"url\":\"https:\\\/\\\/endhivdallascounty.org\\\/wp-content\\\/uploads\\\/2022\\\/01\\\/endhiv-logo.png\",\"contentUrl\":\"https:\\\/\\\/endhivdallascounty.org\\\/wp-content\\\/uploads\\\/2022\\\/01\\\/endhiv-logo.png\",\"width\":345,\"height\":103,\"caption\":\"End HIV Dallas County\"},\"image\":{\"@id\":\"https:\\\/\\\/endhivdallascounty.org\\\/#\\\/schema\\\/logo\\\/image\\\/\"}}]}<\/script>\n<!-- \/ Yoast SEO plugin. -->","yoast_head_json":{"title":"Obt\u00e9n la Prueba | End HIV","description":"Hazte la prueba del VIH y conoce tus opciones en End HIV Dallas County. Encuentre informaci\u00f3n sobre los lugares donde se realizan las pruebas, los tipos de pruebas y qu\u00e9 esperar durante el proceso.","robots":{"index":"index","follow":"follow","max-snippet":"max-snippet:-1","max-image-preview":"max-image-preview:large","max-video-preview":"max-video-preview:-1"},"canonical":"https:\/\/endhivdallascounty.org\/es\/prueba\/","og_locale":"es_ES","og_type":"article","og_title":"Obt\u00e9n la Prueba | End HIV","og_description":"Hazte la prueba del VIH y conoce tus opciones en End HIV Dallas County. Encuentre informaci\u00f3n sobre los lugares donde se realizan las pruebas, los tipos de pruebas y qu\u00e9 esperar durante el proceso.","og_url":"https:\/\/endhivdallascounty.org\/es\/prueba\/","og_site_name":"End HIV","article_modified_time":"2025-03-21T15:20:03+00:00","twitter_card":"summary_large_image","twitter_title":"Obt\u00e9n la Prueba | End HIV %.","twitter_description":"Hazte la prueba del VIH y conoce tus opciones en End HIV Dallas County. Encuentre informaci\u00f3n sobre los lugares donde se realizan las pruebas, los tipos de pruebas y qu\u00e9 esperar durante el proceso.","twitter_misc":{"Tiempo de lectura":"1 minuto"},"schema":{"@context":"https:\/\/schema.org","@graph":[{"@type":"WebPage","@id":"https:\/\/endhivdallascounty.org\/es\/prueba\/","url":"https:\/\/endhivdallascounty.org\/es\/prueba\/","name":"Obt\u00e9n la Prueba | End HIV","isPartOf":{"@id":"https:\/\/endhivdallascounty.org\/#website"},"datePublished":"2022-02-04T17:30:29+00:00","dateModified":"2025-03-21T15:20:03+00:00","description":"Hazte la prueba del VIH y conoce tus opciones en End HIV Dallas County. Encuentre informaci\u00f3n sobre los lugares donde se realizan las pruebas, los tipos de pruebas y qu\u00e9 esperar durante el proceso.","breadcrumb":{"@id":"https:\/\/endhivdallascounty.org\/es\/prueba\/#breadcrumb"},"inLanguage":"es","potentialAction":[{"@type":"ReadAction","target":["https:\/\/endhivdallascounty.org\/es\/prueba\/"]}]},{"@type":"BreadcrumbList","@id":"https:\/\/endhivdallascounty.org\/es\/prueba\/#breadcrumb","itemListElement":[{"@type":"ListItem","position":1,"name":"Home","item":"https:\/\/endhivdallascounty.org\/es\/"},{"@type":"ListItem","position":2,"name":"Obt\u00e9n la Prueba"}]},{"@type":"WebSite","@id":"https:\/\/endhivdallascounty.org\/#website","url":"https:\/\/endhivdallascounty.org\/","name":"End HIV","description":"Just another WordPress site","publisher":{"@id":"https:\/\/endhivdallascounty.org\/#organization"},"potentialAction":[{"@type":"SearchAction","target":{"@type":"EntryPoint","urlTemplate":"https:\/\/endhivdallascounty.org\/?s={search_term_string}"},"query-input":{"@type":"PropertyValueSpecification","valueRequired":true,"valueName":"search_term_string"}}],"inLanguage":"es"},{"@type":"Organization","@id":"https:\/\/endhivdallascounty.org\/#organization","name":"End HIV Dallas County","url":"https:\/\/endhivdallascounty.org\/","logo":{"@type":"ImageObject","inLanguage":"es","@id":"https:\/\/endhivdallascounty.org\/#\/schema\/logo\/image\/","url":"https:\/\/endhivdallascounty.org\/wp-content\/uploads\/2022\/01\/endhiv-logo.png","contentUrl":"https:\/\/endhivdallascounty.org\/wp-content\/uploads\/2022\/01\/endhiv-logo.png","width":345,"height":103,"caption":"End HIV Dallas County"},"image":{"@id":"https:\/\/endhivdallascounty.org\/#\/schema\/logo\/image\/"}}]}},"_links":{"self":[{"href":"https:\/\/endhivdallascounty.org\/es\/wp-json\/wp\/v2\/pages\/332","targetHints":{"allow":["GET"]}}],"collection":[{"href":"https:\/\/endhivdallascounty.org\/es\/wp-json\/wp\/v2\/pages"}],"about":[{"href":"https:\/\/endhivdallascounty.org\/es\/wp-json\/wp\/v2\/types\/page"}],"author":[{"embeddable":true,"href":"https:\/\/endhivdallascounty.org\/es\/wp-json\/wp\/v2\/users\/1"}],"replies":[{"embeddable":true,"href":"https:\/\/endhivdallascounty.org\/es\/wp-json\/wp\/v2\/comments?post=332"}],"version-history":[{"count":19,"href":"https:\/\/endhivdallascounty.org\/es\/wp-json\/wp\/v2\/pages\/332\/revisions"}],"predecessor-version":[{"id":4354,"href":"https:\/\/endhivdallascounty.org\/es\/wp-json\/wp\/v2\/pages\/332\/revisions\/4354"}],"wp:attachment":[{"href":"https:\/\/endhivdallascounty.org\/es\/wp-json\/wp\/v2\/media?parent=332"}],"curies":[{"name":"wp","href":"https:\/\/api.w.org\/{rel}","templated":true}]}}