{"id":316,"date":"2022-01-30T08:20:38","date_gmt":"2022-01-30T08:20:38","guid":{"rendered":"https:\/\/end-hiv.local\/casa\/"},"modified":"2025-03-07T17:51:52","modified_gmt":"2025-03-07T17:51:52","slug":"casa","status":"publish","type":"page","link":"https:\/\/endhivdallascounty.org\/es\/","title":{"rendered":"P\u00e1gina Principal"},"content":{"rendered":"<div class=\"tw:bg-black\">\n  <!-- Swiper container -->\n  <div class=\"swiper tw:relative tw:w-full tw:max-w-[2100px] tw:aspect-[800\/530] tw:md:aspect-[1956\/713] tw:mx-auto\">\n    <!-- Swiper wrapper -->\n    <div class=\"swiper-wrapper\">\n                        <div class=\"swiper-slide\">\n            <div class=\"tw:@container tw:relative tw:w-full tw:h-full tw:max-w-[2100px] tw:mx-auto\">\n                                            <img decoding=\"async\" width=\"1958\" height=\"713\" data-src=\"https:\/\/endhivdallascounty.org\/wp-content\/uploads\/2025\/02\/homepage-banner-.jpg\" class=\"tw:absolute tw:inset-0 tw:w-full tw:h-full tw:object-[36%] tw:object-cover tw:block tw:md:hidden lazyload\" alt=\"\" data-srcset=\"https:\/\/endhivdallascounty.org\/wp-content\/uploads\/2025\/02\/homepage-banner-.jpg 1958w, https:\/\/endhivdallascounty.org\/wp-content\/uploads\/2025\/02\/homepage-banner--300x109.jpg 300w, https:\/\/endhivdallascounty.org\/wp-content\/uploads\/2025\/02\/homepage-banner--1024x373.jpg 1024w, https:\/\/endhivdallascounty.org\/wp-content\/uploads\/2025\/02\/homepage-banner--768x280.jpg 768w, https:\/\/endhivdallascounty.org\/wp-content\/uploads\/2025\/02\/homepage-banner--1536x559.jpg 1536w, https:\/\/endhivdallascounty.org\/wp-content\/uploads\/2025\/02\/homepage-banner--500x182.jpg 500w\" data-sizes=\"(max-width: 1958px) 100vw, 1958px\" src=\"data:image\/svg+xml;base64,PHN2ZyB3aWR0aD0iMSIgaGVpZ2h0PSIxIiB4bWxucz0iaHR0cDovL3d3dy53My5vcmcvMjAwMC9zdmciPjwvc3ZnPg==\" style=\"--smush-placeholder-width: 1958px; --smush-placeholder-aspect-ratio: 1958\/713;\" \/>                            \n                              <img decoding=\"async\" width=\"1958\" height=\"713\" data-src=\"https:\/\/endhivdallascounty.org\/wp-content\/uploads\/2025\/02\/homepage-banner-.jpg\" class=\"tw:absolute tw:inset-0 tw:w-full tw:h-full tw:object-cover tw:hidden tw:md:block lazyload\" alt=\"\" data-srcset=\"https:\/\/endhivdallascounty.org\/wp-content\/uploads\/2025\/02\/homepage-banner-.jpg 1958w, https:\/\/endhivdallascounty.org\/wp-content\/uploads\/2025\/02\/homepage-banner--300x109.jpg 300w, https:\/\/endhivdallascounty.org\/wp-content\/uploads\/2025\/02\/homepage-banner--1024x373.jpg 1024w, https:\/\/endhivdallascounty.org\/wp-content\/uploads\/2025\/02\/homepage-banner--768x280.jpg 768w, https:\/\/endhivdallascounty.org\/wp-content\/uploads\/2025\/02\/homepage-banner--1536x559.jpg 1536w, https:\/\/endhivdallascounty.org\/wp-content\/uploads\/2025\/02\/homepage-banner--500x182.jpg 500w\" data-sizes=\"(max-width: 1958px) 100vw, 1958px\" src=\"data:image\/svg+xml;base64,PHN2ZyB3aWR0aD0iMSIgaGVpZ2h0PSIxIiB4bWxucz0iaHR0cDovL3d3dy53My5vcmcvMjAwMC9zdmciPjwvc3ZnPg==\" style=\"--smush-placeholder-width: 1958px; --smush-placeholder-aspect-ratio: 1958\/713;\" \/>              \n              <div class=\"tw:absolute tw:top-1\/2 tw:-translate-y-1\/2 tw:left-[30cqw] tw:md:left-[43cqw] tw:w-[60cqw] tw:md:w-[45cqw]\">\n                                <h2 class=\"tw:font-bangers tw:text-ehe-dark-blue tw:!text-[9.125cqw] tw:!leading-none tw:md:!text-[min(4.7cqw,92px)]\">\n                  Proveedores con <br class=\"tw:block tw:md:hidden\"> compasi\u00f3n                <\/h2>\n\n                                  <a href=\"https:\/\/endhivdallascounty.org\/resources\/\" class=\"tw:btn tw:btn-dark-blue tw:!text-[5cqw] tw:md:!text-[2.5cqw] tw:!py-[.3em] tw:!px-[1em] tw:mt-2 tw:md:mt-4\" >\n                    Encontrar Recursos                  <\/a>\n                              <\/div>\n            <\/div>\n          <\/div>\n                  <div class=\"swiper-slide\">\n            <div class=\"tw:@container tw:relative tw:w-full tw:h-full tw:max-w-[2100px] tw:mx-auto\">\n                                            <img decoding=\"async\" width=\"1958\" height=\"713\" data-src=\"https:\/\/endhivdallascounty.org\/wp-content\/uploads\/2025\/02\/hero-mobile-quiz.jpg\" class=\"tw:absolute tw:inset-0 tw:w-full tw:h-full tw:object-[36%] tw:object-cover tw:block tw:md:hidden lazyload\" alt=\"\" data-srcset=\"https:\/\/endhivdallascounty.org\/wp-content\/uploads\/2025\/02\/hero-mobile-quiz.jpg 1958w, https:\/\/endhivdallascounty.org\/wp-content\/uploads\/2025\/02\/hero-mobile-quiz-300x109.jpg 300w, https:\/\/endhivdallascounty.org\/wp-content\/uploads\/2025\/02\/hero-mobile-quiz-1024x373.jpg 1024w, https:\/\/endhivdallascounty.org\/wp-content\/uploads\/2025\/02\/hero-mobile-quiz-768x280.jpg 768w, https:\/\/endhivdallascounty.org\/wp-content\/uploads\/2025\/02\/hero-mobile-quiz-1536x559.jpg 1536w, https:\/\/endhivdallascounty.org\/wp-content\/uploads\/2025\/02\/hero-mobile-quiz-500x182.jpg 500w\" data-sizes=\"(max-width: 1958px) 100vw, 1958px\" src=\"data:image\/svg+xml;base64,PHN2ZyB3aWR0aD0iMSIgaGVpZ2h0PSIxIiB4bWxucz0iaHR0cDovL3d3dy53My5vcmcvMjAwMC9zdmciPjwvc3ZnPg==\" style=\"--smush-placeholder-width: 1958px; --smush-placeholder-aspect-ratio: 1958\/713;\" \/>                            \n                              <img decoding=\"async\" width=\"1958\" height=\"713\" data-src=\"https:\/\/endhivdallascounty.org\/wp-content\/uploads\/2025\/02\/homepage-banner-3.jpg\" class=\"tw:absolute tw:inset-0 tw:w-full tw:h-full tw:object-cover tw:hidden tw:md:block lazyload\" alt=\"\" data-srcset=\"https:\/\/endhivdallascounty.org\/wp-content\/uploads\/2025\/02\/homepage-banner-3.jpg 1958w, https:\/\/endhivdallascounty.org\/wp-content\/uploads\/2025\/02\/homepage-banner-3-300x109.jpg 300w, https:\/\/endhivdallascounty.org\/wp-content\/uploads\/2025\/02\/homepage-banner-3-1024x373.jpg 1024w, https:\/\/endhivdallascounty.org\/wp-content\/uploads\/2025\/02\/homepage-banner-3-768x280.jpg 768w, https:\/\/endhivdallascounty.org\/wp-content\/uploads\/2025\/02\/homepage-banner-3-1536x559.jpg 1536w, https:\/\/endhivdallascounty.org\/wp-content\/uploads\/2025\/02\/homepage-banner-3-500x182.jpg 500w\" data-sizes=\"(max-width: 1958px) 100vw, 1958px\" src=\"data:image\/svg+xml;base64,PHN2ZyB3aWR0aD0iMSIgaGVpZ2h0PSIxIiB4bWxucz0iaHR0cDovL3d3dy53My5vcmcvMjAwMC9zdmciPjwvc3ZnPg==\" style=\"--smush-placeholder-width: 1958px; --smush-placeholder-aspect-ratio: 1958\/713;\" \/>              \n              <div class=\"tw:absolute tw:top-1\/2 tw:-translate-y-1\/2 tw:left-[30cqw] tw:md:left-[43cqw] tw:w-[60cqw] tw:md:w-[45cqw]\">\n                                <h2 class=\"tw:font-bangers tw:text-white tw:!text-[9.125cqw] tw:!leading-none tw:md:!text-[min(4.7cqw,92px)]\">\n                  No te arriesgues <br class=\"tw:block tw:md:hidden\"> a arruinar la vibra                <\/h2>\n\n                                  <a href=\"https:\/\/endhivdallascounty.org\/es\/prueba\/\" class=\"tw:btn tw:btn-dark-blue tw:!text-[5cqw] tw:md:!text-[2.5cqw] tw:!py-[.3em] tw:!px-[1em] tw:mt-2 tw:md:mt-4\" >\n                    Obt\u00e9n la Prueba                  <\/a>\n                              <\/div>\n            <\/div>\n          <\/div>\n                  <div class=\"swiper-slide\">\n            <div class=\"tw:@container tw:relative tw:w-full tw:h-full tw:max-w-[2100px] tw:mx-auto\">\n                                            <img decoding=\"async\" width=\"1958\" height=\"713\" data-src=\"https:\/\/endhivdallascounty.org\/wp-content\/uploads\/2022\/04\/homepage-banner-1-1.png\" class=\"tw:absolute tw:inset-0 tw:w-full tw:h-full tw:object-[36%] tw:object-cover tw:block tw:md:hidden lazyload\" alt=\"\" data-srcset=\"https:\/\/endhivdallascounty.org\/wp-content\/uploads\/2022\/04\/homepage-banner-1-1.png 1958w, https:\/\/endhivdallascounty.org\/wp-content\/uploads\/2022\/04\/homepage-banner-1-1-300x109.png 300w, https:\/\/endhivdallascounty.org\/wp-content\/uploads\/2022\/04\/homepage-banner-1-1-1024x373.png 1024w, https:\/\/endhivdallascounty.org\/wp-content\/uploads\/2022\/04\/homepage-banner-1-1-768x280.png 768w, https:\/\/endhivdallascounty.org\/wp-content\/uploads\/2022\/04\/homepage-banner-1-1-1536x559.png 1536w, https:\/\/endhivdallascounty.org\/wp-content\/uploads\/2022\/04\/homepage-banner-1-1-500x182.png 500w\" data-sizes=\"(max-width: 1958px) 100vw, 1958px\" src=\"data:image\/svg+xml;base64,PHN2ZyB3aWR0aD0iMSIgaGVpZ2h0PSIxIiB4bWxucz0iaHR0cDovL3d3dy53My5vcmcvMjAwMC9zdmciPjwvc3ZnPg==\" style=\"--smush-placeholder-width: 1958px; --smush-placeholder-aspect-ratio: 1958\/713;\" \/>                            \n                              <img decoding=\"async\" width=\"1958\" height=\"713\" data-src=\"https:\/\/endhivdallascounty.org\/wp-content\/uploads\/2022\/04\/homepage-banner-1-1.png\" class=\"tw:absolute tw:inset-0 tw:w-full tw:h-full tw:object-cover tw:hidden tw:md:block lazyload\" alt=\"\" data-srcset=\"https:\/\/endhivdallascounty.org\/wp-content\/uploads\/2022\/04\/homepage-banner-1-1.png 1958w, https:\/\/endhivdallascounty.org\/wp-content\/uploads\/2022\/04\/homepage-banner-1-1-300x109.png 300w, https:\/\/endhivdallascounty.org\/wp-content\/uploads\/2022\/04\/homepage-banner-1-1-1024x373.png 1024w, https:\/\/endhivdallascounty.org\/wp-content\/uploads\/2022\/04\/homepage-banner-1-1-768x280.png 768w, https:\/\/endhivdallascounty.org\/wp-content\/uploads\/2022\/04\/homepage-banner-1-1-1536x559.png 1536w, https:\/\/endhivdallascounty.org\/wp-content\/uploads\/2022\/04\/homepage-banner-1-1-500x182.png 500w\" data-sizes=\"(max-width: 1958px) 100vw, 1958px\" src=\"data:image\/svg+xml;base64,PHN2ZyB3aWR0aD0iMSIgaGVpZ2h0PSIxIiB4bWxucz0iaHR0cDovL3d3dy53My5vcmcvMjAwMC9zdmciPjwvc3ZnPg==\" style=\"--smush-placeholder-width: 1958px; --smush-placeholder-aspect-ratio: 1958\/713;\" \/>              \n              <div class=\"tw:absolute tw:top-1\/2 tw:-translate-y-1\/2 tw:left-[30cqw] tw:md:left-[43cqw] tw:w-[60cqw] tw:md:w-[45cqw]\">\n                                <h2 class=\"tw:font-bangers tw:text-white tw:!text-[9.125cqw] tw:!leading-none tw:md:!text-[min(4.7cqw,92px)]\">\n                   Historias <br class=\"tw:block tw:md:hidden\"> que empoderan                <\/h2>\n\n                                  <a href=\"https:\/\/endhivdallascounty.org\/tellyourstory\/\" class=\"tw:btn tw:btn-dark-blue tw:!text-[5cqw] tw:md:!text-[2.5cqw] tw:!py-[.3em] tw:!px-[1em] tw:mt-2 tw:md:mt-4\" >\n                    mira ahora                  <\/a>\n                              <\/div>\n            <\/div>\n          <\/div>\n                  <\/div>\n\n    <!-- Add Pagination -->\n    <div class=\"swiper-pagination !tw:right-[2cqw] tw:md:!right-[3.5cqw] !tw:left-auto !tw:w-auto\"><\/div>\n  <\/div>\n<\/div>\n\n<div class=\"tw:bg-ehe-dark-blue tw:flex tw:flex-col tw:gap-8 tw:md:gap-24 tw:py-16 tw:md:py-24\">\n  \n\n<div class=\"tw:container tw:text-white tw:!max-w-screen-xl\">\n  <div class=\"tw:flex tw:flex-col tw:md:flex-row tw:gap-8 tw:md:gap-16 tw:items-center\">\n    <div class=\"tw:text-left tw:w-full\">\n      <h2 class=\"tw:h2 tw:text-ehe-orange\">\n        Conoce tu estatus<br \/>\nConoce <a href=\"https:\/\/endhivdallascounty.org\/what-can-i-do\/\">lo que puedes hacer<\/a>.\n      <\/h2>\n      <p class=\"tw:!mt-4 tw:md:!mt-8\"><p><strong>Las ITS (infecciones transmitidas sexualmente) son infecciones virales o bacterianas que se propagan a trav\u00e9s de las relaciones sexuales sin protecci\u00f3n.<\/strong> La mayor\u00eda puede ser tratada con un ciclo de antibi\u00f3ticos de 5 a 10 d\u00edas.<\/p>\n<p>El VIH se transmite a trav\u00e9s de relaciones sexuales sin protecci\u00f3n y al compartir jeringas.\u00a0 No hay una cura, pero se puede controlar con tratamiento. Cualquier persona que est\u00e9 activa sexualmente est\u00e1 en riesgo de contraer ITS y VIH sin importar su g\u00e9nero, orientaci\u00f3n sexual o raza.<\/p>\n<\/p>\n    <\/div>\n\n    <div class=\"tw:flex tw:flex-col tw:gap-3 tw:w-full tw:md:max-w-[336px]\">\n                        <a href=\"#tienes-relaciones-sexuales-hazte-la-prueba-modal\" data-fancybox=\"buttons-group\"\n            class=\"tw:!bg-ehe-red tw:hover:!bg-ehe-red-hover tw:!text-white tw:font-bangers tw:text-center tw:transition-colors tw:p-6 tw:md:aspect-[336\/140] tw:flex tw:items-center tw:justify-center tw:!underline tw:@container tw:w-full tw:leading-tight\">\n            <span class=\"tw:text-3xl tw:md:text-[10cqw]\">\u00bfTienes relaciones sexuales? Hazte la prueba.<\/span>\n          <\/a>\n\n          <!-- Hidden modal content -->\n          <div id=\"tienes-relaciones-sexuales-hazte-la-prueba-modal\" class=\"tw:hidden\">\n            <div class=\"modal-content tw:!bg-ehe-red tw:text-white\">\n              <div class=\"tw:container tw:!p-8 tw:xl:!p-16\">\n                <h2 class=\"tw:h2\">\u00bfTienes relaciones sexuales? Hazte la prueba.<\/h2>\n                <p>Una de cada 8 personas que tiene VIH no lo sabe. M\u00e1s del 50% de los nuevos casos de ITS ocurren en personas entre los 15 y 24 a\u00f1os de edad. Tu salud est\u00e1 en riesgo si no sabes tu estatus y el estatus de tu pareja. As\u00ed que no adivines hazte la prueba<\/p>\n                                  <a href=\"https:\/\/endhivdallascounty.org\/test\/\" target=\"_blank\" class=\"tw:btn tw:btn-white tw:mt-4 tw:lg:mt-8\">Obt\u00e9n la Prueba<\/a>\n                              <\/div>\n            <\/div>\n          <\/div>\n                  <a href=\"#previene-el-vih-comienza-el-prep-modal\" data-fancybox=\"buttons-group\"\n            class=\"tw:!bg-ehe-pink tw:hover:!bg-ehe-pink-hover tw:!text-white tw:font-bangers tw:text-center tw:transition-colors tw:p-6 tw:md:aspect-[336\/140] tw:flex tw:items-center tw:justify-center tw:!underline tw:@container tw:w-full tw:leading-tight\">\n            <span class=\"tw:text-3xl tw:md:text-[10cqw]\">Previene el VIH. <br \/>\r\nComienza el  PrEP.<\/span>\n          <\/a>\n\n          <!-- Hidden modal content -->\n          <div id=\"previene-el-vih-comienza-el-prep-modal\" class=\"tw:hidden\">\n            <div class=\"modal-content tw:!bg-ehe-pink tw:text-white\">\n              <div class=\"tw:container tw:!p-8 tw:xl:!p-16\">\n                <h2 class=\"tw:h2\">Previene el VIH. Comienza el  PrEP.<\/h2>\n                <p>PrEP es un medicamento para prevenir el VIH que es 99% efectivo en prevenirlo. Puedes tomar una pastilla diaria o una inyecci\u00f3n cada dos meses. Es solo para personas que no tienen VIH. <\/p>\n                                  <a href=\"https:\/\/endhivdallascounty.org\/prep\/\" target=\"\" class=\"tw:btn tw:btn-white tw:mt-4 tw:lg:mt-8\">Obt\u00e9n PrEP<\/a>\n                              <\/div>\n            <\/div>\n          <\/div>\n                  <a href=\"#combate-las-its-y-el-vih-tratalo-lo-mas-pronto-posible-modal\" data-fancybox=\"buttons-group\"\n            class=\"tw:!bg-ehe-orange tw:hover:!bg-ehe-orange-hover tw:!text-white tw:font-bangers tw:text-center tw:transition-colors tw:p-6 tw:md:aspect-[336\/140] tw:flex tw:items-center tw:justify-center tw:!underline tw:@container tw:w-full tw:leading-tight\">\n            <span class=\"tw:text-3xl tw:md:text-[10cqw]\">Combate las ITS y el VIH. <br \/>\r\nTr\u00e1talo lo m\u00e1s pronto posible. <\/span>\n          <\/a>\n\n          <!-- Hidden modal content -->\n          <div id=\"combate-las-its-y-el-vih-tratalo-lo-mas-pronto-posible-modal\" class=\"tw:hidden\">\n            <div class=\"modal-content tw:!bg-ehe-orange tw:text-white\">\n              <div class=\"tw:container tw:!p-8 tw:xl:!p-16\">\n                <h2 class=\"tw:h2\">Combate las ITS y el VIH. Tr\u00e1talo lo m\u00e1s pronto posible. <\/h2>\n                <p>Si la prueba resulta positiva para una ITS o el VIH, debes obtener tratamiento. El tratamiento funciona\u2014el 86% de los tejanos que reciben terapia antirretroviral han llegado a lograr un estatus en que el VIH es indetectable. El que sea indetectable significa que te mantendr\u00e1s sano y no puedes transmitir el VIH. El tratamiento para las ITS es altamente efectivo con un tratamiento de antibi\u00f3ticos de 5 a 10 d\u00edas de duraci\u00f3n.<\/p>\n                                  <a href=\"https:\/\/endhivdallascounty.org\/treat\/\" target=\"\" class=\"tw:btn tw:btn-white tw:mt-4 tw:lg:mt-8\">Comienza el tratamiento<\/a>\n                              <\/div>\n            <\/div>\n          <\/div>\n                  <a href=\"#encuentra-ayuda-modal\" data-fancybox=\"buttons-group\"\n            class=\"tw:!bg-ehe-teal tw:hover:!bg-ehe-teal-hover tw:!text-white tw:font-bangers tw:text-center tw:transition-colors tw:p-6 tw:md:aspect-[336\/140] tw:flex tw:items-center tw:justify-center tw:!underline tw:@container tw:w-full tw:leading-tight\">\n            <span class=\"tw:text-3xl tw:md:text-[10cqw]\">Encuentra ayuda<\/span>\n          <\/a>\n\n          <!-- Hidden modal content -->\n          <div id=\"encuentra-ayuda-modal\" class=\"tw:hidden\">\n            <div class=\"modal-content tw:!bg-ehe-teal tw:text-white\">\n              <div class=\"tw:container tw:!p-8 tw:xl:!p-16\">\n                <h2 class=\"tw:h2\">Encuentra ayuda<\/h2>\n                <p>La herramienta FindHelp proporciona asesoramiento experto y recursos en cualquier momento que los necesites.<\/p>\n                                  <a href=\"https:\/\/endhivdallascounty.org\/findhelp\/\" target=\"\" class=\"tw:btn tw:btn-white tw:mt-4 tw:lg:mt-8\">Encuentra ayuda<\/a>\n                              <\/div>\n            <\/div>\n          <\/div>\n                  <\/div>\n  <\/div>\n<\/div>\n\n<\/div>\n","protected":false},"excerpt":{"rendered":"","protected":false},"author":1,"featured_media":0,"parent":0,"menu_order":0,"comment_status":"closed","ping_status":"closed","template":"templates\/home.php","meta":{"_acf_changed":false,"content-type":"","footnotes":""},"class_list":["post-316","page","type-page","status-publish","hentry"],"acf":[],"yoast_head":"<!-- This site is optimized with the Yoast SEO plugin v27.5 - https:\/\/yoast.com\/product\/yoast-seo-wordpress\/ -->\n<title>P\u00e1gina Principal | End HIV<\/title>\n<meta name=\"description\" content=\"\u00danase a la misi\u00f3n del condado de Dallas para acabar con el VIH para 2030. Encuentre recursos sobre el VIH en el condado de Dallas, TX. El VIH termina contigo. Conozca su estado, sepa lo que puede hacer.\" \/>\n<meta name=\"robots\" content=\"index, follow, max-snippet:-1, max-image-preview:large, max-video-preview:-1\" \/>\n<link rel=\"canonical\" href=\"https:\/\/endhivdallascounty.org\/es\/\" \/>\n<meta property=\"og:locale\" content=\"es_ES\" \/>\n<meta property=\"og:type\" content=\"article\" \/>\n<meta property=\"og:title\" content=\"P\u00e1gina Principal | End HIV\" \/>\n<meta property=\"og:description\" content=\"\u00danase a la misi\u00f3n del condado de Dallas para acabar con el VIH para 2030. Encuentre recursos sobre el VIH en el condado de Dallas, TX. El VIH termina contigo. Conozca su estado, sepa lo que puede hacer.\" \/>\n<meta property=\"og:url\" content=\"https:\/\/endhivdallascounty.org\/es\/\" \/>\n<meta property=\"og:site_name\" content=\"End HIV\" \/>\n<meta property=\"article:modified_time\" content=\"2025-03-07T17:51:52+00:00\" \/>\n<meta name=\"twitter:card\" content=\"summary_large_image\" \/>\n<script type=\"application\/ld+json\" class=\"yoast-schema-graph\">{\"@context\":\"https:\\\/\\\/schema.org\",\"@graph\":[{\"@type\":\"WebPage\",\"@id\":\"https:\\\/\\\/endhivdallascounty.org\\\/es\\\/\",\"url\":\"https:\\\/\\\/endhivdallascounty.org\\\/es\\\/\",\"name\":\"P\u00e1gina Principal | End HIV\",\"isPartOf\":{\"@id\":\"https:\\\/\\\/endhivdallascounty.org\\\/#website\"},\"datePublished\":\"2022-01-30T08:20:38+00:00\",\"dateModified\":\"2025-03-07T17:51:52+00:00\",\"description\":\"\u00danase a la misi\u00f3n del condado de Dallas para acabar con el VIH para 2030. Encuentre recursos sobre el VIH en el condado de Dallas, TX. El VIH termina contigo. Conozca su estado, sepa lo que puede hacer.\",\"breadcrumb\":{\"@id\":\"https:\\\/\\\/endhivdallascounty.org\\\/es\\\/#breadcrumb\"},\"inLanguage\":\"es\",\"potentialAction\":[{\"@type\":\"ReadAction\",\"target\":[\"https:\\\/\\\/endhivdallascounty.org\\\/es\\\/\"]}]},{\"@type\":\"BreadcrumbList\",\"@id\":\"https:\\\/\\\/endhivdallascounty.org\\\/es\\\/#breadcrumb\",\"itemListElement\":[{\"@type\":\"ListItem\",\"position\":1,\"name\":\"Home\",\"item\":\"https:\\\/\\\/endhivdallascounty.org\\\/es\\\/\"},{\"@type\":\"ListItem\",\"position\":2,\"name\":\"P\u00e1gina Principal\"}]},{\"@type\":\"WebSite\",\"@id\":\"https:\\\/\\\/endhivdallascounty.org\\\/#website\",\"url\":\"https:\\\/\\\/endhivdallascounty.org\\\/\",\"name\":\"End HIV\",\"description\":\"Just another WordPress site\",\"publisher\":{\"@id\":\"https:\\\/\\\/endhivdallascounty.org\\\/#organization\"},\"potentialAction\":[{\"@type\":\"SearchAction\",\"target\":{\"@type\":\"EntryPoint\",\"urlTemplate\":\"https:\\\/\\\/endhivdallascounty.org\\\/?s={search_term_string}\"},\"query-input\":{\"@type\":\"PropertyValueSpecification\",\"valueRequired\":true,\"valueName\":\"search_term_string\"}}],\"inLanguage\":\"es\"},{\"@type\":\"Organization\",\"@id\":\"https:\\\/\\\/endhivdallascounty.org\\\/#organization\",\"name\":\"End HIV Dallas County\",\"url\":\"https:\\\/\\\/endhivdallascounty.org\\\/\",\"logo\":{\"@type\":\"ImageObject\",\"inLanguage\":\"es\",\"@id\":\"https:\\\/\\\/endhivdallascounty.org\\\/#\\\/schema\\\/logo\\\/image\\\/\",\"url\":\"https:\\\/\\\/endhivdallascounty.org\\\/wp-content\\\/uploads\\\/2022\\\/01\\\/endhiv-logo.png\",\"contentUrl\":\"https:\\\/\\\/endhivdallascounty.org\\\/wp-content\\\/uploads\\\/2022\\\/01\\\/endhiv-logo.png\",\"width\":345,\"height\":103,\"caption\":\"End HIV Dallas County\"},\"image\":{\"@id\":\"https:\\\/\\\/endhivdallascounty.org\\\/#\\\/schema\\\/logo\\\/image\\\/\"}}]}<\/script>\n<!-- \/ Yoast SEO plugin. -->","yoast_head_json":{"title":"P\u00e1gina Principal | End HIV","description":"\u00danase a la misi\u00f3n del condado de Dallas para acabar con el VIH para 2030. Encuentre recursos sobre el VIH en el condado de Dallas, TX. El VIH termina contigo. Conozca su estado, sepa lo que puede hacer.","robots":{"index":"index","follow":"follow","max-snippet":"max-snippet:-1","max-image-preview":"max-image-preview:large","max-video-preview":"max-video-preview:-1"},"canonical":"https:\/\/endhivdallascounty.org\/es\/","og_locale":"es_ES","og_type":"article","og_title":"P\u00e1gina Principal | End HIV","og_description":"\u00danase a la misi\u00f3n del condado de Dallas para acabar con el VIH para 2030. Encuentre recursos sobre el VIH en el condado de Dallas, TX. El VIH termina contigo. Conozca su estado, sepa lo que puede hacer.","og_url":"https:\/\/endhivdallascounty.org\/es\/","og_site_name":"End HIV","article_modified_time":"2025-03-07T17:51:52+00:00","twitter_card":"summary_large_image","schema":{"@context":"https:\/\/schema.org","@graph":[{"@type":"WebPage","@id":"https:\/\/endhivdallascounty.org\/es\/","url":"https:\/\/endhivdallascounty.org\/es\/","name":"P\u00e1gina Principal | End HIV","isPartOf":{"@id":"https:\/\/endhivdallascounty.org\/#website"},"datePublished":"2022-01-30T08:20:38+00:00","dateModified":"2025-03-07T17:51:52+00:00","description":"\u00danase a la misi\u00f3n del condado de Dallas para acabar con el VIH para 2030. Encuentre recursos sobre el VIH en el condado de Dallas, TX. El VIH termina contigo. Conozca su estado, sepa lo que puede hacer.","breadcrumb":{"@id":"https:\/\/endhivdallascounty.org\/es\/#breadcrumb"},"inLanguage":"es","potentialAction":[{"@type":"ReadAction","target":["https:\/\/endhivdallascounty.org\/es\/"]}]},{"@type":"BreadcrumbList","@id":"https:\/\/endhivdallascounty.org\/es\/#breadcrumb","itemListElement":[{"@type":"ListItem","position":1,"name":"Home","item":"https:\/\/endhivdallascounty.org\/es\/"},{"@type":"ListItem","position":2,"name":"P\u00e1gina Principal"}]},{"@type":"WebSite","@id":"https:\/\/endhivdallascounty.org\/#website","url":"https:\/\/endhivdallascounty.org\/","name":"End HIV","description":"Just another WordPress site","publisher":{"@id":"https:\/\/endhivdallascounty.org\/#organization"},"potentialAction":[{"@type":"SearchAction","target":{"@type":"EntryPoint","urlTemplate":"https:\/\/endhivdallascounty.org\/?s={search_term_string}"},"query-input":{"@type":"PropertyValueSpecification","valueRequired":true,"valueName":"search_term_string"}}],"inLanguage":"es"},{"@type":"Organization","@id":"https:\/\/endhivdallascounty.org\/#organization","name":"End HIV Dallas County","url":"https:\/\/endhivdallascounty.org\/","logo":{"@type":"ImageObject","inLanguage":"es","@id":"https:\/\/endhivdallascounty.org\/#\/schema\/logo\/image\/","url":"https:\/\/endhivdallascounty.org\/wp-content\/uploads\/2022\/01\/endhiv-logo.png","contentUrl":"https:\/\/endhivdallascounty.org\/wp-content\/uploads\/2022\/01\/endhiv-logo.png","width":345,"height":103,"caption":"End HIV Dallas County"},"image":{"@id":"https:\/\/endhivdallascounty.org\/#\/schema\/logo\/image\/"}}]}},"_links":{"self":[{"href":"https:\/\/endhivdallascounty.org\/es\/wp-json\/wp\/v2\/pages\/316","targetHints":{"allow":["GET"]}}],"collection":[{"href":"https:\/\/endhivdallascounty.org\/es\/wp-json\/wp\/v2\/pages"}],"about":[{"href":"https:\/\/endhivdallascounty.org\/es\/wp-json\/wp\/v2\/types\/page"}],"author":[{"embeddable":true,"href":"https:\/\/endhivdallascounty.org\/es\/wp-json\/wp\/v2\/users\/1"}],"replies":[{"embeddable":true,"href":"https:\/\/endhivdallascounty.org\/es\/wp-json\/wp\/v2\/comments?post=316"}],"version-history":[{"count":19,"href":"https:\/\/endhivdallascounty.org\/es\/wp-json\/wp\/v2\/pages\/316\/revisions"}],"predecessor-version":[{"id":4205,"href":"https:\/\/endhivdallascounty.org\/es\/wp-json\/wp\/v2\/pages\/316\/revisions\/4205"}],"wp:attachment":[{"href":"https:\/\/endhivdallascounty.org\/es\/wp-json\/wp\/v2\/media?parent=316"}],"curies":[{"name":"wp","href":"https:\/\/api.w.org\/{rel}","templated":true}]}}