{"id":1536,"date":"2023-02-01T16:27:26","date_gmt":"2023-02-01T16:27:26","guid":{"rendered":"https:\/\/end-hiv.local\/encuentra-ayuda\/"},"modified":"2025-03-07T20:22:37","modified_gmt":"2025-03-07T20:22:37","slug":"encuentra-ayuda","status":"publish","type":"page","link":"https:\/\/endhivdallascounty.org\/es\/encuentra-ayuda\/","title":{"rendered":"Encuentra Ayuda"},"content":{"rendered":"<div class=\"tw:bg-black\">\n  <div class=\"tw:@container tw:relative tw:max-w-[2370px] tw:mx-auto\">\n    <img decoding=\"async\" width=\"2000\" height=\"580\" data-src=\"https:\/\/endhivdallascounty.org\/wp-content\/uploads\/2025\/02\/findhelp.jpg\" class=\"tw:hidden tw:xl:block tw:pointer-events-none tw:select-none tw:w-full tw:aspect-40\/11 tw:object-cover tw:object-center lazyload\" alt=\"\" data-srcset=\"https:\/\/endhivdallascounty.org\/wp-content\/uploads\/2025\/02\/findhelp.jpg 2000w, https:\/\/endhivdallascounty.org\/wp-content\/uploads\/2025\/02\/findhelp-300x87.jpg 300w, https:\/\/endhivdallascounty.org\/wp-content\/uploads\/2025\/02\/findhelp-1024x297.jpg 1024w, https:\/\/endhivdallascounty.org\/wp-content\/uploads\/2025\/02\/findhelp-768x223.jpg 768w, https:\/\/endhivdallascounty.org\/wp-content\/uploads\/2025\/02\/findhelp-1536x445.jpg 1536w, https:\/\/endhivdallascounty.org\/wp-content\/uploads\/2025\/02\/findhelp-500x145.jpg 500w\" data-sizes=\"(max-width: 2000px) 100vw, 2000px\" src=\"data:image\/svg+xml;base64,PHN2ZyB3aWR0aD0iMSIgaGVpZ2h0PSIxIiB4bWxucz0iaHR0cDovL3d3dy53My5vcmcvMjAwMC9zdmciPjwvc3ZnPg==\" style=\"--smush-placeholder-width: 2000px; --smush-placeholder-aspect-ratio: 2000\/580;\" \/><img decoding=\"async\" width=\"2000\" height=\"580\" data-src=\"https:\/\/endhivdallascounty.org\/wp-content\/uploads\/2025\/02\/findhelp.jpg\" class=\"tw:xl:!hidden tw:pointer-events-none tw:select-none tw:w-full tw:aspect-384\/193 tw:object-cover tw:object-center lazyload\" alt=\"\" data-srcset=\"https:\/\/endhivdallascounty.org\/wp-content\/uploads\/2025\/02\/findhelp.jpg 2000w, https:\/\/endhivdallascounty.org\/wp-content\/uploads\/2025\/02\/findhelp-300x87.jpg 300w, https:\/\/endhivdallascounty.org\/wp-content\/uploads\/2025\/02\/findhelp-1024x297.jpg 1024w, https:\/\/endhivdallascounty.org\/wp-content\/uploads\/2025\/02\/findhelp-768x223.jpg 768w, https:\/\/endhivdallascounty.org\/wp-content\/uploads\/2025\/02\/findhelp-1536x445.jpg 1536w, https:\/\/endhivdallascounty.org\/wp-content\/uploads\/2025\/02\/findhelp-500x145.jpg 500w\" data-sizes=\"(max-width: 2000px) 100vw, 2000px\" src=\"data:image\/svg+xml;base64,PHN2ZyB3aWR0aD0iMSIgaGVpZ2h0PSIxIiB4bWxucz0iaHR0cDovL3d3dy53My5vcmcvMjAwMC9zdmciPjwvc3ZnPg==\" style=\"--smush-placeholder-width: 2000px; --smush-placeholder-aspect-ratio: 2000\/580;\" \/>\n                <h1\n        class=\"tw:!text-[9.4cqw] tw:xl:!text-[min(6.3cqw,150px)] tw:font-bangers tw:absolute tw:top-1\/2 tw:-translate-y-1\/2 tw:left-[5%] tw:xl:left-[15%] tw:!text-white tw:!leading-[.85]\">\n        ENCUENTRA <br \/>\r\nAYUDA      <\/h1>\n      <\/div>\n<\/div>\n\n\n  \n  <div class=\"body-block find-help \" style=\"background-color: #26235a;\">\n    <div class=\"container\">\n              \n\n  <div class=\"text-block\">\n          <div class=\"header\">\n                              <h1 class=\"title\">La vida es complicada. Encontrar ayuda no lo es.<\/h1>\n                        <\/div>\n    \n    <div class=\"content\">\n              <p>La herramienta FindHelp es gratuita y te conecta con el apoyo que necesitas. Simplemente ingresa tu c\u00f3digo postal para encontrar chequeos m\u00e9dicos gratuitos o de bajo costo, alimentos, asistencia para la vivienda y m\u00e1s en tu \u00e1rea.<\/p>\n      \n      \n      \n\n  \n  <div>\n    <iframe\n      data-src=\"https:\/\/endhivdallascounty.findhelp.com\/widget\/v2\/endhivdallascounty?ref=https:\/\/endhivdallascounty.org\/&#038;show_branding=false&#038;postal_placeholder=Enter+your+ZIP+code&#038;btn_text=Search&#038;lang=en\" width=\"100%\" scrolling=\"no\" frameborder=\"0\" src=\"data:image\/svg+xml;base64,PHN2ZyB3aWR0aD0iMSIgaGVpZ2h0PSIxIiB4bWxucz0iaHR0cDovL3d3dy53My5vcmcvMjAwMC9zdmciPjwvc3ZnPg==\" class=\"lazyload\" data-load-mode=\"1\"><\/iframe>\n  <\/div>\n\n\n\n    <\/div>\n  <\/div>\n\n\n\n          <\/div>\n  <\/div>\n\n","protected":false},"excerpt":{"rendered":"","protected":false},"author":1,"featured_media":0,"parent":0,"menu_order":0,"comment_status":"closed","ping_status":"closed","template":"templates\/find-help.php","meta":{"_acf_changed":false,"content-type":"","footnotes":""},"class_list":["post-1536","page","type-page","status-publish","hentry"],"acf":[],"yoast_head":"<!-- This site is optimized with the Yoast SEO plugin v27.4 - https:\/\/yoast.com\/product\/yoast-seo-wordpress\/ -->\n<title>Encuentra Ayuda | End HIV<\/title>\n<meta name=\"description\" content=\"Descubra apoyo y recursos para personas afectadas por el VIH\/SIDA. Nuestra p\u00e1gina Buscar ayuda lo conecta con servicios vitales, asesoramiento y organizaciones comunitarias. Empoderate a ti mismo o a un ser querido con la asistencia necesaria en el viaje hacia el bienestar.\" \/>\n<meta name=\"robots\" content=\"index, follow, max-snippet:-1, max-image-preview:large, max-video-preview:-1\" \/>\n<link rel=\"canonical\" href=\"https:\/\/endhivdallascounty.org\/es\/encuentra-ayuda\/\" \/>\n<meta property=\"og:locale\" content=\"es_ES\" \/>\n<meta property=\"og:type\" content=\"article\" \/>\n<meta property=\"og:title\" content=\"Encuentra Ayuda | End HIV\" \/>\n<meta property=\"og:description\" content=\"Descubra apoyo y recursos para personas afectadas por el VIH\/SIDA. Nuestra p\u00e1gina Buscar ayuda lo conecta con servicios vitales, asesoramiento y organizaciones comunitarias. Empoderate a ti mismo o a un ser querido con la asistencia necesaria en el viaje hacia el bienestar.\" \/>\n<meta property=\"og:url\" content=\"https:\/\/endhivdallascounty.org\/es\/encuentra-ayuda\/\" \/>\n<meta property=\"og:site_name\" content=\"End HIV\" \/>\n<meta property=\"article:modified_time\" content=\"2025-03-07T20:22:37+00:00\" \/>\n<meta name=\"twitter:card\" content=\"summary_large_image\" \/>\n<script type=\"application\/ld+json\" class=\"yoast-schema-graph\">{\"@context\":\"https:\\\/\\\/schema.org\",\"@graph\":[{\"@type\":\"WebPage\",\"@id\":\"https:\\\/\\\/endhivdallascounty.org\\\/es\\\/encuentra-ayuda\\\/\",\"url\":\"https:\\\/\\\/endhivdallascounty.org\\\/es\\\/encuentra-ayuda\\\/\",\"name\":\"Encuentra Ayuda | End HIV\",\"isPartOf\":{\"@id\":\"https:\\\/\\\/endhivdallascounty.org\\\/#website\"},\"datePublished\":\"2023-02-01T16:27:26+00:00\",\"dateModified\":\"2025-03-07T20:22:37+00:00\",\"description\":\"Descubra apoyo y recursos para personas afectadas por el VIH\\\/SIDA. Nuestra p\u00e1gina Buscar ayuda lo conecta con servicios vitales, asesoramiento y organizaciones comunitarias. Empoderate a ti mismo o a un ser querido con la asistencia necesaria en el viaje hacia el bienestar.\",\"breadcrumb\":{\"@id\":\"https:\\\/\\\/endhivdallascounty.org\\\/es\\\/encuentra-ayuda\\\/#breadcrumb\"},\"inLanguage\":\"es\",\"potentialAction\":[{\"@type\":\"ReadAction\",\"target\":[\"https:\\\/\\\/endhivdallascounty.org\\\/es\\\/encuentra-ayuda\\\/\"]}]},{\"@type\":\"BreadcrumbList\",\"@id\":\"https:\\\/\\\/endhivdallascounty.org\\\/es\\\/encuentra-ayuda\\\/#breadcrumb\",\"itemListElement\":[{\"@type\":\"ListItem\",\"position\":1,\"name\":\"Home\",\"item\":\"https:\\\/\\\/endhivdallascounty.org\\\/es\\\/\"},{\"@type\":\"ListItem\",\"position\":2,\"name\":\"Encuentra Ayuda\"}]},{\"@type\":\"WebSite\",\"@id\":\"https:\\\/\\\/endhivdallascounty.org\\\/#website\",\"url\":\"https:\\\/\\\/endhivdallascounty.org\\\/\",\"name\":\"End HIV\",\"description\":\"Just another WordPress site\",\"publisher\":{\"@id\":\"https:\\\/\\\/endhivdallascounty.org\\\/#organization\"},\"potentialAction\":[{\"@type\":\"SearchAction\",\"target\":{\"@type\":\"EntryPoint\",\"urlTemplate\":\"https:\\\/\\\/endhivdallascounty.org\\\/?s={search_term_string}\"},\"query-input\":{\"@type\":\"PropertyValueSpecification\",\"valueRequired\":true,\"valueName\":\"search_term_string\"}}],\"inLanguage\":\"es\"},{\"@type\":\"Organization\",\"@id\":\"https:\\\/\\\/endhivdallascounty.org\\\/#organization\",\"name\":\"End HIV Dallas County\",\"url\":\"https:\\\/\\\/endhivdallascounty.org\\\/\",\"logo\":{\"@type\":\"ImageObject\",\"inLanguage\":\"es\",\"@id\":\"https:\\\/\\\/endhivdallascounty.org\\\/#\\\/schema\\\/logo\\\/image\\\/\",\"url\":\"https:\\\/\\\/endhivdallascounty.org\\\/wp-content\\\/uploads\\\/2022\\\/01\\\/endhiv-logo.png\",\"contentUrl\":\"https:\\\/\\\/endhivdallascounty.org\\\/wp-content\\\/uploads\\\/2022\\\/01\\\/endhiv-logo.png\",\"width\":345,\"height\":103,\"caption\":\"End HIV Dallas County\"},\"image\":{\"@id\":\"https:\\\/\\\/endhivdallascounty.org\\\/#\\\/schema\\\/logo\\\/image\\\/\"}}]}<\/script>\n<!-- \/ Yoast SEO plugin. -->","yoast_head_json":{"title":"Encuentra Ayuda | End HIV","description":"Descubra apoyo y recursos para personas afectadas por el VIH\/SIDA. Nuestra p\u00e1gina Buscar ayuda lo conecta con servicios vitales, asesoramiento y organizaciones comunitarias. Empoderate a ti mismo o a un ser querido con la asistencia necesaria en el viaje hacia el bienestar.","robots":{"index":"index","follow":"follow","max-snippet":"max-snippet:-1","max-image-preview":"max-image-preview:large","max-video-preview":"max-video-preview:-1"},"canonical":"https:\/\/endhivdallascounty.org\/es\/encuentra-ayuda\/","og_locale":"es_ES","og_type":"article","og_title":"Encuentra Ayuda | End HIV","og_description":"Descubra apoyo y recursos para personas afectadas por el VIH\/SIDA. Nuestra p\u00e1gina Buscar ayuda lo conecta con servicios vitales, asesoramiento y organizaciones comunitarias. Empoderate a ti mismo o a un ser querido con la asistencia necesaria en el viaje hacia el bienestar.","og_url":"https:\/\/endhivdallascounty.org\/es\/encuentra-ayuda\/","og_site_name":"End HIV","article_modified_time":"2025-03-07T20:22:37+00:00","twitter_card":"summary_large_image","schema":{"@context":"https:\/\/schema.org","@graph":[{"@type":"WebPage","@id":"https:\/\/endhivdallascounty.org\/es\/encuentra-ayuda\/","url":"https:\/\/endhivdallascounty.org\/es\/encuentra-ayuda\/","name":"Encuentra Ayuda | End HIV","isPartOf":{"@id":"https:\/\/endhivdallascounty.org\/#website"},"datePublished":"2023-02-01T16:27:26+00:00","dateModified":"2025-03-07T20:22:37+00:00","description":"Descubra apoyo y recursos para personas afectadas por el VIH\/SIDA. Nuestra p\u00e1gina Buscar ayuda lo conecta con servicios vitales, asesoramiento y organizaciones comunitarias. Empoderate a ti mismo o a un ser querido con la asistencia necesaria en el viaje hacia el bienestar.","breadcrumb":{"@id":"https:\/\/endhivdallascounty.org\/es\/encuentra-ayuda\/#breadcrumb"},"inLanguage":"es","potentialAction":[{"@type":"ReadAction","target":["https:\/\/endhivdallascounty.org\/es\/encuentra-ayuda\/"]}]},{"@type":"BreadcrumbList","@id":"https:\/\/endhivdallascounty.org\/es\/encuentra-ayuda\/#breadcrumb","itemListElement":[{"@type":"ListItem","position":1,"name":"Home","item":"https:\/\/endhivdallascounty.org\/es\/"},{"@type":"ListItem","position":2,"name":"Encuentra Ayuda"}]},{"@type":"WebSite","@id":"https:\/\/endhivdallascounty.org\/#website","url":"https:\/\/endhivdallascounty.org\/","name":"End HIV","description":"Just another WordPress site","publisher":{"@id":"https:\/\/endhivdallascounty.org\/#organization"},"potentialAction":[{"@type":"SearchAction","target":{"@type":"EntryPoint","urlTemplate":"https:\/\/endhivdallascounty.org\/?s={search_term_string}"},"query-input":{"@type":"PropertyValueSpecification","valueRequired":true,"valueName":"search_term_string"}}],"inLanguage":"es"},{"@type":"Organization","@id":"https:\/\/endhivdallascounty.org\/#organization","name":"End HIV Dallas County","url":"https:\/\/endhivdallascounty.org\/","logo":{"@type":"ImageObject","inLanguage":"es","@id":"https:\/\/endhivdallascounty.org\/#\/schema\/logo\/image\/","url":"https:\/\/endhivdallascounty.org\/wp-content\/uploads\/2022\/01\/endhiv-logo.png","contentUrl":"https:\/\/endhivdallascounty.org\/wp-content\/uploads\/2022\/01\/endhiv-logo.png","width":345,"height":103,"caption":"End HIV Dallas County"},"image":{"@id":"https:\/\/endhivdallascounty.org\/#\/schema\/logo\/image\/"}}]}},"_links":{"self":[{"href":"https:\/\/endhivdallascounty.org\/es\/wp-json\/wp\/v2\/pages\/1536","targetHints":{"allow":["GET"]}}],"collection":[{"href":"https:\/\/endhivdallascounty.org\/es\/wp-json\/wp\/v2\/pages"}],"about":[{"href":"https:\/\/endhivdallascounty.org\/es\/wp-json\/wp\/v2\/types\/page"}],"author":[{"embeddable":true,"href":"https:\/\/endhivdallascounty.org\/es\/wp-json\/wp\/v2\/users\/1"}],"replies":[{"embeddable":true,"href":"https:\/\/endhivdallascounty.org\/es\/wp-json\/wp\/v2\/comments?post=1536"}],"version-history":[{"count":7,"href":"https:\/\/endhivdallascounty.org\/es\/wp-json\/wp\/v2\/pages\/1536\/revisions"}],"predecessor-version":[{"id":4234,"href":"https:\/\/endhivdallascounty.org\/es\/wp-json\/wp\/v2\/pages\/1536\/revisions\/4234"}],"wp:attachment":[{"href":"https:\/\/endhivdallascounty.org\/es\/wp-json\/wp\/v2\/media?parent=1536"}],"curies":[{"name":"wp","href":"https:\/\/api.w.org\/{rel}","templated":true}]}}