{"id":1265,"date":"2022-06-27T06:41:51","date_gmt":"2022-06-27T06:41:51","guid":{"rendered":"https:\/\/end-hiv.local\/indicator\/"},"modified":"2025-03-07T18:04:22","modified_gmt":"2025-03-07T18:04:22","slug":"indicator","status":"publish","type":"page","link":"https:\/\/endhivdallascounty.org\/es\/indicator\/","title":{"rendered":"Indicator"},"content":{"rendered":"<div class=\"tw:bg-black\">\n  <div class=\"tw:@container tw:relative tw:max-w-[2370px] tw:mx-auto\">\n    <img decoding=\"async\" width=\"2000\" height=\"580\" data-src=\"https:\/\/endhivdallascounty.org\/wp-content\/uploads\/2025\/02\/progress_.jpg\" class=\"tw:hidden tw:xl:block tw:pointer-events-none tw:select-none tw:w-full tw:aspect-40\/11 tw:object-cover tw:object-center lazyload\" alt=\"\" data-srcset=\"https:\/\/endhivdallascounty.org\/wp-content\/uploads\/2025\/02\/progress_.jpg 2000w, https:\/\/endhivdallascounty.org\/wp-content\/uploads\/2025\/02\/progress_-300x87.jpg 300w, https:\/\/endhivdallascounty.org\/wp-content\/uploads\/2025\/02\/progress_-1024x297.jpg 1024w, https:\/\/endhivdallascounty.org\/wp-content\/uploads\/2025\/02\/progress_-768x223.jpg 768w, https:\/\/endhivdallascounty.org\/wp-content\/uploads\/2025\/02\/progress_-1536x445.jpg 1536w, https:\/\/endhivdallascounty.org\/wp-content\/uploads\/2025\/02\/progress_-500x145.jpg 500w\" data-sizes=\"(max-width: 2000px) 100vw, 2000px\" src=\"data:image\/svg+xml;base64,PHN2ZyB3aWR0aD0iMSIgaGVpZ2h0PSIxIiB4bWxucz0iaHR0cDovL3d3dy53My5vcmcvMjAwMC9zdmciPjwvc3ZnPg==\" style=\"--smush-placeholder-width: 2000px; --smush-placeholder-aspect-ratio: 2000\/580;\" \/><img decoding=\"async\" width=\"2000\" height=\"580\" data-src=\"https:\/\/endhivdallascounty.org\/wp-content\/uploads\/2025\/02\/progress_.jpg\" class=\"tw:xl:!hidden tw:pointer-events-none tw:select-none tw:w-full tw:aspect-384\/193 tw:object-cover tw:object-center lazyload\" alt=\"\" data-srcset=\"https:\/\/endhivdallascounty.org\/wp-content\/uploads\/2025\/02\/progress_.jpg 2000w, https:\/\/endhivdallascounty.org\/wp-content\/uploads\/2025\/02\/progress_-300x87.jpg 300w, https:\/\/endhivdallascounty.org\/wp-content\/uploads\/2025\/02\/progress_-1024x297.jpg 1024w, https:\/\/endhivdallascounty.org\/wp-content\/uploads\/2025\/02\/progress_-768x223.jpg 768w, https:\/\/endhivdallascounty.org\/wp-content\/uploads\/2025\/02\/progress_-1536x445.jpg 1536w, https:\/\/endhivdallascounty.org\/wp-content\/uploads\/2025\/02\/progress_-500x145.jpg 500w\" data-sizes=\"(max-width: 2000px) 100vw, 2000px\" src=\"data:image\/svg+xml;base64,PHN2ZyB3aWR0aD0iMSIgaGVpZ2h0PSIxIiB4bWxucz0iaHR0cDovL3d3dy53My5vcmcvMjAwMC9zdmciPjwvc3ZnPg==\" style=\"--smush-placeholder-width: 2000px; --smush-placeholder-aspect-ratio: 2000\/580;\" \/>\n                <h1\n        class=\"tw:!text-[9.4cqw] tw:xl:!text-[min(6.3cqw,150px)] tw:font-bangers tw:absolute tw:top-1\/2 tw:-translate-y-1\/2 tw:left-[5%] tw:xl:left-[15%] tw:!text-white tw:!leading-[.85]\">\n        PROGRESO      <\/h1>\n      <\/div>\n<\/div>\n\n\n  \n  <div class=\"body-block indicators tw:bg-ehe-dark-blue\" >\n    <div class=\"container\">\n              \n\n      \n      \n        <div class=\"row row-card\">\n          <div class=\"col-lg-12\">\n            <div class=\"indicator-container\">\n              <div class=\"header half\">\n                <h2 class=\"title\">Progreso en el condado de Dallas<\/h2>\n                <span class=\"message\">Los cuadros siguientes miden y demuestran los resultados pasados, presentes, y futuros en cuanto a la  iniciativa Ending the HIV Epidemic (EHE) en los Estados Unidos. La iniciativa EHE busca reducir todas las nuevas infecciones de VIH en los Estados Unidos en un 75% en cinco a\u00f1os y en un 90% en 10 a\u00f1os El Condado de Dallas est\u00e1 dedicado a alcanzar esta meta para el 2030.\r\n\r\n<\/span>\n              <\/div>\n              <div class=\"body\">\n                <div class=\"row\">\n                                                            <div class=\"col-lg-6\">\n                        <div class=\"card\">\n                          <div class=\"header\">\n                            <h2 class=\"title\">INCIDENCIA<\/h2>\n                            <i class=\"fa fa-area-chart\"><\/i>\n                          <\/div>\n                          <div class=\"body tw:bg-white\">\n                            <p>La incidencia es el n\u00famero estimado de infecciones en un a\u00f1o dado. Nuestra meta es ver el n\u00famero de infecciones de VIH bajar significativamente para el 2030.<\/p>\n                            <img width=\"1127\" height=\"663\" data-src=\"https:\/\/endhivdallascounty.org\/wp-content\/uploads\/2023\/04\/indicator_incidence-e1681833930336.png\" class=\"attachment-full size-full lazyload\" alt=\"\" decoding=\"async\" data-srcset=\"https:\/\/endhivdallascounty.org\/wp-content\/uploads\/2023\/04\/indicator_incidence-e1681833930336.png 1127w, https:\/\/endhivdallascounty.org\/wp-content\/uploads\/2023\/04\/indicator_incidence-e1681833930336-300x176.png 300w, https:\/\/endhivdallascounty.org\/wp-content\/uploads\/2023\/04\/indicator_incidence-e1681833930336-1024x602.png 1024w, https:\/\/endhivdallascounty.org\/wp-content\/uploads\/2023\/04\/indicator_incidence-e1681833930336-768x452.png 768w, https:\/\/endhivdallascounty.org\/wp-content\/uploads\/2023\/04\/indicator_incidence-e1681833930336-500x294.png 500w\" data-sizes=\"(max-width: 1127px) 100vw, 1127px\" src=\"data:image\/svg+xml;base64,PHN2ZyB3aWR0aD0iMSIgaGVpZ2h0PSIxIiB4bWxucz0iaHR0cDovL3d3dy53My5vcmcvMjAwMC9zdmciPjwvc3ZnPg==\" style=\"--smush-placeholder-width: 1127px; --smush-placeholder-aspect-ratio: 1127\/663;\" \/>                          <\/div>\n                        <\/div>\n                      <\/div>\n                                          <div class=\"col-lg-6\">\n                        <div class=\"card\">\n                          <div class=\"header\">\n                            <h2 class=\"title\">CONOCIMIENTO DE ESTATUS<\/h2>\n                            <i class=\"fa fa-area-chart\"><\/i>\n                          <\/div>\n                          <div class=\"body tw:bg-white\">\n                            <p>Conocimiento del estatus de VIH positivo ocurre cuando una persona con VIH se hace la prueba y es diagnosticada con la infecci\u00f3n de VIH. El hacerse la prueba y saber su estatus son los puntos de comienzo para un individuo pueda recibir ya sea servicios de prevenci\u00f3n de VIH (si es negativo) o cuidados m\u00e9dicos (si es positivo), ya que ambos son importantes para mantenerse saludable y limitar la propagaci\u00f3n de VIH.<\/p>\n                            <img width=\"1080\" height=\"633\" data-src=\"https:\/\/endhivdallascounty.org\/wp-content\/uploads\/2023\/04\/indicator_knowledge-of-status-e1681834195492.png\" class=\"attachment-full size-full lazyload\" alt=\"\" decoding=\"async\" data-srcset=\"https:\/\/endhivdallascounty.org\/wp-content\/uploads\/2023\/04\/indicator_knowledge-of-status-e1681834195492.png 1080w, https:\/\/endhivdallascounty.org\/wp-content\/uploads\/2023\/04\/indicator_knowledge-of-status-e1681834195492-300x176.png 300w, https:\/\/endhivdallascounty.org\/wp-content\/uploads\/2023\/04\/indicator_knowledge-of-status-e1681834195492-1024x600.png 1024w, https:\/\/endhivdallascounty.org\/wp-content\/uploads\/2023\/04\/indicator_knowledge-of-status-e1681834195492-768x450.png 768w, https:\/\/endhivdallascounty.org\/wp-content\/uploads\/2023\/04\/indicator_knowledge-of-status-e1681834195492-500x293.png 500w\" data-sizes=\"(max-width: 1080px) 100vw, 1080px\" src=\"data:image\/svg+xml;base64,PHN2ZyB3aWR0aD0iMSIgaGVpZ2h0PSIxIiB4bWxucz0iaHR0cDovL3d3dy53My5vcmcvMjAwMC9zdmciPjwvc3ZnPg==\" style=\"--smush-placeholder-width: 1080px; --smush-placeholder-aspect-ratio: 1080\/633;\" \/>                          <\/div>\n                        <\/div>\n                      <\/div>\n                                                      <\/div>\n              <\/div>\n            <\/div>\n          <\/div>\n        <\/div>\n\n          \n      \n        <div class=\"row row-card\">\n          <div class=\"col-lg-12\">\n            <div class=\"indicator-container\">\n              <div class=\"header half\">\n                <h2 class=\"title\">INDICADORES PRINCIPALES<\/h2>\n                <span class=\"message\">Estos indicadores principales demuestran el movimiento hacia lograr las metas de la iniciativa EHE y proporcionar actualizaciones frecuentemente.\r\n<\/span>\n              <\/div>\n              <div class=\"body\">\n                <div class=\"row\">\n                                                            <div class=\"col-lg-6\">\n                        <div class=\"card\">\n                          <div class=\"header\">\n                            <h2 class=\"title\">DIAGN\u00d3STICOS<\/h2>\n                            <i class=\"fa fa-area-chart\"><\/i>\n                          <\/div>\n                          <div class=\"body tw:bg-white\">\n                            <p>Los diagn\u00f3sticos son el n\u00famero de personas que son diagnosticadas con VIH en un a\u00f1o y cuyo diagn\u00f3stico es confirmado por un laboratorio o evidencia cl\u00ednica. Es el n\u00famero de residentes del Condado de Dallas que han sido diagnosticados con VIH por un profesional m\u00e9dico que administr\u00f3 una prueba.<\/p>\n                            <img width=\"1283\" height=\"708\" data-src=\"https:\/\/endhivdallascounty.org\/wp-content\/uploads\/2023\/04\/Indicator_diagnoses-e1681834128877.png\" class=\"attachment-full size-full lazyload\" alt=\"\" decoding=\"async\" data-srcset=\"https:\/\/endhivdallascounty.org\/wp-content\/uploads\/2023\/04\/Indicator_diagnoses-e1681834128877.png 1283w, https:\/\/endhivdallascounty.org\/wp-content\/uploads\/2023\/04\/Indicator_diagnoses-e1681834128877-300x166.png 300w, https:\/\/endhivdallascounty.org\/wp-content\/uploads\/2023\/04\/Indicator_diagnoses-e1681834128877-1024x565.png 1024w, https:\/\/endhivdallascounty.org\/wp-content\/uploads\/2023\/04\/Indicator_diagnoses-e1681834128877-768x424.png 768w, https:\/\/endhivdallascounty.org\/wp-content\/uploads\/2023\/04\/Indicator_diagnoses-e1681834128877-500x276.png 500w\" data-sizes=\"(max-width: 1283px) 100vw, 1283px\" src=\"data:image\/svg+xml;base64,PHN2ZyB3aWR0aD0iMSIgaGVpZ2h0PSIxIiB4bWxucz0iaHR0cDovL3d3dy53My5vcmcvMjAwMC9zdmciPjwvc3ZnPg==\" style=\"--smush-placeholder-width: 1283px; --smush-placeholder-aspect-ratio: 1283\/708;\" \/>                          <\/div>\n                        <\/div>\n                      <\/div>\n                                          <div class=\"col-lg-6\">\n                        <div class=\"card\">\n                          <div class=\"header\">\n                            <h2 class=\"title\">ENLACES A ATENCI\u00d3N M\u00c9DICA PARA EL VIH<\/h2>\n                            <i class=\"fa fa-area-chart\"><\/i>\n                          <\/div>\n                          <div class=\"body tw:bg-white\">\n                            <p>El enlace con los cuidados m\u00e9dicos para el VIH es el porcentaje de personas que viven con un diagn\u00f3stico de VIH en un a\u00f1o que han recibido cuidados m\u00e9dicos para su infecci\u00f3n a un mes de haber sido diagnosticados con la enfermedad. El n\u00famero de residentes del Condado de Dallas que est\u00e1n recibiendo cuidados m\u00e9dicos para el VIH despu\u00e9s de su diagn\u00f3stico. Para 2030, nuestra meta es que al menos el 95% de la comunidad reciba tratamiento.<\/p>\n                            <img width=\"1139\" height=\"705\" data-src=\"https:\/\/endhivdallascounty.org\/wp-content\/uploads\/2023\/04\/indicator_linkage-e1681834032140.png\" class=\"attachment-full size-full lazyload\" alt=\"\" decoding=\"async\" data-srcset=\"https:\/\/endhivdallascounty.org\/wp-content\/uploads\/2023\/04\/indicator_linkage-e1681834032140.png 1139w, https:\/\/endhivdallascounty.org\/wp-content\/uploads\/2023\/04\/indicator_linkage-e1681834032140-300x186.png 300w, https:\/\/endhivdallascounty.org\/wp-content\/uploads\/2023\/04\/indicator_linkage-e1681834032140-1024x634.png 1024w, https:\/\/endhivdallascounty.org\/wp-content\/uploads\/2023\/04\/indicator_linkage-e1681834032140-768x475.png 768w, https:\/\/endhivdallascounty.org\/wp-content\/uploads\/2023\/04\/indicator_linkage-e1681834032140-500x309.png 500w\" data-sizes=\"(max-width: 1139px) 100vw, 1139px\" src=\"data:image\/svg+xml;base64,PHN2ZyB3aWR0aD0iMSIgaGVpZ2h0PSIxIiB4bWxucz0iaHR0cDovL3d3dy53My5vcmcvMjAwMC9zdmciPjwvc3ZnPg==\" style=\"--smush-placeholder-width: 1139px; --smush-placeholder-aspect-ratio: 1139\/705;\" \/>                          <\/div>\n                        <\/div>\n                      <\/div>\n                                          <div class=\"col-lg-6\">\n                        <div class=\"card\">\n                          <div class=\"header\">\n                            <h2 class=\"title\">SUPRESI\u00d3N VIRAL<\/h2>\n                            <i class=\"fa fa-area-chart\"><\/i>\n                          <\/div>\n                          <div class=\"body tw:bg-white\">\n                            <p>La supresi\u00f3n viral es el porcentaje de personas que viven con VIH cuya carga viral de VIH es menos de 200 copias por mil\u00edmetro de sangre en un a\u00f1o dado. La supresi\u00f3n viral se alcanza cuando alguien vive con VIH y sus pruebas tiene resultados del virus indetectable, lo que significa que el virus no puede ser transmitido.<\/p>\n                            <img width=\"1123\" height=\"642\" data-src=\"https:\/\/endhivdallascounty.org\/wp-content\/uploads\/2023\/04\/indicator_viral-supression-e1681834092350.png\" class=\"attachment-full size-full lazyload\" alt=\"\" decoding=\"async\" data-srcset=\"https:\/\/endhivdallascounty.org\/wp-content\/uploads\/2023\/04\/indicator_viral-supression-e1681834092350.png 1123w, https:\/\/endhivdallascounty.org\/wp-content\/uploads\/2023\/04\/indicator_viral-supression-e1681834092350-300x172.png 300w, https:\/\/endhivdallascounty.org\/wp-content\/uploads\/2023\/04\/indicator_viral-supression-e1681834092350-1024x585.png 1024w, https:\/\/endhivdallascounty.org\/wp-content\/uploads\/2023\/04\/indicator_viral-supression-e1681834092350-768x439.png 768w, https:\/\/endhivdallascounty.org\/wp-content\/uploads\/2023\/04\/indicator_viral-supression-e1681834092350-500x286.png 500w\" data-sizes=\"(max-width: 1123px) 100vw, 1123px\" src=\"data:image\/svg+xml;base64,PHN2ZyB3aWR0aD0iMSIgaGVpZ2h0PSIxIiB4bWxucz0iaHR0cDovL3d3dy53My5vcmcvMjAwMC9zdmciPjwvc3ZnPg==\" style=\"--smush-placeholder-width: 1123px; --smush-placeholder-aspect-ratio: 1123\/642;\" \/>                          <\/div>\n                        <\/div>\n                      <\/div>\n                                          <div class=\"col-lg-6\">\n                        <div class=\"card\">\n                          <div class=\"header\">\n                            <h2 class=\"title\">COBERTURA PREP<\/h2>\n                            <i class=\"fa fa-area-chart\"><\/i>\n                          <\/div>\n                          <div class=\"body tw:bg-white\">\n                            <p>La cobertura PrEP es el porcentaje estimado de individuos a quienes se les ha recetado PrEP entre los que lo necesitan. Este es el n\u00famero de residentes que est\u00e1n tomando PrEp (profilaxis antes de la exposici\u00f3n) para reducir el riesgo de contraer el VIH a trav\u00e9s de las relaciones sexuales.<\/p>\n                            <img width=\"1147\" height=\"655\" data-src=\"https:\/\/endhivdallascounty.org\/wp-content\/uploads\/2023\/04\/indicator_prep-e1681834059555.png\" class=\"attachment-full size-full lazyload\" alt=\"\" decoding=\"async\" data-srcset=\"https:\/\/endhivdallascounty.org\/wp-content\/uploads\/2023\/04\/indicator_prep-e1681834059555.png 1147w, https:\/\/endhivdallascounty.org\/wp-content\/uploads\/2023\/04\/indicator_prep-e1681834059555-300x171.png 300w, https:\/\/endhivdallascounty.org\/wp-content\/uploads\/2023\/04\/indicator_prep-e1681834059555-1024x585.png 1024w, https:\/\/endhivdallascounty.org\/wp-content\/uploads\/2023\/04\/indicator_prep-e1681834059555-768x439.png 768w, https:\/\/endhivdallascounty.org\/wp-content\/uploads\/2023\/04\/indicator_prep-e1681834059555-500x286.png 500w\" data-sizes=\"(max-width: 1147px) 100vw, 1147px\" src=\"data:image\/svg+xml;base64,PHN2ZyB3aWR0aD0iMSIgaGVpZ2h0PSIxIiB4bWxucz0iaHR0cDovL3d3dy53My5vcmcvMjAwMC9zdmciPjwvc3ZnPg==\" style=\"--smush-placeholder-width: 1147px; --smush-placeholder-aspect-ratio: 1147\/655;\" \/>                          <\/div>\n                        <\/div>\n                      <\/div>\n                                                      <\/div>\n              <\/div>\n            <\/div>\n          <\/div>\n        <\/div>\n\n            \n    \n\n\n          <\/div>\n  <\/div>\n\n","protected":false},"excerpt":{"rendered":"","protected":false},"author":1,"featured_media":0,"parent":0,"menu_order":0,"comment_status":"closed","ping_status":"closed","template":"templates\/indicator.php","meta":{"_acf_changed":false,"content-type":"","footnotes":""},"class_list":["post-1265","page","type-page","status-publish","hentry"],"acf":[],"yoast_head":"<!-- This site is optimized with the Yoast SEO plugin v27.5 - https:\/\/yoast.com\/product\/yoast-seo-wordpress\/ -->\n<title>Indicadores del condado de Dallas en la lucha contra el HIV<\/title>\n<meta name=\"description\" content=\"Poner fin al HIV El progreso del condado de Dallas con respecto a la iniciativa Poner fin a la epidemia del HIV (EHE). Descubra recursos para la prevenci\u00f3n, las pruebas y el tratamiento del HIV en Dallas.\" \/>\n<meta name=\"robots\" content=\"index, follow, max-snippet:-1, max-image-preview:large, max-video-preview:-1\" \/>\n<link rel=\"canonical\" href=\"https:\/\/endhivdallascounty.org\/es\/indicator\/\" \/>\n<meta property=\"og:locale\" content=\"es_ES\" \/>\n<meta property=\"og:type\" content=\"article\" \/>\n<meta property=\"og:title\" content=\"Indicadores del condado de Dallas en la lucha contra el HIV\" \/>\n<meta property=\"og:description\" content=\"Poner fin al HIV El progreso del condado de Dallas con respecto a la iniciativa Poner fin a la epidemia del HIV (EHE). Descubra recursos para la prevenci\u00f3n, las pruebas y el tratamiento del HIV en Dallas.\" \/>\n<meta property=\"og:url\" content=\"https:\/\/endhivdallascounty.org\/es\/indicator\/\" \/>\n<meta property=\"og:site_name\" content=\"End HIV\" \/>\n<meta property=\"article:modified_time\" content=\"2025-03-07T18:04:22+00:00\" \/>\n<meta name=\"twitter:card\" content=\"summary_large_image\" \/>\n<script type=\"application\/ld+json\" class=\"yoast-schema-graph\">{\"@context\":\"https:\\\/\\\/schema.org\",\"@graph\":[{\"@type\":\"WebPage\",\"@id\":\"https:\\\/\\\/endhivdallascounty.org\\\/es\\\/indicator\\\/\",\"url\":\"https:\\\/\\\/endhivdallascounty.org\\\/es\\\/indicator\\\/\",\"name\":\"Indicadores del condado de Dallas en la lucha contra el HIV\",\"isPartOf\":{\"@id\":\"https:\\\/\\\/endhivdallascounty.org\\\/#website\"},\"datePublished\":\"2022-06-27T06:41:51+00:00\",\"dateModified\":\"2025-03-07T18:04:22+00:00\",\"description\":\"Poner fin al HIV El progreso del condado de Dallas con respecto a la iniciativa Poner fin a la epidemia del HIV (EHE). Descubra recursos para la prevenci\u00f3n, las pruebas y el tratamiento del HIV en Dallas.\",\"breadcrumb\":{\"@id\":\"https:\\\/\\\/endhivdallascounty.org\\\/es\\\/indicator\\\/#breadcrumb\"},\"inLanguage\":\"es\",\"potentialAction\":[{\"@type\":\"ReadAction\",\"target\":[\"https:\\\/\\\/endhivdallascounty.org\\\/es\\\/indicator\\\/\"]}]},{\"@type\":\"BreadcrumbList\",\"@id\":\"https:\\\/\\\/endhivdallascounty.org\\\/es\\\/indicator\\\/#breadcrumb\",\"itemListElement\":[{\"@type\":\"ListItem\",\"position\":1,\"name\":\"Home\",\"item\":\"https:\\\/\\\/endhivdallascounty.org\\\/es\\\/\"},{\"@type\":\"ListItem\",\"position\":2,\"name\":\"Indicator\"}]},{\"@type\":\"WebSite\",\"@id\":\"https:\\\/\\\/endhivdallascounty.org\\\/#website\",\"url\":\"https:\\\/\\\/endhivdallascounty.org\\\/\",\"name\":\"End HIV\",\"description\":\"Just another WordPress site\",\"publisher\":{\"@id\":\"https:\\\/\\\/endhivdallascounty.org\\\/#organization\"},\"potentialAction\":[{\"@type\":\"SearchAction\",\"target\":{\"@type\":\"EntryPoint\",\"urlTemplate\":\"https:\\\/\\\/endhivdallascounty.org\\\/?s={search_term_string}\"},\"query-input\":{\"@type\":\"PropertyValueSpecification\",\"valueRequired\":true,\"valueName\":\"search_term_string\"}}],\"inLanguage\":\"es\"},{\"@type\":\"Organization\",\"@id\":\"https:\\\/\\\/endhivdallascounty.org\\\/#organization\",\"name\":\"End HIV Dallas County\",\"url\":\"https:\\\/\\\/endhivdallascounty.org\\\/\",\"logo\":{\"@type\":\"ImageObject\",\"inLanguage\":\"es\",\"@id\":\"https:\\\/\\\/endhivdallascounty.org\\\/#\\\/schema\\\/logo\\\/image\\\/\",\"url\":\"https:\\\/\\\/endhivdallascounty.org\\\/wp-content\\\/uploads\\\/2022\\\/01\\\/endhiv-logo.png\",\"contentUrl\":\"https:\\\/\\\/endhivdallascounty.org\\\/wp-content\\\/uploads\\\/2022\\\/01\\\/endhiv-logo.png\",\"width\":345,\"height\":103,\"caption\":\"End HIV Dallas County\"},\"image\":{\"@id\":\"https:\\\/\\\/endhivdallascounty.org\\\/#\\\/schema\\\/logo\\\/image\\\/\"}}]}<\/script>\n<!-- \/ Yoast SEO plugin. -->","yoast_head_json":{"title":"Indicadores del condado de Dallas en la lucha contra el HIV","description":"Poner fin al HIV El progreso del condado de Dallas con respecto a la iniciativa Poner fin a la epidemia del HIV (EHE). Descubra recursos para la prevenci\u00f3n, las pruebas y el tratamiento del HIV en Dallas.","robots":{"index":"index","follow":"follow","max-snippet":"max-snippet:-1","max-image-preview":"max-image-preview:large","max-video-preview":"max-video-preview:-1"},"canonical":"https:\/\/endhivdallascounty.org\/es\/indicator\/","og_locale":"es_ES","og_type":"article","og_title":"Indicadores del condado de Dallas en la lucha contra el HIV","og_description":"Poner fin al HIV El progreso del condado de Dallas con respecto a la iniciativa Poner fin a la epidemia del HIV (EHE). Descubra recursos para la prevenci\u00f3n, las pruebas y el tratamiento del HIV en Dallas.","og_url":"https:\/\/endhivdallascounty.org\/es\/indicator\/","og_site_name":"End HIV","article_modified_time":"2025-03-07T18:04:22+00:00","twitter_card":"summary_large_image","schema":{"@context":"https:\/\/schema.org","@graph":[{"@type":"WebPage","@id":"https:\/\/endhivdallascounty.org\/es\/indicator\/","url":"https:\/\/endhivdallascounty.org\/es\/indicator\/","name":"Indicadores del condado de Dallas en la lucha contra el HIV","isPartOf":{"@id":"https:\/\/endhivdallascounty.org\/#website"},"datePublished":"2022-06-27T06:41:51+00:00","dateModified":"2025-03-07T18:04:22+00:00","description":"Poner fin al HIV El progreso del condado de Dallas con respecto a la iniciativa Poner fin a la epidemia del HIV (EHE). Descubra recursos para la prevenci\u00f3n, las pruebas y el tratamiento del HIV en Dallas.","breadcrumb":{"@id":"https:\/\/endhivdallascounty.org\/es\/indicator\/#breadcrumb"},"inLanguage":"es","potentialAction":[{"@type":"ReadAction","target":["https:\/\/endhivdallascounty.org\/es\/indicator\/"]}]},{"@type":"BreadcrumbList","@id":"https:\/\/endhivdallascounty.org\/es\/indicator\/#breadcrumb","itemListElement":[{"@type":"ListItem","position":1,"name":"Home","item":"https:\/\/endhivdallascounty.org\/es\/"},{"@type":"ListItem","position":2,"name":"Indicator"}]},{"@type":"WebSite","@id":"https:\/\/endhivdallascounty.org\/#website","url":"https:\/\/endhivdallascounty.org\/","name":"End HIV","description":"Just another WordPress site","publisher":{"@id":"https:\/\/endhivdallascounty.org\/#organization"},"potentialAction":[{"@type":"SearchAction","target":{"@type":"EntryPoint","urlTemplate":"https:\/\/endhivdallascounty.org\/?s={search_term_string}"},"query-input":{"@type":"PropertyValueSpecification","valueRequired":true,"valueName":"search_term_string"}}],"inLanguage":"es"},{"@type":"Organization","@id":"https:\/\/endhivdallascounty.org\/#organization","name":"End HIV Dallas County","url":"https:\/\/endhivdallascounty.org\/","logo":{"@type":"ImageObject","inLanguage":"es","@id":"https:\/\/endhivdallascounty.org\/#\/schema\/logo\/image\/","url":"https:\/\/endhivdallascounty.org\/wp-content\/uploads\/2022\/01\/endhiv-logo.png","contentUrl":"https:\/\/endhivdallascounty.org\/wp-content\/uploads\/2022\/01\/endhiv-logo.png","width":345,"height":103,"caption":"End HIV Dallas County"},"image":{"@id":"https:\/\/endhivdallascounty.org\/#\/schema\/logo\/image\/"}}]}},"_links":{"self":[{"href":"https:\/\/endhivdallascounty.org\/es\/wp-json\/wp\/v2\/pages\/1265","targetHints":{"allow":["GET"]}}],"collection":[{"href":"https:\/\/endhivdallascounty.org\/es\/wp-json\/wp\/v2\/pages"}],"about":[{"href":"https:\/\/endhivdallascounty.org\/es\/wp-json\/wp\/v2\/types\/page"}],"author":[{"embeddable":true,"href":"https:\/\/endhivdallascounty.org\/es\/wp-json\/wp\/v2\/users\/1"}],"replies":[{"embeddable":true,"href":"https:\/\/endhivdallascounty.org\/es\/wp-json\/wp\/v2\/comments?post=1265"}],"version-history":[{"count":7,"href":"https:\/\/endhivdallascounty.org\/es\/wp-json\/wp\/v2\/pages\/1265\/revisions"}],"predecessor-version":[{"id":4214,"href":"https:\/\/endhivdallascounty.org\/es\/wp-json\/wp\/v2\/pages\/1265\/revisions\/4214"}],"wp:attachment":[{"href":"https:\/\/endhivdallascounty.org\/es\/wp-json\/wp\/v2\/media?parent=1265"}],"curies":[{"name":"wp","href":"https:\/\/api.w.org\/{rel}","templated":true}]}}