{"id":1262,"date":"2022-06-27T06:40:23","date_gmt":"2022-06-27T06:40:23","guid":{"rendered":"https:\/\/end-hiv.local\/educacion\/"},"modified":"2025-03-07T20:30:20","modified_gmt":"2025-03-07T20:30:20","slug":"educacion","status":"publish","type":"page","link":"https:\/\/endhivdallascounty.org\/es\/educacion\/","title":{"rendered":"Educaci\u00f3n"},"content":{"rendered":"<div class=\"tw:bg-black\">\n  <div class=\"tw:@container tw:relative tw:max-w-[2370px] tw:mx-auto\">\n    <img decoding=\"async\" width=\"2000\" height=\"580\" data-src=\"https:\/\/endhivdallascounty.org\/wp-content\/uploads\/2025\/02\/mission-mission.jpg\" class=\"tw:hidden tw:xl:block tw:pointer-events-none tw:select-none tw:w-full tw:aspect-40\/11 tw:object-cover tw:object-center lazyload\" alt=\"\" data-srcset=\"https:\/\/endhivdallascounty.org\/wp-content\/uploads\/2025\/02\/mission-mission.jpg 2000w, https:\/\/endhivdallascounty.org\/wp-content\/uploads\/2025\/02\/mission-mission-300x87.jpg 300w, https:\/\/endhivdallascounty.org\/wp-content\/uploads\/2025\/02\/mission-mission-1024x297.jpg 1024w, https:\/\/endhivdallascounty.org\/wp-content\/uploads\/2025\/02\/mission-mission-768x223.jpg 768w, https:\/\/endhivdallascounty.org\/wp-content\/uploads\/2025\/02\/mission-mission-1536x445.jpg 1536w, https:\/\/endhivdallascounty.org\/wp-content\/uploads\/2025\/02\/mission-mission-500x145.jpg 500w\" data-sizes=\"(max-width: 2000px) 100vw, 2000px\" src=\"data:image\/svg+xml;base64,PHN2ZyB3aWR0aD0iMSIgaGVpZ2h0PSIxIiB4bWxucz0iaHR0cDovL3d3dy53My5vcmcvMjAwMC9zdmciPjwvc3ZnPg==\" style=\"--smush-placeholder-width: 2000px; --smush-placeholder-aspect-ratio: 2000\/580;\" \/><img decoding=\"async\" width=\"2000\" height=\"580\" data-src=\"https:\/\/endhivdallascounty.org\/wp-content\/uploads\/2025\/02\/mission-mission.jpg\" class=\"tw:xl:!hidden tw:pointer-events-none tw:select-none tw:w-full tw:aspect-384\/193 tw:object-cover tw:object-center lazyload\" alt=\"\" data-srcset=\"https:\/\/endhivdallascounty.org\/wp-content\/uploads\/2025\/02\/mission-mission.jpg 2000w, https:\/\/endhivdallascounty.org\/wp-content\/uploads\/2025\/02\/mission-mission-300x87.jpg 300w, https:\/\/endhivdallascounty.org\/wp-content\/uploads\/2025\/02\/mission-mission-1024x297.jpg 1024w, https:\/\/endhivdallascounty.org\/wp-content\/uploads\/2025\/02\/mission-mission-768x223.jpg 768w, https:\/\/endhivdallascounty.org\/wp-content\/uploads\/2025\/02\/mission-mission-1536x445.jpg 1536w, https:\/\/endhivdallascounty.org\/wp-content\/uploads\/2025\/02\/mission-mission-500x145.jpg 500w\" data-sizes=\"(max-width: 2000px) 100vw, 2000px\" src=\"data:image\/svg+xml;base64,PHN2ZyB3aWR0aD0iMSIgaGVpZ2h0PSIxIiB4bWxucz0iaHR0cDovL3d3dy53My5vcmcvMjAwMC9zdmciPjwvc3ZnPg==\" style=\"--smush-placeholder-width: 2000px; --smush-placeholder-aspect-ratio: 2000\/580;\" \/>\n                <h1\n        class=\"tw:!text-[9.4cqw] tw:xl:!text-[min(6.3cqw,150px)] tw:font-bangers tw:absolute tw:top-1\/2 tw:-translate-y-1\/2 tw:left-[5%] tw:xl:left-[15%] tw:!text-white tw:!leading-[.85]\">\n        EDUCACI\u00d3N      <\/h1>\n      <\/div>\n<\/div>\n\n\n  \n  <div class=\"body-block education \" style=\"background-color: #006aa6;\">\n    <div class=\"container\">\n              <div class=\"education-section\">\n          \n\n  <div class=\"text-block\">\n          <div class=\"header\">\n                              <h1 class=\"title\">La clase est\u00e1 en sesi\u00f3n<\/h1>\n                        <\/div>\n    \n    <div class=\"content\">\n              <p>Cuando hablas de salud sexual, es importante no solo compartir datos correctos y evitar el propagar la desinformaci\u00f3n y los mitos perniciosos. \u00bfQuieres aprender m\u00e1s y educar a los dem\u00e1s? \u00a1Empecemos!<\/p>\n      \n      \n      \n    <\/div>\n  <\/div>\n\n\n\n        <\/div>\n          <\/div>\n  <\/div>\n\n\n\n\n  \n  <div class=\"body-block education \" style=\"background-color: #ffd630;\">\n    <div class=\"container\">\n              <div class=\"education-section\">\n          \n\n  <div class=\"content\">\n    <div class=\"accordion-block\">\n              <div class=\"header\">\n          <h2 class=\"title\">Hechos<\/h2>\n        <\/div>\n      \n      <div class=\"content\">\n        <div class=\"accordion-container\">\n                                    <div class=\"accordion show collapse\">\n                <div class=\"head-section\">\n                  <div class=\"title-block\">\n                    <div class=\"title-container\">\n                                                                        <div class=\"title\">\u00bfQu\u00e9 es el VIH?<\/div>\n                                                                  <\/div>\n                  <\/div>\n                  <div class=\"plus\">\n                    <i class=\"fa fa-plus\" aria-hidden=\"true\"><\/i>\n                  <\/div>\n                  <div class=\"minus\">\n                    <i class=\"fa fa-minus\" aria-hidden=\"true\"><\/i>\n                  <\/div>\n                <\/div>\n                <div class=\"body-section\">\n                  <div class=\"text-block\">\n                    <p><strong>EL VIH y el SIDA no son lo mismo.<\/strong> Si una infecci\u00f3n de VIH (virus de inmunodeficiencia humana) no se trata se puede convertir en SIDA. Si no sabes si has sido expuesto a al VIH a trav\u00e9s de sexo sin protecci\u00f3n o uso de drogas inyectables, es crucial que te hagas la prueba y comiences tratamiento lo antes posible. EL VIH es completamente manejable con medicamentos diarios, y podr\u00e1s vivir una vida plena.<\/p>\n<p>El VIH es un virus que ataca el sistema inmune del cuerpo y si se deja sin tratamiento se puede desarrollar en SIDA. Hay tres estados de VIH:<\/p>\n<p>&nbsp;<\/p>\n<p><strong>Etapa 1: Infecci\u00f3n de VIH aguda<\/strong><\/p>\n<p>El estado m\u00e1s contagioso donde un individuo tiene una gran cantidad de VIH en la sangre. Algunos experimentar\u00e1n s\u00edntomas parecidos a los de la gripe o ninguno. El diagn\u00f3stico de VIH por prueba de ant\u00edgeno\/ anticuerpos o \u00e1cido nucleico (NATs).<\/p>\n<p><strong>Etapa 2: Infecci\u00f3n de VIH cr\u00f3nica<\/strong><\/p>\n<p>Durante un estado sin s\u00edntomas\u2014o que no muestra s\u00edntomas\u2014el VIH se reproduce a muy bajos niveles y puede trasmitirse. En este estado, la cuenta de las c\u00e9lulas CD4 bajan y los niveles del virus incrementan. Los s\u00edntomas pueden comenzar y el cuerpo puede pasar al Estado 3.<\/p>\n<p>Si se toma la medicina contra el VIH como es recetada, nunca pasar\u00e1s del Estado 2.<\/p>\n<p><strong>Etapa 3: S\u00edndrome de Inmunodeficiencia Adquirida (SIDA)<\/strong><\/p>\n<p>Esta es la fase final de la infecci\u00f3n del VIH. Tu sistema inmune est\u00e1 severamente comprometido, lo que lleva a m\u00e1s infecciones, enfermedades, y c\u00e1ncer. Gracias a los avances en tratamiento, esta etapa es menos com\u00fan hoy d\u00eda que durante los d\u00edas del comienzo de la epidemia del SIDA.<\/p>\n                  <\/div>\n                <\/div>\n              <\/div>\n                          <div class=\"accordion show collapse\">\n                <div class=\"head-section\">\n                  <div class=\"title-block\">\n                    <div class=\"title-container\">\n                                                                        <div class=\"title\">Puedes vivir una vida sana con VIH<\/div>\n                                                                  <\/div>\n                  <\/div>\n                  <div class=\"plus\">\n                    <i class=\"fa fa-plus\" aria-hidden=\"true\"><\/i>\n                  <\/div>\n                  <div class=\"minus\">\n                    <i class=\"fa fa-minus\" aria-hidden=\"true\"><\/i>\n                  <\/div>\n                <\/div>\n                <div class=\"body-section\">\n                  <div class=\"text-block\">\n                    <p>Actualmente no existe una cura para el VIH, pero eso no debe evitar que vivas una vida sana y plena. Con medicamentos antirretrovirales y tomando decisiones responsables como el uso de condones durante el sexo, no podr\u00e1s trasmitir la enfermedad a otros. Es importante conocer el estatus de tu pareja y de compartirle el tuyo y de evitar el uso de drogas inyectables.<\/p>\n                  <\/div>\n                <\/div>\n              <\/div>\n                          <div class=\"accordion show collapse\">\n                <div class=\"head-section\">\n                  <div class=\"title-block\">\n                    <div class=\"title-container\">\n                                                                        <div class=\"title\">Cualquier persona activa sexualmente o que comparte jeringas est\u00e1 en riesgo de contraer VIH.<\/div>\n                                                                  <\/div>\n                  <\/div>\n                  <div class=\"plus\">\n                    <i class=\"fa fa-plus\" aria-hidden=\"true\"><\/i>\n                  <\/div>\n                  <div class=\"minus\">\n                    <i class=\"fa fa-minus\" aria-hidden=\"true\"><\/i>\n                  <\/div>\n                <\/div>\n                <div class=\"body-section\">\n                  <div class=\"text-block\">\n                    <p>El VIH no est\u00e1 limitado a g\u00e9nero, preferencia sexual, edad, raza o etnia, por lo tanto, es importante para todos tomar las precauciones necesarias para prevenir las ITS o el VIH.<\/p>\n                  <\/div>\n                <\/div>\n              <\/div>\n                          <div class=\"accordion show collapse\">\n                <div class=\"head-section\">\n                  <div class=\"title-block\">\n                    <div class=\"title-container\">\n                                                                        <div class=\"title\">Trasmisi\u00f3n<\/div>\n                                                                  <\/div>\n                  <\/div>\n                  <div class=\"plus\">\n                    <i class=\"fa fa-plus\" aria-hidden=\"true\"><\/i>\n                  <\/div>\n                  <div class=\"minus\">\n                    <i class=\"fa fa-minus\" aria-hidden=\"true\"><\/i>\n                  <\/div>\n                <\/div>\n                <div class=\"body-section\">\n                  <div class=\"text-block\">\n                    <p>El VIH se transmite a trav\u00e9s de:<\/p>\n<ul>\n<li>Relaciones sexuales.<\/li>\n<li>Contacto con sangre, fluidos vaginales, o semen.<\/li>\n<li>Compartir jeringas de cualquier tipo.<\/li>\n<li>De madre a hijo durante el embarazo y el parto<\/li>\n<\/ul>\n                  <\/div>\n                <\/div>\n              <\/div>\n                              <\/div>\n      <\/div>\n    <\/div>\n  <\/div>\n\n\n\n\n  <div class=\"content\">\n    <div class=\"accordion-block\">\n              <div class=\"header\">\n          <h2 class=\"title\">Mitos<\/h2>\n        <\/div>\n      \n      <div class=\"content\">\n        <div class=\"accordion-container\">\n                                    <div class=\"accordion show collapse\">\n                <div class=\"head-section\">\n                  <div class=\"title-block\">\n                    <div class=\"title-container\">\n                                                                        <div class=\"title\">\u201cPuedo contraer VIH al compartir una bebida o besar alguien que tiene VIH\u201d<\/div>\n                                                                  <\/div>\n                  <\/div>\n                  <div class=\"plus\">\n                    <i class=\"fa fa-plus\" aria-hidden=\"true\"><\/i>\n                  <\/div>\n                  <div class=\"minus\">\n                    <i class=\"fa fa-minus\" aria-hidden=\"true\"><\/i>\n                  <\/div>\n                <\/div>\n                <div class=\"body-section\">\n                  <div class=\"text-block\">\n                    <p><strong>FALSO.<\/strong> El VIH no sobrevive por mucho tiempo fuera del cuerpo humano y no se puede reproducir afuera del cuerpo humano. Esto significa que no se puede transmitir a trav\u00e9s de saliva, l\u00e1grimas, sudor, mosquitos, u otros insectos. As\u00ed que el abrazar, darse la mano, o compartir ba\u00f1os y trastes no son maneras en que se trasmite el VIH.<\/p>\n                  <\/div>\n                <\/div>\n              <\/div>\n                          <div class=\"accordion show collapse\">\n                <div class=\"head-section\">\n                  <div class=\"title-block\">\n                    <div class=\"title-container\">\n                                                                        <div class=\"title\">\u201cEl VIH y el SIDA son lo mismo\u201d<\/div>\n                                                                  <\/div>\n                  <\/div>\n                  <div class=\"plus\">\n                    <i class=\"fa fa-plus\" aria-hidden=\"true\"><\/i>\n                  <\/div>\n                  <div class=\"minus\">\n                    <i class=\"fa fa-minus\" aria-hidden=\"true\"><\/i>\n                  <\/div>\n                <\/div>\n                <div class=\"body-section\">\n                  <div class=\"text-block\">\n                    <p><strong>FALSO.<\/strong> Ser positivo en VIH no es lo mismo que tener SIDA; sin embargo, si se deja sin tratarse el VIH se puede convertir en SIDA. En t\u00e9rminos simples, el VIH es un virus y el SIDA es una enfermedad.<\/p>\n                  <\/div>\n                <\/div>\n              <\/div>\n                          <div class=\"accordion show collapse\">\n                <div class=\"head-section\">\n                  <div class=\"title-block\">\n                    <div class=\"title-container\">\n                                                                        <div class=\"title\">\u201cSolo te puede dar VIH si eres gay o transg\u00e9nero\u201d<\/div>\n                                                                  <\/div>\n                  <\/div>\n                  <div class=\"plus\">\n                    <i class=\"fa fa-plus\" aria-hidden=\"true\"><\/i>\n                  <\/div>\n                  <div class=\"minus\">\n                    <i class=\"fa fa-minus\" aria-hidden=\"true\"><\/i>\n                  <\/div>\n                <\/div>\n                <div class=\"body-section\">\n                  <div class=\"text-block\">\n                    <p><strong>FALSO.<\/strong> El VIH puede afectar a cualquier persona sexualmente activa. El VIH se puede contraer por sexo anal o vaginal sin protecci\u00f3n o al compartir jeringas u otros utensilios para inyectarse drogas. M\u00e1s del 19% de las personas que viven con VIH contraen el virus a trav\u00e9s de relaciones heterosexuales.<\/p>\n                  <\/div>\n                <\/div>\n              <\/div>\n                          <div class=\"accordion show collapse\">\n                <div class=\"head-section\">\n                  <div class=\"title-block\">\n                    <div class=\"title-container\">\n                                                                        <div class=\"title\">\u201cLas madres que viven con VIH pueden tener hijos de manera segura\u201d<\/div>\n                                                                  <\/div>\n                  <\/div>\n                  <div class=\"plus\">\n                    <i class=\"fa fa-plus\" aria-hidden=\"true\"><\/i>\n                  <\/div>\n                  <div class=\"minus\">\n                    <i class=\"fa fa-minus\" aria-hidden=\"true\"><\/i>\n                  <\/div>\n                <\/div>\n                <div class=\"body-section\">\n                  <div class=\"text-block\">\n                    <p><strong>FALSO.<\/strong> El riesgo de transmitir el VIH a tu hijo puede ser el 1% o menos siempre y cuando est\u00e9s tomando todos los medicamentos como fueron recetados durante el embarazo, parto y alumbramiento y si le das a tu beb\u00e9 los medicamentos contra el VIH que le fueron recetados durante las primeras 4-6 semanas despu\u00e9s del nacimiento. Un m\u00e9dico te recetar\u00e1 todo lo que necesitas adem\u00e1s de mantenerse al tanto de tu progreso a trav\u00e9s de chequeos regulares.<\/p>\n                  <\/div>\n                <\/div>\n              <\/div>\n                          <div class=\"accordion show collapse\">\n                <div class=\"head-section\">\n                  <div class=\"title-block\">\n                    <div class=\"title-container\">\n                                                                        <div class=\"title\">\u201cEl VIH es una sentencia de muerte\u201d<\/div>\n                                                                  <\/div>\n                  <\/div>\n                  <div class=\"plus\">\n                    <i class=\"fa fa-plus\" aria-hidden=\"true\"><\/i>\n                  <\/div>\n                  <div class=\"minus\">\n                    <i class=\"fa fa-minus\" aria-hidden=\"true\"><\/i>\n                  <\/div>\n                <\/div>\n                <div class=\"body-section\">\n                  <div class=\"text-block\">\n                    <p><strong>FALSO.<\/strong> Gracias a los medicamentos preventivos conocidos como terapia antirretroviral, que consiste de un r\u00e9gimen de medicamentos recetados por m\u00e9dicos y acceso a recursos, puedes vivir una vida sana y normal con VIH. Es cosa de saber tu estatus (mientras m\u00e1s pronto mejor), buscar tratamiento, y tomar los medicamentos que te sean recetados para suprimir el virus.<\/p>\n                  <\/div>\n                <\/div>\n              <\/div>\n                              <\/div>\n      <\/div>\n    <\/div>\n  <\/div>\n\n\n\n        <\/div>\n          <\/div>\n  <\/div>\n\n","protected":false},"excerpt":{"rendered":"","protected":false},"author":1,"featured_media":0,"parent":0,"menu_order":0,"comment_status":"closed","ping_status":"closed","template":"templates\/education.php","meta":{"_acf_changed":false,"content-type":"","footnotes":""},"class_list":["post-1262","page","type-page","status-publish","hentry"],"acf":[],"yoast_head":"<!-- This site is optimized with the Yoast SEO plugin v27.5 - https:\/\/yoast.com\/product\/yoast-seo-wordpress\/ -->\n<title>Educaci\u00f3n | End HIV<\/title>\n<meta name=\"description\" content=\"Explore recursos educativos integrales sobre el VIH en EndHIVDallasCounty.org. Nuestra p\u00e1gina educativa, que brinda conocimientos a las personas, brinda informaci\u00f3n vital sobre prevenci\u00f3n, pruebas y servicios de apoyo.\" \/>\n<meta name=\"robots\" content=\"index, follow, max-snippet:-1, max-image-preview:large, max-video-preview:-1\" \/>\n<link rel=\"canonical\" href=\"https:\/\/endhivdallascounty.org\/es\/educacion\/\" \/>\n<meta property=\"og:locale\" content=\"es_ES\" \/>\n<meta property=\"og:type\" content=\"article\" \/>\n<meta property=\"og:title\" content=\"Educaci\u00f3n | End HIV\" \/>\n<meta property=\"og:description\" content=\"Explore recursos educativos integrales sobre el VIH en EndHIVDallasCounty.org. Nuestra p\u00e1gina educativa, que brinda conocimientos a las personas, brinda informaci\u00f3n vital sobre prevenci\u00f3n, pruebas y servicios de apoyo.\" \/>\n<meta property=\"og:url\" content=\"https:\/\/endhivdallascounty.org\/es\/educacion\/\" \/>\n<meta property=\"og:site_name\" content=\"End HIV\" \/>\n<meta property=\"article:modified_time\" content=\"2025-03-07T20:30:20+00:00\" \/>\n<meta name=\"twitter:card\" content=\"summary_large_image\" \/>\n<script type=\"application\/ld+json\" class=\"yoast-schema-graph\">{\"@context\":\"https:\\\/\\\/schema.org\",\"@graph\":[{\"@type\":\"WebPage\",\"@id\":\"https:\\\/\\\/endhivdallascounty.org\\\/es\\\/educacion\\\/\",\"url\":\"https:\\\/\\\/endhivdallascounty.org\\\/es\\\/educacion\\\/\",\"name\":\"Educaci\u00f3n | End HIV\",\"isPartOf\":{\"@id\":\"https:\\\/\\\/endhivdallascounty.org\\\/#website\"},\"datePublished\":\"2022-06-27T06:40:23+00:00\",\"dateModified\":\"2025-03-07T20:30:20+00:00\",\"description\":\"Explore recursos educativos integrales sobre el VIH en EndHIVDallasCounty.org. Nuestra p\u00e1gina educativa, que brinda conocimientos a las personas, brinda informaci\u00f3n vital sobre prevenci\u00f3n, pruebas y servicios de apoyo.\",\"breadcrumb\":{\"@id\":\"https:\\\/\\\/endhivdallascounty.org\\\/es\\\/educacion\\\/#breadcrumb\"},\"inLanguage\":\"es\",\"potentialAction\":[{\"@type\":\"ReadAction\",\"target\":[\"https:\\\/\\\/endhivdallascounty.org\\\/es\\\/educacion\\\/\"]}]},{\"@type\":\"BreadcrumbList\",\"@id\":\"https:\\\/\\\/endhivdallascounty.org\\\/es\\\/educacion\\\/#breadcrumb\",\"itemListElement\":[{\"@type\":\"ListItem\",\"position\":1,\"name\":\"Home\",\"item\":\"https:\\\/\\\/endhivdallascounty.org\\\/es\\\/\"},{\"@type\":\"ListItem\",\"position\":2,\"name\":\"Educaci\u00f3n\"}]},{\"@type\":\"WebSite\",\"@id\":\"https:\\\/\\\/endhivdallascounty.org\\\/#website\",\"url\":\"https:\\\/\\\/endhivdallascounty.org\\\/\",\"name\":\"End HIV\",\"description\":\"Just another WordPress site\",\"publisher\":{\"@id\":\"https:\\\/\\\/endhivdallascounty.org\\\/#organization\"},\"potentialAction\":[{\"@type\":\"SearchAction\",\"target\":{\"@type\":\"EntryPoint\",\"urlTemplate\":\"https:\\\/\\\/endhivdallascounty.org\\\/?s={search_term_string}\"},\"query-input\":{\"@type\":\"PropertyValueSpecification\",\"valueRequired\":true,\"valueName\":\"search_term_string\"}}],\"inLanguage\":\"es\"},{\"@type\":\"Organization\",\"@id\":\"https:\\\/\\\/endhivdallascounty.org\\\/#organization\",\"name\":\"End HIV Dallas County\",\"url\":\"https:\\\/\\\/endhivdallascounty.org\\\/\",\"logo\":{\"@type\":\"ImageObject\",\"inLanguage\":\"es\",\"@id\":\"https:\\\/\\\/endhivdallascounty.org\\\/#\\\/schema\\\/logo\\\/image\\\/\",\"url\":\"https:\\\/\\\/endhivdallascounty.org\\\/wp-content\\\/uploads\\\/2022\\\/01\\\/endhiv-logo.png\",\"contentUrl\":\"https:\\\/\\\/endhivdallascounty.org\\\/wp-content\\\/uploads\\\/2022\\\/01\\\/endhiv-logo.png\",\"width\":345,\"height\":103,\"caption\":\"End HIV Dallas County\"},\"image\":{\"@id\":\"https:\\\/\\\/endhivdallascounty.org\\\/#\\\/schema\\\/logo\\\/image\\\/\"}}]}<\/script>\n<!-- \/ Yoast SEO plugin. -->","yoast_head_json":{"title":"Educaci\u00f3n | End HIV","description":"Explore recursos educativos integrales sobre el VIH en EndHIVDallasCounty.org. Nuestra p\u00e1gina educativa, que brinda conocimientos a las personas, brinda informaci\u00f3n vital sobre prevenci\u00f3n, pruebas y servicios de apoyo.","robots":{"index":"index","follow":"follow","max-snippet":"max-snippet:-1","max-image-preview":"max-image-preview:large","max-video-preview":"max-video-preview:-1"},"canonical":"https:\/\/endhivdallascounty.org\/es\/educacion\/","og_locale":"es_ES","og_type":"article","og_title":"Educaci\u00f3n | End HIV","og_description":"Explore recursos educativos integrales sobre el VIH en EndHIVDallasCounty.org. Nuestra p\u00e1gina educativa, que brinda conocimientos a las personas, brinda informaci\u00f3n vital sobre prevenci\u00f3n, pruebas y servicios de apoyo.","og_url":"https:\/\/endhivdallascounty.org\/es\/educacion\/","og_site_name":"End HIV","article_modified_time":"2025-03-07T20:30:20+00:00","twitter_card":"summary_large_image","schema":{"@context":"https:\/\/schema.org","@graph":[{"@type":"WebPage","@id":"https:\/\/endhivdallascounty.org\/es\/educacion\/","url":"https:\/\/endhivdallascounty.org\/es\/educacion\/","name":"Educaci\u00f3n | End HIV","isPartOf":{"@id":"https:\/\/endhivdallascounty.org\/#website"},"datePublished":"2022-06-27T06:40:23+00:00","dateModified":"2025-03-07T20:30:20+00:00","description":"Explore recursos educativos integrales sobre el VIH en EndHIVDallasCounty.org. Nuestra p\u00e1gina educativa, que brinda conocimientos a las personas, brinda informaci\u00f3n vital sobre prevenci\u00f3n, pruebas y servicios de apoyo.","breadcrumb":{"@id":"https:\/\/endhivdallascounty.org\/es\/educacion\/#breadcrumb"},"inLanguage":"es","potentialAction":[{"@type":"ReadAction","target":["https:\/\/endhivdallascounty.org\/es\/educacion\/"]}]},{"@type":"BreadcrumbList","@id":"https:\/\/endhivdallascounty.org\/es\/educacion\/#breadcrumb","itemListElement":[{"@type":"ListItem","position":1,"name":"Home","item":"https:\/\/endhivdallascounty.org\/es\/"},{"@type":"ListItem","position":2,"name":"Educaci\u00f3n"}]},{"@type":"WebSite","@id":"https:\/\/endhivdallascounty.org\/#website","url":"https:\/\/endhivdallascounty.org\/","name":"End HIV","description":"Just another WordPress site","publisher":{"@id":"https:\/\/endhivdallascounty.org\/#organization"},"potentialAction":[{"@type":"SearchAction","target":{"@type":"EntryPoint","urlTemplate":"https:\/\/endhivdallascounty.org\/?s={search_term_string}"},"query-input":{"@type":"PropertyValueSpecification","valueRequired":true,"valueName":"search_term_string"}}],"inLanguage":"es"},{"@type":"Organization","@id":"https:\/\/endhivdallascounty.org\/#organization","name":"End HIV Dallas County","url":"https:\/\/endhivdallascounty.org\/","logo":{"@type":"ImageObject","inLanguage":"es","@id":"https:\/\/endhivdallascounty.org\/#\/schema\/logo\/image\/","url":"https:\/\/endhivdallascounty.org\/wp-content\/uploads\/2022\/01\/endhiv-logo.png","contentUrl":"https:\/\/endhivdallascounty.org\/wp-content\/uploads\/2022\/01\/endhiv-logo.png","width":345,"height":103,"caption":"End HIV Dallas County"},"image":{"@id":"https:\/\/endhivdallascounty.org\/#\/schema\/logo\/image\/"}}]}},"_links":{"self":[{"href":"https:\/\/endhivdallascounty.org\/es\/wp-json\/wp\/v2\/pages\/1262","targetHints":{"allow":["GET"]}}],"collection":[{"href":"https:\/\/endhivdallascounty.org\/es\/wp-json\/wp\/v2\/pages"}],"about":[{"href":"https:\/\/endhivdallascounty.org\/es\/wp-json\/wp\/v2\/types\/page"}],"author":[{"embeddable":true,"href":"https:\/\/endhivdallascounty.org\/es\/wp-json\/wp\/v2\/users\/1"}],"replies":[{"embeddable":true,"href":"https:\/\/endhivdallascounty.org\/es\/wp-json\/wp\/v2\/comments?post=1262"}],"version-history":[{"count":19,"href":"https:\/\/endhivdallascounty.org\/es\/wp-json\/wp\/v2\/pages\/1262\/revisions"}],"predecessor-version":[{"id":4239,"href":"https:\/\/endhivdallascounty.org\/es\/wp-json\/wp\/v2\/pages\/1262\/revisions\/4239"}],"wp:attachment":[{"href":"https:\/\/endhivdallascounty.org\/es\/wp-json\/wp\/v2\/media?parent=1262"}],"curies":[{"name":"wp","href":"https:\/\/api.w.org\/{rel}","templated":true}]}}