{"id":1261,"date":"2022-06-27T06:42:53","date_gmt":"2022-06-27T06:42:53","guid":{"rendered":"https:\/\/end-hiv.local\/el-plan\/"},"modified":"2025-03-07T17:57:02","modified_gmt":"2025-03-07T17:57:02","slug":"el-plan","status":"publish","type":"page","link":"https:\/\/endhivdallascounty.org\/es\/el-plan\/","title":{"rendered":"El Plan"},"content":{"rendered":"<div class=\"tw:bg-black\">\n  <div class=\"tw:@container tw:relative tw:max-w-[2370px] tw:mx-auto\">\n    <img decoding=\"async\" width=\"2000\" height=\"580\" data-src=\"https:\/\/endhivdallascounty.org\/wp-content\/uploads\/2025\/03\/mission-plan-1.jpg\" class=\"tw:hidden tw:xl:block tw:pointer-events-none tw:select-none tw:w-full tw:aspect-40\/11 tw:object-cover tw:object-left lazyload\" alt=\"\" data-srcset=\"https:\/\/endhivdallascounty.org\/wp-content\/uploads\/2025\/03\/mission-plan-1.jpg 2000w, https:\/\/endhivdallascounty.org\/wp-content\/uploads\/2025\/03\/mission-plan-1-300x87.jpg 300w, https:\/\/endhivdallascounty.org\/wp-content\/uploads\/2025\/03\/mission-plan-1-1024x297.jpg 1024w, https:\/\/endhivdallascounty.org\/wp-content\/uploads\/2025\/03\/mission-plan-1-768x223.jpg 768w, https:\/\/endhivdallascounty.org\/wp-content\/uploads\/2025\/03\/mission-plan-1-1536x445.jpg 1536w, https:\/\/endhivdallascounty.org\/wp-content\/uploads\/2025\/03\/mission-plan-1-500x145.jpg 500w\" data-sizes=\"(max-width: 2000px) 100vw, 2000px\" src=\"data:image\/svg+xml;base64,PHN2ZyB3aWR0aD0iMSIgaGVpZ2h0PSIxIiB4bWxucz0iaHR0cDovL3d3dy53My5vcmcvMjAwMC9zdmciPjwvc3ZnPg==\" style=\"--smush-placeholder-width: 2000px; --smush-placeholder-aspect-ratio: 2000\/580;\" \/><img decoding=\"async\" width=\"2000\" height=\"580\" data-src=\"https:\/\/endhivdallascounty.org\/wp-content\/uploads\/2025\/03\/mission-plan-1.jpg\" class=\"tw:xl:!hidden tw:pointer-events-none tw:select-none tw:w-full tw:aspect-384\/193 tw:object-cover tw:object-left lazyload\" alt=\"\" data-srcset=\"https:\/\/endhivdallascounty.org\/wp-content\/uploads\/2025\/03\/mission-plan-1.jpg 2000w, https:\/\/endhivdallascounty.org\/wp-content\/uploads\/2025\/03\/mission-plan-1-300x87.jpg 300w, https:\/\/endhivdallascounty.org\/wp-content\/uploads\/2025\/03\/mission-plan-1-1024x297.jpg 1024w, https:\/\/endhivdallascounty.org\/wp-content\/uploads\/2025\/03\/mission-plan-1-768x223.jpg 768w, https:\/\/endhivdallascounty.org\/wp-content\/uploads\/2025\/03\/mission-plan-1-1536x445.jpg 1536w, https:\/\/endhivdallascounty.org\/wp-content\/uploads\/2025\/03\/mission-plan-1-500x145.jpg 500w\" data-sizes=\"(max-width: 2000px) 100vw, 2000px\" src=\"data:image\/svg+xml;base64,PHN2ZyB3aWR0aD0iMSIgaGVpZ2h0PSIxIiB4bWxucz0iaHR0cDovL3d3dy53My5vcmcvMjAwMC9zdmciPjwvc3ZnPg==\" style=\"--smush-placeholder-width: 2000px; --smush-placeholder-aspect-ratio: 2000\/580;\" \/>\n                <h1\n        class=\"tw:!text-[9.4cqw] tw:xl:!text-[min(6.3cqw,150px)] tw:font-bangers tw:absolute tw:top-1\/2 tw:-translate-y-1\/2 tw:left-[5%] tw:xl:left-[15%] tw:!text-white tw:!leading-[.85]\">\n        EL <br \/>\r\nPLAN      <\/h1>\n      <\/div>\n<\/div>\n\n\n  \n  <div class=\"body-block the-plan tw:bg-ehe-dark-blue\" >\n    <div class=\"container\">\n              \n\n  <div class=\"text-block\">\n          <div class=\"header\">\n                              <h1 class=\"title\">El Plan para Acabar con las ITS y el VIH en el Condado de Dallas.<\/h1>\n                        <\/div>\n    \n    <div class=\"content\">\n              <p>Nuestra meta es educar a la comunidad que est\u00e1 activa sexualmente a acerca de c\u00f3mo prevenir y tratar las ITS y el VIH. Estamos ofreciendo y alentando la educaci\u00f3n, la prevenci\u00f3n, y las pruebas gratuitas. \u00bfEstas usando drogas inyectadas? Contamos con recursos para eso tambi\u00e9n. El Condado de Dallas est\u00e1 aqu\u00ed para ayudarte a estar seguro y sano con estos pasos: Prueba. Discusi\u00f3n. Recibe Tratamiento.<\/p>\n<p>Tenemos que hablar de temas dif\u00edciles y tener conversaciones dif\u00edciles acerca de las ITS y el VIH en lugar de evitarlas. Cuando hablamos aprendemos. Comparte recursos con tus amigos, familiares y compa\u00f1eros de trabajo\u2014con todos.<\/p>\n      \n      \n      \n\n<p><\/p>\n\n\n    <\/div>\n  <\/div>\n\n\n\n          <\/div>\n  <\/div>\n\n\n\n\n  \n  <div class=\"body-block the-plan tw:bg-ehe-teal\" >\n    <div class=\"container\">\n              \n\n  <div class=\"card-container\">\n    <div class=\"header\">\n      <h2 class=\"title\">\n        <p>A TRAV\u00c9S DE NUESTROS ESFUERZOS PARA ACABAR CON EL VIH, ESPERAMOS VER:<\/p>\n      <\/h2>\n    <\/div>\n\n    <div class=\"content\">\n      <div class=\"row\">\n                  \n            <div class=\"col-lg-6 mb-4\">\n              <div class=\"card c-dark-blue\"\n                style=\"background: #fed731;\">\n                <div class=\"header\">\n                  <h2 class=\"title\">\n                    90%\n                  <\/h2>\n                <\/div>\n                <div class=\"body\">\n                  <p>\n                    <p>Reducci\u00f3n del 90% en el n\u00famero anual de tejanos con nuevos casos de VIH para el 2030.<\/p>\n                  <\/p>\n                <\/div>\n              <\/div>\n            <\/div>\n          \n            <div class=\"col-lg-6 mb-4\">\n              <div class=\"card c-white\"\n                style=\"background: #24255d;\">\n                <div class=\"header\">\n                  <h2 class=\"title\">\n                    90%\n                  <\/h2>\n                <\/div>\n                <div class=\"body\">\n                  <p>\n                    <p>El 90% de las personas que viven con VIH conocen su estatus.<\/p>\n                  <\/p>\n                <\/div>\n              <\/div>\n            <\/div>\n          \n            <div class=\"col-lg-6 mb-4\">\n              <div class=\"card c-white\"\n                style=\"background: #e8397e;\">\n                <div class=\"header\">\n                  <h2 class=\"title\">\n                    90%\n                  <\/h2>\n                <\/div>\n                <div class=\"body\">\n                  <p>\n                    <p>El 90% de las personas que viven con VIH conocen su estatus y est\u00e1n recibiendo terapia antirretroviral.<\/p>\n                  <\/p>\n                <\/div>\n              <\/div>\n            <\/div>\n          \n            <div class=\"col-lg-6 mb-4\">\n              <div class=\"card c-white\"\n                style=\"background: #016ba7;\">\n                <div class=\"header\">\n                  <h2 class=\"title\">\n                    90%\n                  <\/h2>\n                <\/div>\n                <div class=\"body\">\n                  <p>\n                    <p>El 90% de los que est\u00e1n en terapia logran la supresi\u00f3n viral.<\/p>\n                  <\/p>\n                <\/div>\n              <\/div>\n            <\/div>\n                        <\/div>\n\n      \n      <div class=\"row\">\n        <div class=\"col-lg-12\">\n          <div class=\"card\" style=\"background: #57c679;\">\n            <div class=\"body\">\n              <p class=\"title\">\n                Un incremento en la proporci\u00f3n de personas con mayor vulnerabilidad de contraer el VIH que reciben una combinaci\u00f3n para prevenci\u00f3n\u2014una estrategia que utiliza la combinaci\u00f3n de m\u00e9todos de prevenci\u00f3n como PrEp y condones, intervenciones de comportamiento como educaci\u00f3n y pr\u00e1cticas de sexo seguro, e intervenciones estructurales como reducir la discriminaci\u00f3n y el estigma.              <\/p>\n            <\/div>\n          <\/div>\n        <\/div>\n      <\/div>\n    <\/div>\n  <\/div>\n\n\n\n          <\/div>\n  <\/div>\n\n","protected":false},"excerpt":{"rendered":"","protected":false},"author":1,"featured_media":0,"parent":0,"menu_order":0,"comment_status":"closed","ping_status":"closed","template":"templates\/the-plan.php","meta":{"_acf_changed":false,"content-type":"","footnotes":""},"class_list":["post-1261","page","type-page","status-publish","hentry"],"acf":[],"yoast_head":"<!-- This site is optimized with the Yoast SEO plugin v27.5 - https:\/\/yoast.com\/product\/yoast-seo-wordpress\/ -->\n<title>El plan para acabar con la epidemia de VIH | Acabar con el VIH Condado de Dallas<\/title>\n<meta name=\"description\" content=\"El plan para acabar con el VIH incluye educar a nuestra comunidad sexualmente activa sobre c\u00f3mo prevenir y tratar el VIH y ofrecer medidas preventivas y pruebas gratuitas.\" \/>\n<meta name=\"robots\" content=\"index, follow, max-snippet:-1, max-image-preview:large, max-video-preview:-1\" \/>\n<link rel=\"canonical\" href=\"https:\/\/endhivdallascounty.org\/es\/el-plan\/\" \/>\n<meta property=\"og:locale\" content=\"es_ES\" \/>\n<meta property=\"og:type\" content=\"article\" \/>\n<meta property=\"og:title\" content=\"El plan para acabar con la epidemia de VIH | Acabar con el VIH Condado de Dallas\" \/>\n<meta property=\"og:description\" content=\"El plan para acabar con el VIH incluye educar a nuestra comunidad sexualmente activa sobre c\u00f3mo prevenir y tratar el VIH y ofrecer medidas preventivas y pruebas gratuitas.\" \/>\n<meta property=\"og:url\" content=\"https:\/\/endhivdallascounty.org\/es\/el-plan\/\" \/>\n<meta property=\"og:site_name\" content=\"End HIV\" \/>\n<meta property=\"article:modified_time\" content=\"2025-03-07T17:57:02+00:00\" \/>\n<meta name=\"twitter:card\" content=\"summary_large_image\" \/>\n<script type=\"application\/ld+json\" class=\"yoast-schema-graph\">{\"@context\":\"https:\\\/\\\/schema.org\",\"@graph\":[{\"@type\":\"WebPage\",\"@id\":\"https:\\\/\\\/endhivdallascounty.org\\\/es\\\/el-plan\\\/\",\"url\":\"https:\\\/\\\/endhivdallascounty.org\\\/es\\\/el-plan\\\/\",\"name\":\"El plan para acabar con la epidemia de VIH | Acabar con el VIH Condado de Dallas\",\"isPartOf\":{\"@id\":\"https:\\\/\\\/endhivdallascounty.org\\\/#website\"},\"datePublished\":\"2022-06-27T06:42:53+00:00\",\"dateModified\":\"2025-03-07T17:57:02+00:00\",\"description\":\"El plan para acabar con el VIH incluye educar a nuestra comunidad sexualmente activa sobre c\u00f3mo prevenir y tratar el VIH y ofrecer medidas preventivas y pruebas gratuitas.\",\"breadcrumb\":{\"@id\":\"https:\\\/\\\/endhivdallascounty.org\\\/es\\\/el-plan\\\/#breadcrumb\"},\"inLanguage\":\"es\",\"potentialAction\":[{\"@type\":\"ReadAction\",\"target\":[\"https:\\\/\\\/endhivdallascounty.org\\\/es\\\/el-plan\\\/\"]}]},{\"@type\":\"BreadcrumbList\",\"@id\":\"https:\\\/\\\/endhivdallascounty.org\\\/es\\\/el-plan\\\/#breadcrumb\",\"itemListElement\":[{\"@type\":\"ListItem\",\"position\":1,\"name\":\"Home\",\"item\":\"https:\\\/\\\/endhivdallascounty.org\\\/es\\\/\"},{\"@type\":\"ListItem\",\"position\":2,\"name\":\"El Plan\"}]},{\"@type\":\"WebSite\",\"@id\":\"https:\\\/\\\/endhivdallascounty.org\\\/#website\",\"url\":\"https:\\\/\\\/endhivdallascounty.org\\\/\",\"name\":\"End HIV\",\"description\":\"Just another WordPress site\",\"publisher\":{\"@id\":\"https:\\\/\\\/endhivdallascounty.org\\\/#organization\"},\"potentialAction\":[{\"@type\":\"SearchAction\",\"target\":{\"@type\":\"EntryPoint\",\"urlTemplate\":\"https:\\\/\\\/endhivdallascounty.org\\\/?s={search_term_string}\"},\"query-input\":{\"@type\":\"PropertyValueSpecification\",\"valueRequired\":true,\"valueName\":\"search_term_string\"}}],\"inLanguage\":\"es\"},{\"@type\":\"Organization\",\"@id\":\"https:\\\/\\\/endhivdallascounty.org\\\/#organization\",\"name\":\"End HIV Dallas County\",\"url\":\"https:\\\/\\\/endhivdallascounty.org\\\/\",\"logo\":{\"@type\":\"ImageObject\",\"inLanguage\":\"es\",\"@id\":\"https:\\\/\\\/endhivdallascounty.org\\\/#\\\/schema\\\/logo\\\/image\\\/\",\"url\":\"https:\\\/\\\/endhivdallascounty.org\\\/wp-content\\\/uploads\\\/2022\\\/01\\\/endhiv-logo.png\",\"contentUrl\":\"https:\\\/\\\/endhivdallascounty.org\\\/wp-content\\\/uploads\\\/2022\\\/01\\\/endhiv-logo.png\",\"width\":345,\"height\":103,\"caption\":\"End HIV Dallas County\"},\"image\":{\"@id\":\"https:\\\/\\\/endhivdallascounty.org\\\/#\\\/schema\\\/logo\\\/image\\\/\"}}]}<\/script>\n<!-- \/ Yoast SEO plugin. -->","yoast_head_json":{"title":"El plan para acabar con la epidemia de VIH | Acabar con el VIH Condado de Dallas","description":"El plan para acabar con el VIH incluye educar a nuestra comunidad sexualmente activa sobre c\u00f3mo prevenir y tratar el VIH y ofrecer medidas preventivas y pruebas gratuitas.","robots":{"index":"index","follow":"follow","max-snippet":"max-snippet:-1","max-image-preview":"max-image-preview:large","max-video-preview":"max-video-preview:-1"},"canonical":"https:\/\/endhivdallascounty.org\/es\/el-plan\/","og_locale":"es_ES","og_type":"article","og_title":"El plan para acabar con la epidemia de VIH | Acabar con el VIH Condado de Dallas","og_description":"El plan para acabar con el VIH incluye educar a nuestra comunidad sexualmente activa sobre c\u00f3mo prevenir y tratar el VIH y ofrecer medidas preventivas y pruebas gratuitas.","og_url":"https:\/\/endhivdallascounty.org\/es\/el-plan\/","og_site_name":"End HIV","article_modified_time":"2025-03-07T17:57:02+00:00","twitter_card":"summary_large_image","schema":{"@context":"https:\/\/schema.org","@graph":[{"@type":"WebPage","@id":"https:\/\/endhivdallascounty.org\/es\/el-plan\/","url":"https:\/\/endhivdallascounty.org\/es\/el-plan\/","name":"El plan para acabar con la epidemia de VIH | Acabar con el VIH Condado de Dallas","isPartOf":{"@id":"https:\/\/endhivdallascounty.org\/#website"},"datePublished":"2022-06-27T06:42:53+00:00","dateModified":"2025-03-07T17:57:02+00:00","description":"El plan para acabar con el VIH incluye educar a nuestra comunidad sexualmente activa sobre c\u00f3mo prevenir y tratar el VIH y ofrecer medidas preventivas y pruebas gratuitas.","breadcrumb":{"@id":"https:\/\/endhivdallascounty.org\/es\/el-plan\/#breadcrumb"},"inLanguage":"es","potentialAction":[{"@type":"ReadAction","target":["https:\/\/endhivdallascounty.org\/es\/el-plan\/"]}]},{"@type":"BreadcrumbList","@id":"https:\/\/endhivdallascounty.org\/es\/el-plan\/#breadcrumb","itemListElement":[{"@type":"ListItem","position":1,"name":"Home","item":"https:\/\/endhivdallascounty.org\/es\/"},{"@type":"ListItem","position":2,"name":"El Plan"}]},{"@type":"WebSite","@id":"https:\/\/endhivdallascounty.org\/#website","url":"https:\/\/endhivdallascounty.org\/","name":"End HIV","description":"Just another WordPress site","publisher":{"@id":"https:\/\/endhivdallascounty.org\/#organization"},"potentialAction":[{"@type":"SearchAction","target":{"@type":"EntryPoint","urlTemplate":"https:\/\/endhivdallascounty.org\/?s={search_term_string}"},"query-input":{"@type":"PropertyValueSpecification","valueRequired":true,"valueName":"search_term_string"}}],"inLanguage":"es"},{"@type":"Organization","@id":"https:\/\/endhivdallascounty.org\/#organization","name":"End HIV Dallas County","url":"https:\/\/endhivdallascounty.org\/","logo":{"@type":"ImageObject","inLanguage":"es","@id":"https:\/\/endhivdallascounty.org\/#\/schema\/logo\/image\/","url":"https:\/\/endhivdallascounty.org\/wp-content\/uploads\/2022\/01\/endhiv-logo.png","contentUrl":"https:\/\/endhivdallascounty.org\/wp-content\/uploads\/2022\/01\/endhiv-logo.png","width":345,"height":103,"caption":"End HIV Dallas County"},"image":{"@id":"https:\/\/endhivdallascounty.org\/#\/schema\/logo\/image\/"}}]}},"_links":{"self":[{"href":"https:\/\/endhivdallascounty.org\/es\/wp-json\/wp\/v2\/pages\/1261","targetHints":{"allow":["GET"]}}],"collection":[{"href":"https:\/\/endhivdallascounty.org\/es\/wp-json\/wp\/v2\/pages"}],"about":[{"href":"https:\/\/endhivdallascounty.org\/es\/wp-json\/wp\/v2\/types\/page"}],"author":[{"embeddable":true,"href":"https:\/\/endhivdallascounty.org\/es\/wp-json\/wp\/v2\/users\/1"}],"replies":[{"embeddable":true,"href":"https:\/\/endhivdallascounty.org\/es\/wp-json\/wp\/v2\/comments?post=1261"}],"version-history":[{"count":9,"href":"https:\/\/endhivdallascounty.org\/es\/wp-json\/wp\/v2\/pages\/1261\/revisions"}],"predecessor-version":[{"id":4210,"href":"https:\/\/endhivdallascounty.org\/es\/wp-json\/wp\/v2\/pages\/1261\/revisions\/4210"}],"wp:attachment":[{"href":"https:\/\/endhivdallascounty.org\/es\/wp-json\/wp\/v2\/media?parent=1261"}],"curies":[{"name":"wp","href":"https:\/\/api.w.org\/{rel}","templated":true}]}}