{"id":1259,"date":"2022-06-27T06:42:18","date_gmt":"2022-06-27T06:42:18","guid":{"rendered":"https:\/\/end-hiv.local\/la-mision\/"},"modified":"2025-03-07T17:54:16","modified_gmt":"2025-03-07T17:54:16","slug":"la-mision","status":"publish","type":"page","link":"https:\/\/endhivdallascounty.org\/es\/la-mision\/","title":{"rendered":"La Misi\u00f3n"},"content":{"rendered":"<div class=\"tw:bg-black\">\n  <div class=\"tw:@container tw:relative tw:max-w-[2370px] tw:mx-auto\">\n    <img decoding=\"async\" width=\"2000\" height=\"580\" data-src=\"https:\/\/endhivdallascounty.org\/wp-content\/uploads\/2025\/03\/mission-mission.jpg\" class=\"tw:hidden tw:xl:block tw:pointer-events-none tw:select-none tw:w-full tw:aspect-40\/11 tw:object-cover tw:object-center lazyload\" alt=\"\" data-srcset=\"https:\/\/endhivdallascounty.org\/wp-content\/uploads\/2025\/03\/mission-mission.jpg 2000w, https:\/\/endhivdallascounty.org\/wp-content\/uploads\/2025\/03\/mission-mission-300x87.jpg 300w, https:\/\/endhivdallascounty.org\/wp-content\/uploads\/2025\/03\/mission-mission-1024x297.jpg 1024w, https:\/\/endhivdallascounty.org\/wp-content\/uploads\/2025\/03\/mission-mission-768x223.jpg 768w, https:\/\/endhivdallascounty.org\/wp-content\/uploads\/2025\/03\/mission-mission-1536x445.jpg 1536w, https:\/\/endhivdallascounty.org\/wp-content\/uploads\/2025\/03\/mission-mission-500x145.jpg 500w\" data-sizes=\"(max-width: 2000px) 100vw, 2000px\" src=\"data:image\/svg+xml;base64,PHN2ZyB3aWR0aD0iMSIgaGVpZ2h0PSIxIiB4bWxucz0iaHR0cDovL3d3dy53My5vcmcvMjAwMC9zdmciPjwvc3ZnPg==\" style=\"--smush-placeholder-width: 2000px; --smush-placeholder-aspect-ratio: 2000\/580;\" \/><img decoding=\"async\" width=\"2000\" height=\"580\" data-src=\"https:\/\/endhivdallascounty.org\/wp-content\/uploads\/2025\/03\/mission-mission.jpg\" class=\"tw:xl:!hidden tw:pointer-events-none tw:select-none tw:w-full tw:aspect-384\/193 tw:object-cover tw:object-center lazyload\" alt=\"\" data-srcset=\"https:\/\/endhivdallascounty.org\/wp-content\/uploads\/2025\/03\/mission-mission.jpg 2000w, https:\/\/endhivdallascounty.org\/wp-content\/uploads\/2025\/03\/mission-mission-300x87.jpg 300w, https:\/\/endhivdallascounty.org\/wp-content\/uploads\/2025\/03\/mission-mission-1024x297.jpg 1024w, https:\/\/endhivdallascounty.org\/wp-content\/uploads\/2025\/03\/mission-mission-768x223.jpg 768w, https:\/\/endhivdallascounty.org\/wp-content\/uploads\/2025\/03\/mission-mission-1536x445.jpg 1536w, https:\/\/endhivdallascounty.org\/wp-content\/uploads\/2025\/03\/mission-mission-500x145.jpg 500w\" data-sizes=\"(max-width: 2000px) 100vw, 2000px\" src=\"data:image\/svg+xml;base64,PHN2ZyB3aWR0aD0iMSIgaGVpZ2h0PSIxIiB4bWxucz0iaHR0cDovL3d3dy53My5vcmcvMjAwMC9zdmciPjwvc3ZnPg==\" style=\"--smush-placeholder-width: 2000px; --smush-placeholder-aspect-ratio: 2000\/580;\" \/>\n                <h1\n        class=\"tw:!text-[9.4cqw] tw:xl:!text-[min(6.3cqw,150px)] tw:font-bangers tw:absolute tw:top-1\/2 tw:-translate-y-1\/2 tw:left-[5%] tw:xl:left-[15%] tw:!text-white tw:!leading-[.85]\">\n        LA <br \/>\r\nMISI\u00d3N      <\/h1>\n      <\/div>\n<\/div>\n\n\n  \n  <div class=\"body-block the-mission tw:bg-ehe-dark-blue\" >\n    <div class=\"container\">\n              \n\n  <div class=\"text-block\">\n          <div class=\"header\">\n                              <h1 class=\"title\">La Misi\u00f3n Comienza aqu\u00ed.<\/h1>\n                        <\/div>\n    \n    <div class=\"content\">\n              <p>El Condado de Dallas ha adoptado una postura acerca de la salud sexual y la prevenci\u00f3n contra las ITS y el VIH para ayudar a contribuir a una comunidad m\u00e1s saludable y mejorar la calidad de vida de nuestros residentes. La misi\u00f3n comienza al hablar acerca de c\u00f3mo podemos prevenir y tratar las ITS en el Condado de Dallas.<\/p>\n<p>Claro que puede ser inc\u00f3modo hablar acerca de la salud sexual, pero necesitamos hablar acerca de ITS y VIH. Mientras que nos enfocamos en los ITS en general, el VIH es especial porque no hay una cura y puede tener un impacto que cambia la vida de quien lo contrae. Es por eso que el Condado de Dallas participa en el La estrategia nacional <u>HIV\/AIDS para Acabar con la Epidemia del VIH<\/u>.<\/p>\n<p>\u00bfSab\u00edas que puedes vivir una vida sana con VIH?\u00a0 Si no lo sab\u00edas es porque no hablamos lo suficiente acerca de la salud sexual. Y cuando no hablamos de esto, contribuimos al creciente problema de desinformaci\u00f3n y estigma del comportamiento. \u00bfSabias que 1 de cada 8 personas que tienen VIH no lo saben? Es m\u00e1s, hab\u00eda 21,065 personas en el Condado de Dallas viviendo con VIH en el 2022. Esa es una cantidad significativa para un solo condado. Si nunca te has hecho la prueba, ahora es el momento.<\/p>\n<p>Podemos acabar con los diagn\u00f3sticos de las ITS y el VIH trabajando juntos.<\/p>\n      \n      \n      \n    <\/div>\n  <\/div>\n\n\n\n          <\/div>\n  <\/div>\n\n","protected":false},"excerpt":{"rendered":"","protected":false},"author":1,"featured_media":0,"parent":0,"menu_order":0,"comment_status":"closed","ping_status":"closed","template":"templates\/the-mission.php","meta":{"_acf_changed":false,"content-type":"","footnotes":""},"class_list":["post-1259","page","type-page","status-publish","hentry"],"acf":[],"yoast_head":"<!-- This site is optimized with the Yoast SEO plugin v27.5 - https:\/\/yoast.com\/product\/yoast-seo-wordpress\/ -->\n<title>La misi\u00f3n de acabar con la epidemia del VIH | Acabar con el VIH Condado de Dallas<\/title>\n<meta name=\"description\" content=\"El condado de Dallas tiene la misi\u00f3n de acabar con la epidemia de VIH. Y empieza hablando de c\u00f3mo podemos prevenir, tratar y acabar con el VIH para 2030 en el condado de Dallas, Texas.\" \/>\n<meta name=\"robots\" content=\"index, follow, max-snippet:-1, max-image-preview:large, max-video-preview:-1\" \/>\n<link rel=\"canonical\" href=\"https:\/\/endhivdallascounty.org\/es\/la-mision\/\" \/>\n<meta property=\"og:locale\" content=\"es_ES\" \/>\n<meta property=\"og:type\" content=\"article\" \/>\n<meta property=\"og:title\" content=\"La misi\u00f3n de acabar con la epidemia del VIH | Acabar con el VIH Condado de Dallas\" \/>\n<meta property=\"og:description\" content=\"El condado de Dallas tiene la misi\u00f3n de acabar con la epidemia de VIH. Y empieza hablando de c\u00f3mo podemos prevenir, tratar y acabar con el VIH para 2030 en el condado de Dallas, Texas.\" \/>\n<meta property=\"og:url\" content=\"https:\/\/endhivdallascounty.org\/es\/la-mision\/\" \/>\n<meta property=\"og:site_name\" content=\"End HIV\" \/>\n<meta property=\"article:modified_time\" content=\"2025-03-07T17:54:16+00:00\" \/>\n<meta name=\"twitter:card\" content=\"summary_large_image\" \/>\n<script type=\"application\/ld+json\" class=\"yoast-schema-graph\">{\"@context\":\"https:\\\/\\\/schema.org\",\"@graph\":[{\"@type\":\"WebPage\",\"@id\":\"https:\\\/\\\/endhivdallascounty.org\\\/es\\\/la-mision\\\/\",\"url\":\"https:\\\/\\\/endhivdallascounty.org\\\/es\\\/la-mision\\\/\",\"name\":\"La misi\u00f3n de acabar con la epidemia del VIH | Acabar con el VIH Condado de Dallas\",\"isPartOf\":{\"@id\":\"https:\\\/\\\/endhivdallascounty.org\\\/#website\"},\"datePublished\":\"2022-06-27T06:42:18+00:00\",\"dateModified\":\"2025-03-07T17:54:16+00:00\",\"description\":\"El condado de Dallas tiene la misi\u00f3n de acabar con la epidemia de VIH. Y empieza hablando de c\u00f3mo podemos prevenir, tratar y acabar con el VIH para 2030 en el condado de Dallas, Texas.\",\"breadcrumb\":{\"@id\":\"https:\\\/\\\/endhivdallascounty.org\\\/es\\\/la-mision\\\/#breadcrumb\"},\"inLanguage\":\"es\",\"potentialAction\":[{\"@type\":\"ReadAction\",\"target\":[\"https:\\\/\\\/endhivdallascounty.org\\\/es\\\/la-mision\\\/\"]}]},{\"@type\":\"BreadcrumbList\",\"@id\":\"https:\\\/\\\/endhivdallascounty.org\\\/es\\\/la-mision\\\/#breadcrumb\",\"itemListElement\":[{\"@type\":\"ListItem\",\"position\":1,\"name\":\"Home\",\"item\":\"https:\\\/\\\/endhivdallascounty.org\\\/es\\\/\"},{\"@type\":\"ListItem\",\"position\":2,\"name\":\"La Misi\u00f3n\"}]},{\"@type\":\"WebSite\",\"@id\":\"https:\\\/\\\/endhivdallascounty.org\\\/#website\",\"url\":\"https:\\\/\\\/endhivdallascounty.org\\\/\",\"name\":\"End HIV\",\"description\":\"Just another WordPress site\",\"publisher\":{\"@id\":\"https:\\\/\\\/endhivdallascounty.org\\\/#organization\"},\"potentialAction\":[{\"@type\":\"SearchAction\",\"target\":{\"@type\":\"EntryPoint\",\"urlTemplate\":\"https:\\\/\\\/endhivdallascounty.org\\\/?s={search_term_string}\"},\"query-input\":{\"@type\":\"PropertyValueSpecification\",\"valueRequired\":true,\"valueName\":\"search_term_string\"}}],\"inLanguage\":\"es\"},{\"@type\":\"Organization\",\"@id\":\"https:\\\/\\\/endhivdallascounty.org\\\/#organization\",\"name\":\"End HIV Dallas County\",\"url\":\"https:\\\/\\\/endhivdallascounty.org\\\/\",\"logo\":{\"@type\":\"ImageObject\",\"inLanguage\":\"es\",\"@id\":\"https:\\\/\\\/endhivdallascounty.org\\\/#\\\/schema\\\/logo\\\/image\\\/\",\"url\":\"https:\\\/\\\/endhivdallascounty.org\\\/wp-content\\\/uploads\\\/2022\\\/01\\\/endhiv-logo.png\",\"contentUrl\":\"https:\\\/\\\/endhivdallascounty.org\\\/wp-content\\\/uploads\\\/2022\\\/01\\\/endhiv-logo.png\",\"width\":345,\"height\":103,\"caption\":\"End HIV Dallas County\"},\"image\":{\"@id\":\"https:\\\/\\\/endhivdallascounty.org\\\/#\\\/schema\\\/logo\\\/image\\\/\"}}]}<\/script>\n<!-- \/ Yoast SEO plugin. -->","yoast_head_json":{"title":"La misi\u00f3n de acabar con la epidemia del VIH | Acabar con el VIH Condado de Dallas","description":"El condado de Dallas tiene la misi\u00f3n de acabar con la epidemia de VIH. Y empieza hablando de c\u00f3mo podemos prevenir, tratar y acabar con el VIH para 2030 en el condado de Dallas, Texas.","robots":{"index":"index","follow":"follow","max-snippet":"max-snippet:-1","max-image-preview":"max-image-preview:large","max-video-preview":"max-video-preview:-1"},"canonical":"https:\/\/endhivdallascounty.org\/es\/la-mision\/","og_locale":"es_ES","og_type":"article","og_title":"La misi\u00f3n de acabar con la epidemia del VIH | Acabar con el VIH Condado de Dallas","og_description":"El condado de Dallas tiene la misi\u00f3n de acabar con la epidemia de VIH. Y empieza hablando de c\u00f3mo podemos prevenir, tratar y acabar con el VIH para 2030 en el condado de Dallas, Texas.","og_url":"https:\/\/endhivdallascounty.org\/es\/la-mision\/","og_site_name":"End HIV","article_modified_time":"2025-03-07T17:54:16+00:00","twitter_card":"summary_large_image","schema":{"@context":"https:\/\/schema.org","@graph":[{"@type":"WebPage","@id":"https:\/\/endhivdallascounty.org\/es\/la-mision\/","url":"https:\/\/endhivdallascounty.org\/es\/la-mision\/","name":"La misi\u00f3n de acabar con la epidemia del VIH | Acabar con el VIH Condado de Dallas","isPartOf":{"@id":"https:\/\/endhivdallascounty.org\/#website"},"datePublished":"2022-06-27T06:42:18+00:00","dateModified":"2025-03-07T17:54:16+00:00","description":"El condado de Dallas tiene la misi\u00f3n de acabar con la epidemia de VIH. Y empieza hablando de c\u00f3mo podemos prevenir, tratar y acabar con el VIH para 2030 en el condado de Dallas, Texas.","breadcrumb":{"@id":"https:\/\/endhivdallascounty.org\/es\/la-mision\/#breadcrumb"},"inLanguage":"es","potentialAction":[{"@type":"ReadAction","target":["https:\/\/endhivdallascounty.org\/es\/la-mision\/"]}]},{"@type":"BreadcrumbList","@id":"https:\/\/endhivdallascounty.org\/es\/la-mision\/#breadcrumb","itemListElement":[{"@type":"ListItem","position":1,"name":"Home","item":"https:\/\/endhivdallascounty.org\/es\/"},{"@type":"ListItem","position":2,"name":"La Misi\u00f3n"}]},{"@type":"WebSite","@id":"https:\/\/endhivdallascounty.org\/#website","url":"https:\/\/endhivdallascounty.org\/","name":"End HIV","description":"Just another WordPress site","publisher":{"@id":"https:\/\/endhivdallascounty.org\/#organization"},"potentialAction":[{"@type":"SearchAction","target":{"@type":"EntryPoint","urlTemplate":"https:\/\/endhivdallascounty.org\/?s={search_term_string}"},"query-input":{"@type":"PropertyValueSpecification","valueRequired":true,"valueName":"search_term_string"}}],"inLanguage":"es"},{"@type":"Organization","@id":"https:\/\/endhivdallascounty.org\/#organization","name":"End HIV Dallas County","url":"https:\/\/endhivdallascounty.org\/","logo":{"@type":"ImageObject","inLanguage":"es","@id":"https:\/\/endhivdallascounty.org\/#\/schema\/logo\/image\/","url":"https:\/\/endhivdallascounty.org\/wp-content\/uploads\/2022\/01\/endhiv-logo.png","contentUrl":"https:\/\/endhivdallascounty.org\/wp-content\/uploads\/2022\/01\/endhiv-logo.png","width":345,"height":103,"caption":"End HIV Dallas County"},"image":{"@id":"https:\/\/endhivdallascounty.org\/#\/schema\/logo\/image\/"}}]}},"_links":{"self":[{"href":"https:\/\/endhivdallascounty.org\/es\/wp-json\/wp\/v2\/pages\/1259","targetHints":{"allow":["GET"]}}],"collection":[{"href":"https:\/\/endhivdallascounty.org\/es\/wp-json\/wp\/v2\/pages"}],"about":[{"href":"https:\/\/endhivdallascounty.org\/es\/wp-json\/wp\/v2\/types\/page"}],"author":[{"embeddable":true,"href":"https:\/\/endhivdallascounty.org\/es\/wp-json\/wp\/v2\/users\/1"}],"replies":[{"embeddable":true,"href":"https:\/\/endhivdallascounty.org\/es\/wp-json\/wp\/v2\/comments?post=1259"}],"version-history":[{"count":7,"href":"https:\/\/endhivdallascounty.org\/es\/wp-json\/wp\/v2\/pages\/1259\/revisions"}],"predecessor-version":[{"id":4207,"href":"https:\/\/endhivdallascounty.org\/es\/wp-json\/wp\/v2\/pages\/1259\/revisions\/4207"}],"wp:attachment":[{"href":"https:\/\/endhivdallascounty.org\/es\/wp-json\/wp\/v2\/media?parent=1259"}],"curies":[{"name":"wp","href":"https:\/\/api.w.org\/{rel}","templated":true}]}}