{"id":1241,"date":"2022-06-27T06:44:08","date_gmt":"2022-06-27T06:44:08","guid":{"rendered":"https:\/\/end-hiv.local\/watch-n-learn\/"},"modified":"2025-03-07T21:46:01","modified_gmt":"2025-03-07T21:46:01","slug":"watch-n-learn","status":"publish","type":"page","link":"https:\/\/endhivdallascounty.org\/es\/watch-n-learn\/","title":{"rendered":"Watch-N-Learn"},"content":{"rendered":"<div class=\"tw:bg-black\">\n  <div class=\"tw:@container tw:relative tw:max-w-[2370px] tw:mx-auto\">\n    <img decoding=\"async\" width=\"2000\" height=\"580\" data-src=\"https:\/\/endhivdallascounty.org\/wp-content\/uploads\/2025\/03\/watch-and-learn.jpg\" class=\"tw:hidden tw:xl:block tw:pointer-events-none tw:select-none tw:w-full tw:aspect-40\/11 tw:object-cover tw:object-right lazyload\" alt=\"\" data-srcset=\"https:\/\/endhivdallascounty.org\/wp-content\/uploads\/2025\/03\/watch-and-learn.jpg 2000w, https:\/\/endhivdallascounty.org\/wp-content\/uploads\/2025\/03\/watch-and-learn-300x87.jpg 300w, https:\/\/endhivdallascounty.org\/wp-content\/uploads\/2025\/03\/watch-and-learn-1024x297.jpg 1024w, https:\/\/endhivdallascounty.org\/wp-content\/uploads\/2025\/03\/watch-and-learn-768x223.jpg 768w, https:\/\/endhivdallascounty.org\/wp-content\/uploads\/2025\/03\/watch-and-learn-1536x445.jpg 1536w, https:\/\/endhivdallascounty.org\/wp-content\/uploads\/2025\/03\/watch-and-learn-500x145.jpg 500w\" data-sizes=\"(max-width: 2000px) 100vw, 2000px\" src=\"data:image\/svg+xml;base64,PHN2ZyB3aWR0aD0iMSIgaGVpZ2h0PSIxIiB4bWxucz0iaHR0cDovL3d3dy53My5vcmcvMjAwMC9zdmciPjwvc3ZnPg==\" style=\"--smush-placeholder-width: 2000px; --smush-placeholder-aspect-ratio: 2000\/580;\" \/><img decoding=\"async\" width=\"2000\" height=\"580\" data-src=\"https:\/\/endhivdallascounty.org\/wp-content\/uploads\/2025\/03\/watch-and-learn.jpg\" class=\"tw:xl:!hidden tw:pointer-events-none tw:select-none tw:w-full tw:aspect-384\/193 tw:object-cover tw:object-right lazyload\" alt=\"\" data-srcset=\"https:\/\/endhivdallascounty.org\/wp-content\/uploads\/2025\/03\/watch-and-learn.jpg 2000w, https:\/\/endhivdallascounty.org\/wp-content\/uploads\/2025\/03\/watch-and-learn-300x87.jpg 300w, https:\/\/endhivdallascounty.org\/wp-content\/uploads\/2025\/03\/watch-and-learn-1024x297.jpg 1024w, https:\/\/endhivdallascounty.org\/wp-content\/uploads\/2025\/03\/watch-and-learn-768x223.jpg 768w, https:\/\/endhivdallascounty.org\/wp-content\/uploads\/2025\/03\/watch-and-learn-1536x445.jpg 1536w, https:\/\/endhivdallascounty.org\/wp-content\/uploads\/2025\/03\/watch-and-learn-500x145.jpg 500w\" data-sizes=\"(max-width: 2000px) 100vw, 2000px\" src=\"data:image\/svg+xml;base64,PHN2ZyB3aWR0aD0iMSIgaGVpZ2h0PSIxIiB4bWxucz0iaHR0cDovL3d3dy53My5vcmcvMjAwMC9zdmciPjwvc3ZnPg==\" style=\"--smush-placeholder-width: 2000px; --smush-placeholder-aspect-ratio: 2000\/580;\" \/>\n                <h1\n        class=\"tw:!text-[9.4cqw] tw:xl:!text-[min(6.3cqw,150px)] tw:font-bangers tw:absolute tw:top-1\/2 tw:-translate-y-1\/2 tw:left-[5%] tw:xl:left-[15%] tw:!text-ehe-dark-blue tw:!leading-[.85]\">\n        VE Y <br \/>\r\nAPRENDE      <\/h1>\n      <\/div>\n<\/div>\n\n\n  \n  <div class=\"body-block watch-and-learn \" style=\"background-color: #88d6ed;\">\n    <div class=\"container\">\n              \n\n  <div class=\"text-block\">\n    \n    <div class=\"content\">\n              <p>\u00bfBuscas m\u00e1s educaci\u00f3n e informaci\u00f3n? Ve estos videos para informarte y sentirte inspirado. Estos videos cubren temas esenciales como el hacerte la prueba y tratamientos, adem\u00e1s del PrEP con mucha informaci\u00f3n sobre c\u00f3mo mantenerte seguro. Educarte a ti mismo y a los dem\u00e1s es una gran manera de acabar con la epidemia del VIH para el 2030.<\/p>\n      \n      \n      \n    <\/div>\n  <\/div>\n\n\n\n          <\/div>\n  <\/div>\n\n\n\n\n  \n  <div class=\"body-block watch-and-learn \" style=\"background-color: #006ba6;\">\n    <div class=\"container\">\n              \n\n  <div class=\"video-container\">\n    <div class=\"header\">\n      <h2 class=\"title\">\n        PRUEBA      <\/h2>\n    <\/div>\n    <div class=\"body\">\n      <div class=\"row\">\n                              <div class=\"col-sm-6\">\n              <div class=\"video-block\">\n                <iframe data-src=\"https:\/\/www.youtube.com\/embed\/PViOAZWKqRc\" title=\"YouTube video player\" frameborder=\"0\" src=\"data:image\/svg+xml;base64,PHN2ZyB3aWR0aD0iMSIgaGVpZ2h0PSIxIiB4bWxucz0iaHR0cDovL3d3dy53My5vcmcvMjAwMC9zdmciPjwvc3ZnPg==\" class=\"lazyload\" data-load-mode=\"1\"><\/iframe>\n              <\/div>\n            <\/div>\n                        <\/div>\n    <\/div>\n\n  \n\n          <\/div>\n  <\/div>\n\n\n\n\n  \n  <div class=\"body-block watch-and-learn \" style=\"background-color: #dd4a80;\">\n    <div class=\"container\">\n              \n\n  <div class=\"video-container\">\n    <div class=\"header\">\n      <h2 class=\"title\">\n        HABLA      <\/h2>\n    <\/div>\n    <div class=\"body\">\n      <div class=\"row\">\n                              <div class=\"col-sm-6\">\n              <div class=\"video-block\">\n                <iframe data-src=\"https:\/\/www.youtube.com\/embed\/2Ymkx2kjBfA\" title=\"YouTube video player\" frameborder=\"0\" src=\"data:image\/svg+xml;base64,PHN2ZyB3aWR0aD0iMSIgaGVpZ2h0PSIxIiB4bWxucz0iaHR0cDovL3d3dy53My5vcmcvMjAwMC9zdmciPjwvc3ZnPg==\" class=\"lazyload\" data-load-mode=\"1\"><\/iframe>\n              <\/div>\n            <\/div>\n                      <div class=\"col-sm-6\">\n              <div class=\"video-block\">\n                <iframe data-src=\"https:\/\/www.youtube.com\/embed\/flPXxeDwlAo\" title=\"YouTube video player\" frameborder=\"0\" src=\"data:image\/svg+xml;base64,PHN2ZyB3aWR0aD0iMSIgaGVpZ2h0PSIxIiB4bWxucz0iaHR0cDovL3d3dy53My5vcmcvMjAwMC9zdmciPjwvc3ZnPg==\" class=\"lazyload\" data-load-mode=\"1\"><\/iframe>\n              <\/div>\n            <\/div>\n                        <\/div>\n    <\/div>\n\n  \n\n          <\/div>\n  <\/div>\n\n\n\n\n  \n  <div class=\"body-block watch-and-learn \" style=\"background-color: #62b777;\">\n    <div class=\"container\">\n              \n\n  <div class=\"video-container\">\n    <div class=\"header\">\n      <h2 class=\"title\">\n        EMPODERAMIENTO      <\/h2>\n    <\/div>\n    <div class=\"body\">\n      <div class=\"row\">\n                              <div class=\"col-sm-6\">\n              <div class=\"video-block\">\n                <iframe data-src=\"https:\/\/www.youtube.com\/embed\/xdsf42U2nFM\" title=\"YouTube video player\" frameborder=\"0\" src=\"data:image\/svg+xml;base64,PHN2ZyB3aWR0aD0iMSIgaGVpZ2h0PSIxIiB4bWxucz0iaHR0cDovL3d3dy53My5vcmcvMjAwMC9zdmciPjwvc3ZnPg==\" class=\"lazyload\" data-load-mode=\"1\"><\/iframe>\n              <\/div>\n            <\/div>\n                      <div class=\"col-sm-6\">\n              <div class=\"video-block\">\n                <iframe data-src=\"https:\/\/www.youtube.com\/embed\/J6UOnZ0AmEs\" title=\"YouTube video player\" frameborder=\"0\" src=\"data:image\/svg+xml;base64,PHN2ZyB3aWR0aD0iMSIgaGVpZ2h0PSIxIiB4bWxucz0iaHR0cDovL3d3dy53My5vcmcvMjAwMC9zdmciPjwvc3ZnPg==\" class=\"lazyload\" data-load-mode=\"1\"><\/iframe>\n              <\/div>\n            <\/div>\n                      <div class=\"col-sm-6\">\n              <div class=\"video-block\">\n                <iframe data-src=\"https:\/\/www.youtube.com\/embed\/FnAYKWCMdZw\" title=\"YouTube video player\" frameborder=\"0\" src=\"data:image\/svg+xml;base64,PHN2ZyB3aWR0aD0iMSIgaGVpZ2h0PSIxIiB4bWxucz0iaHR0cDovL3d3dy53My5vcmcvMjAwMC9zdmciPjwvc3ZnPg==\" class=\"lazyload\" data-load-mode=\"1\"><\/iframe>\n              <\/div>\n            <\/div>\n                        <\/div>\n    <\/div>\n\n  \n\n          <\/div>\n  <\/div>\n\n","protected":false},"excerpt":{"rendered":"","protected":false},"author":1,"featured_media":0,"parent":0,"menu_order":0,"comment_status":"closed","ping_status":"closed","template":"templates\/watch-n-learn.php","meta":{"_acf_changed":false,"content-type":"","footnotes":""},"class_list":["post-1241","page","type-page","status-publish","hentry"],"acf":[],"yoast_head":"<!-- This site is optimized with the Yoast SEO plugin v27.5 - https:\/\/yoast.com\/product\/yoast-seo-wordpress\/ -->\n<title>Vea videos informativos sobre c\u00f3mo hacerse pruebas, tratamientos y m\u00e1s<\/title>\n<meta name=\"description\" content=\"Explore videos educativos enriquecedores sobre temas esenciales como pruebas, tratamiento y una descripci\u00f3n animada de la PrEP. D\u00e9 el primer paso para poner fin a la epidemia del VIH aprendiendo y compartiendo conocimientos\" \/>\n<meta name=\"robots\" content=\"index, follow, max-snippet:-1, max-image-preview:large, max-video-preview:-1\" \/>\n<link rel=\"canonical\" href=\"https:\/\/endhivdallascounty.org\/es\/watch-n-learn\/\" \/>\n<meta property=\"og:locale\" content=\"es_ES\" \/>\n<meta property=\"og:type\" content=\"article\" \/>\n<meta property=\"og:title\" content=\"Vea videos informativos sobre c\u00f3mo hacerse pruebas, tratamientos y m\u00e1s\" \/>\n<meta property=\"og:description\" content=\"Explore videos educativos enriquecedores sobre temas esenciales como pruebas, tratamiento y una descripci\u00f3n animada de la PrEP. D\u00e9 el primer paso para poner fin a la epidemia del VIH aprendiendo y compartiendo conocimientos\" \/>\n<meta property=\"og:url\" content=\"https:\/\/endhivdallascounty.org\/es\/watch-n-learn\/\" \/>\n<meta property=\"og:site_name\" content=\"End HIV\" \/>\n<meta property=\"article:modified_time\" content=\"2025-03-07T21:46:01+00:00\" \/>\n<meta name=\"twitter:card\" content=\"summary_large_image\" \/>\n<script type=\"application\/ld+json\" class=\"yoast-schema-graph\">{\"@context\":\"https:\\\/\\\/schema.org\",\"@graph\":[{\"@type\":\"WebPage\",\"@id\":\"https:\\\/\\\/endhivdallascounty.org\\\/es\\\/watch-n-learn\\\/\",\"url\":\"https:\\\/\\\/endhivdallascounty.org\\\/es\\\/watch-n-learn\\\/\",\"name\":\"Vea videos informativos sobre c\u00f3mo hacerse pruebas, tratamientos y m\u00e1s\",\"isPartOf\":{\"@id\":\"https:\\\/\\\/endhivdallascounty.org\\\/#website\"},\"datePublished\":\"2022-06-27T06:44:08+00:00\",\"dateModified\":\"2025-03-07T21:46:01+00:00\",\"description\":\"Explore videos educativos enriquecedores sobre temas esenciales como pruebas, tratamiento y una descripci\u00f3n animada de la PrEP. D\u00e9 el primer paso para poner fin a la epidemia del VIH aprendiendo y compartiendo conocimientos\",\"breadcrumb\":{\"@id\":\"https:\\\/\\\/endhivdallascounty.org\\\/es\\\/watch-n-learn\\\/#breadcrumb\"},\"inLanguage\":\"es\",\"potentialAction\":[{\"@type\":\"ReadAction\",\"target\":[\"https:\\\/\\\/endhivdallascounty.org\\\/es\\\/watch-n-learn\\\/\"]}]},{\"@type\":\"BreadcrumbList\",\"@id\":\"https:\\\/\\\/endhivdallascounty.org\\\/es\\\/watch-n-learn\\\/#breadcrumb\",\"itemListElement\":[{\"@type\":\"ListItem\",\"position\":1,\"name\":\"Home\",\"item\":\"https:\\\/\\\/endhivdallascounty.org\\\/es\\\/\"},{\"@type\":\"ListItem\",\"position\":2,\"name\":\"Watch-N-Learn\"}]},{\"@type\":\"WebSite\",\"@id\":\"https:\\\/\\\/endhivdallascounty.org\\\/#website\",\"url\":\"https:\\\/\\\/endhivdallascounty.org\\\/\",\"name\":\"End HIV\",\"description\":\"Just another WordPress site\",\"publisher\":{\"@id\":\"https:\\\/\\\/endhivdallascounty.org\\\/#organization\"},\"potentialAction\":[{\"@type\":\"SearchAction\",\"target\":{\"@type\":\"EntryPoint\",\"urlTemplate\":\"https:\\\/\\\/endhivdallascounty.org\\\/?s={search_term_string}\"},\"query-input\":{\"@type\":\"PropertyValueSpecification\",\"valueRequired\":true,\"valueName\":\"search_term_string\"}}],\"inLanguage\":\"es\"},{\"@type\":\"Organization\",\"@id\":\"https:\\\/\\\/endhivdallascounty.org\\\/#organization\",\"name\":\"End HIV Dallas County\",\"url\":\"https:\\\/\\\/endhivdallascounty.org\\\/\",\"logo\":{\"@type\":\"ImageObject\",\"inLanguage\":\"es\",\"@id\":\"https:\\\/\\\/endhivdallascounty.org\\\/#\\\/schema\\\/logo\\\/image\\\/\",\"url\":\"https:\\\/\\\/endhivdallascounty.org\\\/wp-content\\\/uploads\\\/2022\\\/01\\\/endhiv-logo.png\",\"contentUrl\":\"https:\\\/\\\/endhivdallascounty.org\\\/wp-content\\\/uploads\\\/2022\\\/01\\\/endhiv-logo.png\",\"width\":345,\"height\":103,\"caption\":\"End HIV Dallas County\"},\"image\":{\"@id\":\"https:\\\/\\\/endhivdallascounty.org\\\/#\\\/schema\\\/logo\\\/image\\\/\"}}]}<\/script>\n<!-- \/ Yoast SEO plugin. -->","yoast_head_json":{"title":"Vea videos informativos sobre c\u00f3mo hacerse pruebas, tratamientos y m\u00e1s","description":"Explore videos educativos enriquecedores sobre temas esenciales como pruebas, tratamiento y una descripci\u00f3n animada de la PrEP. D\u00e9 el primer paso para poner fin a la epidemia del VIH aprendiendo y compartiendo conocimientos","robots":{"index":"index","follow":"follow","max-snippet":"max-snippet:-1","max-image-preview":"max-image-preview:large","max-video-preview":"max-video-preview:-1"},"canonical":"https:\/\/endhivdallascounty.org\/es\/watch-n-learn\/","og_locale":"es_ES","og_type":"article","og_title":"Vea videos informativos sobre c\u00f3mo hacerse pruebas, tratamientos y m\u00e1s","og_description":"Explore videos educativos enriquecedores sobre temas esenciales como pruebas, tratamiento y una descripci\u00f3n animada de la PrEP. D\u00e9 el primer paso para poner fin a la epidemia del VIH aprendiendo y compartiendo conocimientos","og_url":"https:\/\/endhivdallascounty.org\/es\/watch-n-learn\/","og_site_name":"End HIV","article_modified_time":"2025-03-07T21:46:01+00:00","twitter_card":"summary_large_image","schema":{"@context":"https:\/\/schema.org","@graph":[{"@type":"WebPage","@id":"https:\/\/endhivdallascounty.org\/es\/watch-n-learn\/","url":"https:\/\/endhivdallascounty.org\/es\/watch-n-learn\/","name":"Vea videos informativos sobre c\u00f3mo hacerse pruebas, tratamientos y m\u00e1s","isPartOf":{"@id":"https:\/\/endhivdallascounty.org\/#website"},"datePublished":"2022-06-27T06:44:08+00:00","dateModified":"2025-03-07T21:46:01+00:00","description":"Explore videos educativos enriquecedores sobre temas esenciales como pruebas, tratamiento y una descripci\u00f3n animada de la PrEP. D\u00e9 el primer paso para poner fin a la epidemia del VIH aprendiendo y compartiendo conocimientos","breadcrumb":{"@id":"https:\/\/endhivdallascounty.org\/es\/watch-n-learn\/#breadcrumb"},"inLanguage":"es","potentialAction":[{"@type":"ReadAction","target":["https:\/\/endhivdallascounty.org\/es\/watch-n-learn\/"]}]},{"@type":"BreadcrumbList","@id":"https:\/\/endhivdallascounty.org\/es\/watch-n-learn\/#breadcrumb","itemListElement":[{"@type":"ListItem","position":1,"name":"Home","item":"https:\/\/endhivdallascounty.org\/es\/"},{"@type":"ListItem","position":2,"name":"Watch-N-Learn"}]},{"@type":"WebSite","@id":"https:\/\/endhivdallascounty.org\/#website","url":"https:\/\/endhivdallascounty.org\/","name":"End HIV","description":"Just another WordPress site","publisher":{"@id":"https:\/\/endhivdallascounty.org\/#organization"},"potentialAction":[{"@type":"SearchAction","target":{"@type":"EntryPoint","urlTemplate":"https:\/\/endhivdallascounty.org\/?s={search_term_string}"},"query-input":{"@type":"PropertyValueSpecification","valueRequired":true,"valueName":"search_term_string"}}],"inLanguage":"es"},{"@type":"Organization","@id":"https:\/\/endhivdallascounty.org\/#organization","name":"End HIV Dallas County","url":"https:\/\/endhivdallascounty.org\/","logo":{"@type":"ImageObject","inLanguage":"es","@id":"https:\/\/endhivdallascounty.org\/#\/schema\/logo\/image\/","url":"https:\/\/endhivdallascounty.org\/wp-content\/uploads\/2022\/01\/endhiv-logo.png","contentUrl":"https:\/\/endhivdallascounty.org\/wp-content\/uploads\/2022\/01\/endhiv-logo.png","width":345,"height":103,"caption":"End HIV Dallas County"},"image":{"@id":"https:\/\/endhivdallascounty.org\/#\/schema\/logo\/image\/"}}]}},"_links":{"self":[{"href":"https:\/\/endhivdallascounty.org\/es\/wp-json\/wp\/v2\/pages\/1241","targetHints":{"allow":["GET"]}}],"collection":[{"href":"https:\/\/endhivdallascounty.org\/es\/wp-json\/wp\/v2\/pages"}],"about":[{"href":"https:\/\/endhivdallascounty.org\/es\/wp-json\/wp\/v2\/types\/page"}],"author":[{"embeddable":true,"href":"https:\/\/endhivdallascounty.org\/es\/wp-json\/wp\/v2\/users\/1"}],"replies":[{"embeddable":true,"href":"https:\/\/endhivdallascounty.org\/es\/wp-json\/wp\/v2\/comments?post=1241"}],"version-history":[{"count":10,"href":"https:\/\/endhivdallascounty.org\/es\/wp-json\/wp\/v2\/pages\/1241\/revisions"}],"predecessor-version":[{"id":4260,"href":"https:\/\/endhivdallascounty.org\/es\/wp-json\/wp\/v2\/pages\/1241\/revisions\/4260"}],"wp:attachment":[{"href":"https:\/\/endhivdallascounty.org\/es\/wp-json\/wp\/v2\/media?parent=1241"}],"curies":[{"name":"wp","href":"https:\/\/api.w.org\/{rel}","templated":true}]}}